{"id":17945,"date":"2026-03-18T22:05:10","date_gmt":"2026-03-18T21:05:10","guid":{"rendered":"https:\/\/gltestm.webology.pl\/produkt\/sklenena-rychlovarna-konvice-pk-2018-bila\/"},"modified":"2026-03-22T21:56:13","modified_gmt":"2026-03-22T20:56:13","slug":"sklenena-rychlovarna-konvice-pk-2018-bila","status":"publish","type":"product","link":"https:\/\/gltestm.webology.pl\/cs\/produkt\/sklenena-rychlovarna-konvice-pk-2018-bila\/","title":{"rendered":"Sklen\u011bn\u00e1 rychlovarn\u00e1 konvice PK-2018 &#8211; b\u00edl\u00e1"},"content":{"rendered":"<h2><strong>Rychlovarn\u00e1 konvice Premium PK 2018<\/strong><\/h2>\n<p>Je dobr\u00e9 m\u00edt kolem sebe kr\u00e1sn\u00e9 v\u011bci &#8211; c\u00edt\u00edte se d\u00edky nim l\u00e9pe a \u0161\u0165astn\u011bji. Pokud se nav\u00edc jejich kr\u00e1sa spoj\u00ed s kvalitou, z\u00edsk\u00e1te kombinaci, kter\u00e1 v\u00e1m zaru\u010d\u00ed maxim\u00e1ln\u00ed pohodl\u00ed. Takov\u00e1 je<strong>rychlovarn\u00e1 konvice<\/strong> <strong>\u0141ucznik Premium PK 2018<\/strong>.<\/p>\n<p>U\u017e prvn\u00ed pohled na konvici \u0141ucznik <strong>Premium PK 2018<\/strong> sta\u010d\u00ed k tomu, abyste si uv\u011bdomili, \u017ee m\u00e1me co do \u010din\u011bn\u00ed s mimo\u0159\u00e1dn\u00fdm vybaven\u00edm. Tento dojem vyvol\u00e1vaj\u00ed p\u0159edev\u0161\u00edm <strong>elegantn\u00ed ozdobn\u00e9 dr\u00e1\u017eky pl\u00e1\u0161t\u011b<\/strong>, kter\u00e9 p\u0159ipom\u00ednaj\u00ed tvar jej\u00edch pro\u0161\u00edvan\u00fdch stonk\u016f. Ty byly um\u00edst\u011bny v podstavci a u v\u00edka a p\u0159\u00edjemn\u011b dotv\u00e1\u0159ej\u00ed celou kompozici. Tohle nen\u00ed oby\u010dejn\u00e1 konvice &#8211; tohle je konvice na \u00farovni! Um\u00edst\u011bte ji na viditeln\u00e9 m\u00edsto ve sv\u00e9 kuchyni a dod\u00e1 j\u00ed elegantn\u00ed n\u00e1dech.<\/p>\n<p><span>Kvalita<\/span> <span>elektrick\u00e9ho spot\u0159ebi\u010de<\/span><span> je d\u00e1na p\u0159edev\u0161\u00edm kvalitou jeho <\/span><span>sou\u010d\u00e1st\u00ed. Proto jsme se rozhodli vybavit konvici <strong>Lucznik Premium PK 2018<\/strong><\/span><strong>syst\u00e9mem<\/strong><strong>Strix<\/strong>, co\u017e je<span> kvalitn\u00ed zna\u010dkov\u00fd<\/span><span> regul\u00e1tor, kter\u00fd m\u00e1 na starosti p\u0159enos energie mezi p\u0159\u00edstrojem a jeho z\u00e1kladnou. D\u00edky tomuto \u0159e\u0161en\u00ed je \u017eivotnost p\u0159\u00edstroje del\u0161\u00ed, co\u017e <\/span><span>pro v\u00e1s znamen\u00e1 nejen v\u011bt\u0161\u00ed spokojenost,<\/span><span> ale <\/span><span>tak\u00e9<\/span><span> \u00fasporu <\/span>! <\/p>\n<p><strong>Topn\u00e9 t\u011bleso<\/strong> konvice <strong>Lucznik Premium PK 2018<\/strong> je d\u016fmysln\u011b <strong>ukryto v nerezov\u00e9m dn\u011b<\/strong>, tak\u017ee m\u00e1te pln\u00fd p\u0159ehled o obsahu ve sklen\u011bn\u00e9 n\u00e1dr\u017ece. Jakmile zapnete oh\u0159ev, okam\u017eit\u011b se zespodu rozsv\u00edt\u00ed jemn\u00e9 sv\u011btlo, kter\u00e9 signalizuje, \u017ee spot\u0159ebi\u010d pracuje, a upozor\u0148uje na pozoruhodn\u00fd pohled, kter\u00fd se v\u00e1m naskytne. Postupem \u010dasu, jak se va\u0159en\u00ed bl\u00ed\u017e\u00ed k varu, se p\u0159ed va\u0161ima o\u010dima rozvine skute\u010dn\u00e1 pod\u00edvan\u00e1 pln\u00e1 sv\u011btla a vody.<\/p>\n<p><strong>Oto\u010dn\u00e1 kulat\u00e1 z\u00e1kladna<\/strong> rychlovarn\u00e9 konvice <strong>Lucznik Premium PK 2018 <\/strong>v\u00e1m umo\u017en\u00ed um\u00edstit ji kdekoli v kuchyni nebo kancel\u00e1\u0159i a pohodln\u011b p\u0159istupovat k jej\u00ed rukojeti z obou stran. Samotn\u00e1 rukoje\u0165 je navr\u017eena tak, aby maximalizovala va\u0161i bezpe\u010dnost. Nezah\u0159\u00edv\u00e1 se a d\u00edky sv\u00e9mu tvaru dob\u0159e padne do ruky a minimalizuje riziko pop\u00e1len\u00ed p\u00e1rou. <\/p>\n<p>Bezpe\u010dnost pou\u017e\u00edv\u00e1n\u00ed konvice <strong>Lucznik Premium PK 2018 <\/strong>zvy\u0161uje tak\u00e9<strong>funkce ochrany proti p\u0159eh\u0159\u00e1t\u00ed<\/strong> , kter\u00e1 zabr\u00e1n\u00ed p\u0159ep\u00e1len\u00ed mechanismu.<\/p>\n<p>N\u00e1dr\u017eka na vodu konvice <strong>Lucznik Premium PK 2018 <\/strong>je vyrobena <strong>z borosilikonov\u00e9ho skla <\/strong>vyzna\u010duj\u00edc\u00edho se vysokou toleranc\u00ed v\u016f\u010di teplotn\u00edm zm\u011bn\u00e1m a odolnost\u00ed v\u016f\u010di n\u00e1raz\u016fm, tak\u017ee se nemus\u00edte ob\u00e1vat jej\u00edho po\u0161kozen\u00ed p\u0159i b\u011b\u017en\u00e9m pou\u017e\u00edv\u00e1n\u00ed. Krom\u011b toho nelze tomuto materi\u00e1lu up\u0159\u00edt v\u00fdjime\u010dnou estetiku, dokonalou pr\u016fhlednost a hladkost, co\u017e nejen umoc\u0148uje vzhled, ale tak\u00e9 umo\u017e\u0148uje<strong>rychl\u00e9 a zcela bezprobl\u00e9mov\u00e9<\/strong> \u010di\u0161t\u011bn\u00ed<strong>konvice<\/strong>. Maxim\u00e1ln\u00ed mno\u017estv\u00ed vody, kter\u00e9 n\u00e1dr\u017eka konvice umo\u017e\u0148uje uva\u0159it, je cel\u00fdch  1<strong>,7 litru<\/strong>, co\u017e sta\u010d\u00ed na p\u0159\u00edpravu p\u011bti st\u0159edn\u011b velk\u00fdch \u0161\u00e1lk\u016f k\u00e1vy nebo \u010daje najednou.<\/p>\n<p><strong>Elektrick\u00e1<\/strong><span>konviceLucznik <\/span><strong>Premium PK 2018<\/strong><span> je dod\u00e1v\u00e1na se z\u00e1rukou 24 m\u011bs\u00edc\u016f a n\u00e1vodem k pou\u017eit\u00ed v <\/span><span> pol\u0161tin\u011b a angli\u010dtin\u011b, kter\u00fd byste si m\u011bli p\u0159ed pou\u017eit\u00edm p\u0159e\u010d\u00edst<\/span>.<\/p>\n","protected":false},"excerpt":{"rendered":"<p>Dekorativn\u00ed b\u00edl\u00e1 rychlovarn\u00e1 konvice ze skla se skryt\u00fdm topn\u00fdm t\u011blesem &#8211; elegantn\u00ed a \u0161ik do ka\u017ed\u00e9 kuchyn\u011b!<\/p>\n","protected":false},"featured_media":13830,"comment_status":"open","ping_status":"closed","template":"","meta":[],"product_brand":[],"product_cat":[836],"product_tag":[],"class_list":{"0":"post-17945","1":"product","2":"type-product","3":"status-publish","4":"has-post-thumbnail","6":"product_cat-czajniki","8":"first","9":"instock","10":"taxable","11":"shipping-taxable","12":"purchasable","13":"product-type-simple"},"_links":{"self":[{"href":"https:\/\/gltestm.webology.pl\/cs\/wp-json\/wp\/v2\/product\/17945","targetHints":{"allow":["GET"]}}],"collection":[{"href":"https:\/\/gltestm.webology.pl\/cs\/wp-json\/wp\/v2\/product"}],"about":[{"href":"https:\/\/gltestm.webology.pl\/cs\/wp-json\/wp\/v2\/types\/product"}],"replies":[{"embeddable":true,"href":"https:\/\/gltestm.webology.pl\/cs\/wp-json\/wp\/v2\/comments?post=17945"}],"version-history":[{"count":0,"href":"https:\/\/gltestm.webology.pl\/cs\/wp-json\/wp\/v2\/product\/17945\/revisions"}],"wp:featuredmedia":[{"embeddable":true,"href":"https:\/\/gltestm.webology.pl\/cs\/wp-json\/wp\/v2\/media\/13830"}],"wp:attachment":[{"href":"https:\/\/gltestm.webology.pl\/cs\/wp-json\/wp\/v2\/media?parent=17945"}],"wp:term":[{"taxonomy":"product_brand","embeddable":true,"href":"https:\/\/gltestm.webology.pl\/cs\/wp-json\/wp\/v2\/product_brand?post=17945"},{"taxonomy":"product_cat","embeddable":true,"href":"https:\/\/gltestm.webology.pl\/cs\/wp-json\/wp\/v2\/product_cat?post=17945"},{"taxonomy":"product_tag","embeddable":true,"href":"https:\/\/gltestm.webology.pl\/cs\/wp-json\/wp\/v2\/product_tag?post=17945"}],"curies":[{"name":"wp","href":"https:\/\/api.w.org\/{rel}","templated":true}]}}