{"id":17937,"date":"2026-03-18T22:05:10","date_gmt":"2026-03-18T21:05:10","guid":{"rendered":"https:\/\/gltestm.webology.pl\/produkt\/mixer-s-otocnou-misou-lucznik-ms-2019-outlet\/"},"modified":"2026-03-22T21:17:28","modified_gmt":"2026-03-22T20:17:28","slug":"mixer-s-otocnou-misou-lucznik-ms-2019-outlet","status":"publish","type":"product","link":"https:\/\/gltestm.webology.pl\/cs\/produkt\/mixer-s-otocnou-misou-lucznik-ms-2019-outlet\/","title":{"rendered":"Mix\u00e9r s oto\u010dnou m\u00edsou Lucznik MS-2019 OUTLET"},"content":{"rendered":"<h2><strong>MS-2019 asistent pe\u010den\u00ed<\/strong><\/h2>\n<p><strong><span>Kuchyn\u011b je va\u0161e kr\u00e1lovstv\u00ed, kter\u00e9mu ned\u011bliteln\u011b vl\u00e1dnete a c\u00edt\u00edte se v n\u011bm jako ryba ve vod\u011b? Nebo mo\u017en\u00e1 pr\u00e1v\u011b podnik\u00e1te sv\u00e9 prvn\u00ed kulin\u00e1\u0159sk\u00e9 kr\u016f\u010dky v oblasti pe\u010den\u00ed? M\u00e1me pro v\u00e1s ide\u00e1ln\u00edho pomocn\u00edka, kter\u00fd v\u00e1s ve va\u0161em sna\u017een\u00ed podpo\u0159\u00ed!<\/span><\/strong><\/p>\n<p><strong><span>Mix\u00e9r s oto\u010dnou m\u00edsou MS-2019, jak se mu \u0159\u00edk\u00e1, disponuje <strong>p\u011btistup\u0148ovou regulac\u00ed rychlosti<\/strong>, d\u00edky n\u00ed\u017e m\u016f\u017eete pohodln\u011b p\u0159izp\u016fsobit rychlost <strong>m\u00edch\u00e1n\u00ed<\/strong> nebo <strong>hn\u011bten\u00ed<\/strong> aktu\u00e1ln\u00ed f\u00e1zi p\u0159\u00edpravy t\u011bsta. P\u0159\u00edstroj je tak\u00e9 vybaven <strong>funkc\u00ed TURBO<\/strong>, kter\u00e1 v\u00e1m umo\u017en\u00ed okam\u017eit\u011b jej p\u0159epnout na vy\u0161\u0161\u00ed rychlosti a nejvy\u0161\u0161\u00ed v\u00fdkon.<\/span><\/strong><\/p>\n<h2><strong>Robustn\u00ed, praktick\u00fd spot\u0159ebi\u010d 2 v 1<\/strong><\/h2>\n<p><strong><span>D\u00edky jednoduch\u00fdm, ale \u00fa\u010dinn\u00fdm \u0159e\u0161en\u00edm je MS-2019 <strong>spot\u0159ebi\u010dem 2 v 1<\/strong>, nebo\u0165 se skl\u00e1d\u00e1 z prostorn\u00e9 <strong>3litrov\u00e9 rota\u010dn\u00ed m\u00edsy<\/strong>, pe\u010dliv\u011b zpracovan\u00e9ho robustn\u00edho t\u011bla (v\u010detn\u011b pohybliv\u00e9ho ramene s aretac\u00ed) a k n\u011bmu p\u0159ipojen\u00e9ho mix\u00e9ru. K odpojen\u00ed od t\u011bla sta\u010d\u00ed jedin\u00e9 tla\u010d\u00edtko, \u010d\u00edm\u017e se z rota\u010dn\u00ed m\u00edsy okam\u017eit\u011b stane <strong>ru\u010dn\u00ed mix<\/strong>\u00e9r.<\/span><\/strong><\/p>\n<p><strong><span>Mix\u00e9r je vybaven <strong>dv\u011bma sadami<\/strong> m\u00edchadel &#8211; po dvou m\u00edchadlech na \u0161leh\u00e1n\u00ed a hn\u011bten\u00ed a hn\u011bten\u00ed. D\u016fle\u017eit\u00e9 je, \u017ee jsou odd\u011bliteln\u00e9 pouh\u00fdm stisknut\u00edm tla\u010d\u00edtka. Za zm\u00ednku stoj\u00ed tak\u00e9 to, \u017ee mix\u00e9ry jsou <strong>pochromovan\u00e9<\/strong>, co\u017e znamen\u00e1, \u017ee jsou trvanliv\u011bj\u0161\u00ed a odoln\u011bj\u0161\u00ed proti po\u0161kozen\u00ed ne\u017e ty, kter\u00e9 se nach\u00e1zej\u00ed u spot\u0159ebi\u010d\u016f ni\u017e\u0161\u00edho standardu.<\/span><\/strong><\/p>\n<h2><strong>MS-2019 v\u00e1m bude slou\u017eit dlouh\u00e1 l\u00e9ta<\/strong><\/h2>\n<p><strong><span>Mix\u00e9r MS-19 je za\u0159\u00edzen\u00ed na dlouh\u00e1 l\u00e9ta, kter\u00e9 se bude dob\u0159e hodit do ka\u017ed\u00e9 kuchyn\u011b. D\u00edky sv\u00e9 v\u0161estrannosti je vhodn\u00fd jak pro ty, kte\u0159\u00ed s pe\u010den\u00edm teprve za\u010d\u00ednaj\u00ed, tak pro ty, kte\u0159\u00ed se mu v\u011bnuj\u00ed ji\u017e l\u00e9ta.<\/span><\/strong><\/p>\n<h2>z\u00e1ruka 24 m\u011bs\u00edc\u016f<\/h2>\n<p><span>Na p\u0159\u00edstroj je <\/span><strong>poskytov\u00e1na 24m\u011bs\u00ed\u010dn\u00ed<\/strong><span>z\u00e1rukaa <\/span><strong>n\u00e1vod v polsk\u00e9m jazyce<\/strong>,<span> kter\u00fd je t\u0159eba si p\u0159ed pou\u017eit\u00edm p\u0159\u00edstroje p\u0159e\u010d\u00edst, abyste mohli bezpe\u010dn\u011b a v souladu se sv\u00fdm ur\u010den\u00edm vyu\u017e\u00edvat v\u0161echny jeho schopnosti<\/span>.<\/p>\n","protected":false},"excerpt":{"rendered":"<p>Pe\u010dliv\u011b vyroben\u00fd, jednoduch\u00fd na pou\u017e\u00edv\u00e1n\u00ed, ale \u00fa\u010dinn\u00fd a funk\u010dn\u00ed. Takov\u00fd je mix\u00e9r s oto\u010dnou m\u00edsou Lucznik MS-2019. Kynut\u00fd kol\u00e1\u010d, tvarohov\u00fd kol\u00e1\u010d nebo pi\u0161kot &#8211; s jeho pomoc\u00ed snadno p\u0159iprav\u00edte jak\u00fdkoli dort, mou\u010dn\u00edk nebo kr\u00e9m.<\/p>\n","protected":false},"featured_media":14947,"comment_status":"open","ping_status":"closed","template":"","meta":[],"product_brand":[],"product_cat":[831],"product_tag":[],"class_list":{"0":"post-17937","1":"product","2":"type-product","3":"status-publish","4":"has-post-thumbnail","6":"product_cat-miksery","8":"first","9":"instock","10":"taxable","11":"shipping-taxable","12":"purchasable","13":"product-type-simple"},"_links":{"self":[{"href":"https:\/\/gltestm.webology.pl\/cs\/wp-json\/wp\/v2\/product\/17937","targetHints":{"allow":["GET"]}}],"collection":[{"href":"https:\/\/gltestm.webology.pl\/cs\/wp-json\/wp\/v2\/product"}],"about":[{"href":"https:\/\/gltestm.webology.pl\/cs\/wp-json\/wp\/v2\/types\/product"}],"replies":[{"embeddable":true,"href":"https:\/\/gltestm.webology.pl\/cs\/wp-json\/wp\/v2\/comments?post=17937"}],"version-history":[{"count":0,"href":"https:\/\/gltestm.webology.pl\/cs\/wp-json\/wp\/v2\/product\/17937\/revisions"}],"wp:featuredmedia":[{"embeddable":true,"href":"https:\/\/gltestm.webology.pl\/cs\/wp-json\/wp\/v2\/media\/14947"}],"wp:attachment":[{"href":"https:\/\/gltestm.webology.pl\/cs\/wp-json\/wp\/v2\/media?parent=17937"}],"wp:term":[{"taxonomy":"product_brand","embeddable":true,"href":"https:\/\/gltestm.webology.pl\/cs\/wp-json\/wp\/v2\/product_brand?post=17937"},{"taxonomy":"product_cat","embeddable":true,"href":"https:\/\/gltestm.webology.pl\/cs\/wp-json\/wp\/v2\/product_cat?post=17937"},{"taxonomy":"product_tag","embeddable":true,"href":"https:\/\/gltestm.webology.pl\/cs\/wp-json\/wp\/v2\/product_tag?post=17937"}],"curies":[{"name":"wp","href":"https:\/\/api.w.org\/{rel}","templated":true}]}}