{"id":17921,"date":"2026-03-18T22:05:09","date_gmt":"2026-03-18T21:05:09","guid":{"rendered":"https:\/\/gltestm.webology.pl\/produkt\/elektronicka-koupelnova-vaha-bs-973-w13\/"},"modified":"2026-03-22T21:17:25","modified_gmt":"2026-03-22T20:17:25","slug":"elektronicka-koupelnova-vaha-bs-973-w13","status":"publish","type":"product","link":"https:\/\/gltestm.webology.pl\/cs\/produkt\/elektronicka-koupelnova-vaha-bs-973-w13\/","title":{"rendered":"Elektronick\u00e1 koupelnov\u00e1 v\u00e1ha BS-973 W13"},"content":{"rendered":"<h2>Elektronick\u00e1 koupelnov\u00e1 v\u00e1ha BS-973<\/h2>\n<p>Elektronick\u00e1 koupelnov\u00e1 v\u00e1ha s rozsahem m\u011b\u0159en\u00ed od <strong>0,1<\/strong> do <strong>150 kg<\/strong> (nebo<strong> 330 lb<\/strong> nebo <strong>23,6<\/strong> st.) a p\u0159esnost\u00ed m\u011b\u0159en\u00ed <strong>100 gram\u016f<\/strong>.<\/p>\n<h2>Automatick\u00e9 zapnut\u00ed a samokalibrace<\/h2>\n<p>Elektronick\u00e1 osobn\u00ed v\u00e1ha BS-973 je vybavena <strong>p\u0159ehledn\u00fdm displejem LCD<\/strong>, um\u00ed <strong>se sama kalibrovat<\/strong>, je nap\u00e1jena pouze <strong>jednou lithiovou bateri\u00ed CR2032<\/strong> a je vybavena indik\u00e1tory <strong>p\u0159et\u00ed\u017een\u00ed<\/strong>, stavu <strong>baterie<\/strong> a <strong>chybn\u00e9ho m\u011b\u0159en\u00ed<\/strong>. V\u00e1ha <strong>se automaticky zap<\/strong> ne p\u0159i tlaku a <strong>automaticky se vypne<\/strong> n\u011bkolik sekund po ukon\u010den\u00ed tlaku.<\/p>\n<h2>Kl\u00ed\u010dov\u00e9 vlastnosti<\/h2>\n<ul>\n<li>Maxim\u00e1ln\u00ed hmotnost: <strong>150 kg<\/strong> (330 lb, 23,6 st.)<\/li>\n<li>Povrch: <strong>tvrzen\u00e9 sklo<\/strong><\/li>\n<li>Automatick\u00e9 zapnut\u00ed a vypnut\u00ed<\/li>\n<li><strong>Samokalibrace<\/strong><\/li>\n<li>M\u011b\u0159en\u00ed: kg, lb, st.<\/li>\n<li>\u00dadaj m\u011b\u0159en\u00ed: displej<\/li>\n<li>Typ v\u00e1hy: elektronick\u00e1<\/li>\n<li>Nap\u00e1jen\u00ed: Baterie CR2032 (sou\u010d\u00e1st dod\u00e1vky)<\/li>\n<li>Rozm\u011bry: 30 x 30 cm<\/li>\n<\/ul>\n<h2>Tvrzen\u00e9 sklo s estetickou fotografickou f\u00f3li\u00ed<\/h2>\n<p>Vyrobeno z odoln\u00e9ho <strong>tvrzen\u00e9ho skla<\/strong> pokryt\u00e9ho vkusnou a estetickou fotografickou f\u00f3li\u00ed, kter\u00e1 zp\u0159\u00edjemn\u00ed proces v\u00e1\u017een\u00ed.<\/p>\n","protected":false},"excerpt":{"rendered":"<p>Osobn\u00ed v\u00e1ha s maxim\u00e1ln\u00ed nosnost\u00ed 150 kg, se sklen\u011bnou plo\u0161inou a elektronick\u00fdm LCD displejem.<\/p>\n","protected":false},"featured_media":13656,"comment_status":"open","ping_status":"closed","template":"","meta":[],"product_brand":[],"product_cat":[881],"product_tag":[],"class_list":{"0":"post-17921","1":"product","2":"type-product","3":"status-publish","4":"has-post-thumbnail","6":"product_cat-wagi-lazienkowe","8":"first","9":"instock","10":"taxable","11":"shipping-taxable","12":"purchasable","13":"product-type-simple"},"_links":{"self":[{"href":"https:\/\/gltestm.webology.pl\/cs\/wp-json\/wp\/v2\/product\/17921","targetHints":{"allow":["GET"]}}],"collection":[{"href":"https:\/\/gltestm.webology.pl\/cs\/wp-json\/wp\/v2\/product"}],"about":[{"href":"https:\/\/gltestm.webology.pl\/cs\/wp-json\/wp\/v2\/types\/product"}],"replies":[{"embeddable":true,"href":"https:\/\/gltestm.webology.pl\/cs\/wp-json\/wp\/v2\/comments?post=17921"}],"version-history":[{"count":0,"href":"https:\/\/gltestm.webology.pl\/cs\/wp-json\/wp\/v2\/product\/17921\/revisions"}],"wp:featuredmedia":[{"embeddable":true,"href":"https:\/\/gltestm.webology.pl\/cs\/wp-json\/wp\/v2\/media\/13656"}],"wp:attachment":[{"href":"https:\/\/gltestm.webology.pl\/cs\/wp-json\/wp\/v2\/media?parent=17921"}],"wp:term":[{"taxonomy":"product_brand","embeddable":true,"href":"https:\/\/gltestm.webology.pl\/cs\/wp-json\/wp\/v2\/product_brand?post=17921"},{"taxonomy":"product_cat","embeddable":true,"href":"https:\/\/gltestm.webology.pl\/cs\/wp-json\/wp\/v2\/product_cat?post=17921"},{"taxonomy":"product_tag","embeddable":true,"href":"https:\/\/gltestm.webology.pl\/cs\/wp-json\/wp\/v2\/product_tag?post=17921"}],"curies":[{"name":"wp","href":"https:\/\/api.w.org\/{rel}","templated":true}]}}