{"id":17865,"date":"2026-03-18T22:05:02","date_gmt":"2026-03-18T21:05:02","guid":{"rendered":"https:\/\/gltestm.webology.pl\/produkt\/rukojet-s-baterii-pro-vysavac-op-2018-2\/"},"modified":"2026-03-22T21:17:07","modified_gmt":"2026-03-22T20:17:07","slug":"rukojet-s-baterii-pro-vysavac-op-2018-2","status":"publish","type":"product","link":"https:\/\/gltestm.webology.pl\/cs\/produkt\/rukojet-s-baterii-pro-vysavac-op-2018-2\/","title":{"rendered":"Rukoje\u0165 s bateri\u00ed pro vysava\u010d OP-2018"},"content":{"rendered":"<h2>Kl\u00ed\u010dov\u00e9 vlastnosti<\/h2>\n<ul>\n<li>Vhodn\u00fd pro stojat\u00fd vysava\u010d <span>Lucznik OP-2018<\/span> <span>.<\/span><\/li>\n<li>P\u0159\u00edkon: 85 W<\/li>\n<li>Vstup pro nab\u00edje\u010dku: 100-240 V, 50-60 Hz<\/li>\n<li>V\u00fdstup nab\u00edje\u010dky: 18 V, 500 mA<\/li>\n<li>Provozn\u00ed nap\u011bt\u00ed: 18 V: DC 14,4 V<\/li>\n<li>Kapacita baterie: 2000 mAh&lt;<\/li>\n<li>Typ baterie: lithium-iontov\u00e1<\/li>\n<li>Doba nab\u00edjen\u00ed: p\u0159ibli\u017en\u011b 3-5 hodin<\/li>\n<\/ul>\n<h2>z\u00e1ruka 24 m\u011bs\u00edc\u016f<\/h2>\n<p>Na<span>baterii se vztahuje <\/span><strong>24m\u011bs\u00ed\u010dn\u00ed<\/strong><span> z\u00e1ruka dovozce<\/span>.<\/p>\n","protected":false},"excerpt":{"rendered":"<p>Akumul\u00e1tor s rukojet\u00ed pro vysava\u010d Lucznik OP-2018<\/p>\n","protected":false},"featured_media":14774,"comment_status":"open","ping_status":"closed","template":"","meta":[],"product_brand":[],"product_cat":[631],"product_tag":[],"class_list":{"0":"post-17865","1":"product","2":"type-product","3":"status-publish","4":"has-post-thumbnail","6":"product_cat-odkurzacze","8":"first","9":"instock","10":"taxable","11":"shipping-taxable","12":"purchasable","13":"product-type-simple"},"_links":{"self":[{"href":"https:\/\/gltestm.webology.pl\/cs\/wp-json\/wp\/v2\/product\/17865","targetHints":{"allow":["GET"]}}],"collection":[{"href":"https:\/\/gltestm.webology.pl\/cs\/wp-json\/wp\/v2\/product"}],"about":[{"href":"https:\/\/gltestm.webology.pl\/cs\/wp-json\/wp\/v2\/types\/product"}],"replies":[{"embeddable":true,"href":"https:\/\/gltestm.webology.pl\/cs\/wp-json\/wp\/v2\/comments?post=17865"}],"version-history":[{"count":0,"href":"https:\/\/gltestm.webology.pl\/cs\/wp-json\/wp\/v2\/product\/17865\/revisions"}],"wp:featuredmedia":[{"embeddable":true,"href":"https:\/\/gltestm.webology.pl\/cs\/wp-json\/wp\/v2\/media\/14774"}],"wp:attachment":[{"href":"https:\/\/gltestm.webology.pl\/cs\/wp-json\/wp\/v2\/media?parent=17865"}],"wp:term":[{"taxonomy":"product_brand","embeddable":true,"href":"https:\/\/gltestm.webology.pl\/cs\/wp-json\/wp\/v2\/product_brand?post=17865"},{"taxonomy":"product_cat","embeddable":true,"href":"https:\/\/gltestm.webology.pl\/cs\/wp-json\/wp\/v2\/product_cat?post=17865"},{"taxonomy":"product_tag","embeddable":true,"href":"https:\/\/gltestm.webology.pl\/cs\/wp-json\/wp\/v2\/product_tag?post=17865"}],"curies":[{"name":"wp","href":"https:\/\/api.w.org\/{rel}","templated":true}]}}