{"id":17841,"date":"2026-03-18T22:05:00","date_gmt":"2026-03-18T21:05:00","guid":{"rendered":"https:\/\/gltestm.webology.pl\/produkt\/oboustranny-krejcovsky-centimetr-2\/"},"modified":"2026-03-22T21:16:56","modified_gmt":"2026-03-22T20:16:56","slug":"oboustranny-krejcovsky-centimetr-2","status":"publish","type":"product","link":"https:\/\/gltestm.webology.pl\/cs\/produkt\/oboustranny-krejcovsky-centimetr-2\/","title":{"rendered":"Oboustrann\u00fd krej\u010dovsk\u00fd centimetr"},"content":{"rendered":"<h2><strong>Krej\u010dovsk\u00fd metr &#8211; pou\u017eit\u00ed<\/strong><\/h2>\n<p>Oboustrann\u00fd krej\u010dovsk\u00fd metr je nepostradateln\u00fdm pomocn\u00edkem p\u0159i \u0161it\u00ed a vytv\u00e1\u0159en\u00ed polotovar\u016f. M\u016f\u017eete s n\u00edm tak\u00e9 snadno zm\u011b\u0159it svou postavu.<\/p>\n<h2><strong>M\u011b\u0159\u00edtko centimetru<\/strong><\/h2>\n<p>Centimetrov\u00fd metr je oboustrann\u00fd, na zadn\u00ed stran\u011b 150 cm je 0 cm, 149 je 1 cm atd. D\u00e9lka centimetru je 150 cm a \u0161\u00ed\u0159ka je p\u0159ibli\u017en\u011b 1,6 cm.<\/p>\n<h2><strong>Design<\/strong><\/h2>\n<p>Je vyroben z pru\u017en\u00e9ho plastu, tak\u017ee jej m\u016f\u017eete snadno p\u0159izp\u016fsobit tvaru, kter\u00fd m\u011b\u0159\u00edte.<\/p>\n<p>Barva centimetru je zas\u00edl\u00e1na n\u00e1hodn\u011b!<\/p>\n","protected":false},"excerpt":{"rendered":"<p>Oboustrann\u00fd krej\u010dovsk\u00fd metr o d\u00e9lce 150 cm.<\/p>\n","protected":false},"featured_media":13321,"comment_status":"open","ping_status":"closed","template":"","meta":[],"product_brand":[],"product_cat":[756],"product_tag":[],"class_list":{"0":"post-17841","1":"product","2":"type-product","3":"status-publish","4":"has-post-thumbnail","6":"product_cat-miary-linijki-i-cyrkle","8":"first","9":"instock","10":"taxable","11":"shipping-taxable","12":"purchasable","13":"product-type-simple"},"_links":{"self":[{"href":"https:\/\/gltestm.webology.pl\/cs\/wp-json\/wp\/v2\/product\/17841","targetHints":{"allow":["GET"]}}],"collection":[{"href":"https:\/\/gltestm.webology.pl\/cs\/wp-json\/wp\/v2\/product"}],"about":[{"href":"https:\/\/gltestm.webology.pl\/cs\/wp-json\/wp\/v2\/types\/product"}],"replies":[{"embeddable":true,"href":"https:\/\/gltestm.webology.pl\/cs\/wp-json\/wp\/v2\/comments?post=17841"}],"version-history":[{"count":0,"href":"https:\/\/gltestm.webology.pl\/cs\/wp-json\/wp\/v2\/product\/17841\/revisions"}],"wp:featuredmedia":[{"embeddable":true,"href":"https:\/\/gltestm.webology.pl\/cs\/wp-json\/wp\/v2\/media\/13321"}],"wp:attachment":[{"href":"https:\/\/gltestm.webology.pl\/cs\/wp-json\/wp\/v2\/media?parent=17841"}],"wp:term":[{"taxonomy":"product_brand","embeddable":true,"href":"https:\/\/gltestm.webology.pl\/cs\/wp-json\/wp\/v2\/product_brand?post=17841"},{"taxonomy":"product_cat","embeddable":true,"href":"https:\/\/gltestm.webology.pl\/cs\/wp-json\/wp\/v2\/product_cat?post=17841"},{"taxonomy":"product_tag","embeddable":true,"href":"https:\/\/gltestm.webology.pl\/cs\/wp-json\/wp\/v2\/product_tag?post=17841"}],"curies":[{"name":"wp","href":"https:\/\/api.w.org\/{rel}","templated":true}]}}