{"id":17825,"date":"2026-03-18T22:04:59","date_gmt":"2026-03-18T21:04:59","guid":{"rendered":"https:\/\/gltestm.webology.pl\/produkt\/ozdobne-koliky-delka-45-mm-knoflik\/"},"modified":"2026-03-22T21:16:52","modified_gmt":"2026-03-22T20:16:52","slug":"ozdobne-koliky-delka-45-mm-knoflik","status":"publish","type":"product","link":"https:\/\/gltestm.webology.pl\/cs\/produkt\/ozdobne-koliky-delka-45-mm-knoflik\/","title":{"rendered":"Ozdobn\u00e9 kol\u00edky d\u00e9lka 45 mm knofl\u00edk"},"content":{"rendered":"<h2><strong>Jak\u00e9 jsou charakteristick\u00e9 znaky krej\u010dovsk\u00fdch spon?<\/strong><\/h2>\n<p>Ozdobn\u00fd \u0161pendl\u00edk s hlavi\u010dkou ve tvaru knofl\u00edku je netradi\u010dn\u00ed dopln\u011bk, kter\u00fd pot\u011b\u0161\u00ed sv\u00fdm vzhledem. Skv\u011ble se hod\u00ed jako origin\u00e1ln\u00ed ozdoba k p\u0159ipevn\u011bn\u00ed dekorac\u00ed nebo k aran\u017em\u00e1 do kytic z \u017eiv\u00fdch kv\u011btin.<\/p>\n<h2><strong>Rozm\u011bry \u0161pendl\u00edku se sklen\u011bnou hlavi\u010dkou<\/strong><\/h2>\n<p>Dimensions:<\/p>\n<ul>\n<li>D\u00e9lka: <strong>45 mm<\/strong><\/li>\n<li>Pr\u016fm\u011br dr\u00e1tu: <strong>0,6 mm<\/strong><\/li>\n<li>Pr\u016fm\u011br ozdoby: 0,6 mm: <strong>pr\u016fm\u011br \u0161\u0148\u016frky: 11 mm<\/strong><\/li>\n<li>Obsah balen\u00ed: <strong>balen\u00ed obsahuje 50 ks.<\/strong><\/li>\n<li>Hmotnost: <strong>18 g<\/strong><\/li>\n<\/ul>\n<h2><strong>Po\u010det kol\u00ed\u010dk\u016f v balen\u00ed<\/strong><\/h2>\n<p>Kol\u00edky jsou zabaleny v plastov\u00e9 krabi\u010dce. V balen\u00ed je 18 g kol\u00edk\u016f, co\u017e je p\u0159ibli\u017en\u011b 50 kus\u016f.<\/p>\n","protected":false},"excerpt":{"rendered":"<p>Sada l\u00e1tkov\u00fdch kol\u00ed\u010dk\u016f se sklen\u011bnou hlavi\u010dkou v plastov\u00e9 krabi\u010dce, d\u00e9lka 34 mm.  80 ks. 12 g.<\/p>\n","protected":false},"featured_media":12933,"comment_status":"open","ping_status":"closed","template":"","meta":[],"product_brand":[],"product_cat":[741],"product_tag":[],"class_list":{"0":"post-17825","1":"product","2":"type-product","3":"status-publish","4":"has-post-thumbnail","6":"product_cat-szpilki-agrafki-i-poduszeczki","8":"first","9":"instock","10":"taxable","11":"shipping-taxable","12":"purchasable","13":"product-type-simple"},"_links":{"self":[{"href":"https:\/\/gltestm.webology.pl\/cs\/wp-json\/wp\/v2\/product\/17825","targetHints":{"allow":["GET"]}}],"collection":[{"href":"https:\/\/gltestm.webology.pl\/cs\/wp-json\/wp\/v2\/product"}],"about":[{"href":"https:\/\/gltestm.webology.pl\/cs\/wp-json\/wp\/v2\/types\/product"}],"replies":[{"embeddable":true,"href":"https:\/\/gltestm.webology.pl\/cs\/wp-json\/wp\/v2\/comments?post=17825"}],"version-history":[{"count":0,"href":"https:\/\/gltestm.webology.pl\/cs\/wp-json\/wp\/v2\/product\/17825\/revisions"}],"wp:featuredmedia":[{"embeddable":true,"href":"https:\/\/gltestm.webology.pl\/cs\/wp-json\/wp\/v2\/media\/12933"}],"wp:attachment":[{"href":"https:\/\/gltestm.webology.pl\/cs\/wp-json\/wp\/v2\/media?parent=17825"}],"wp:term":[{"taxonomy":"product_brand","embeddable":true,"href":"https:\/\/gltestm.webology.pl\/cs\/wp-json\/wp\/v2\/product_brand?post=17825"},{"taxonomy":"product_cat","embeddable":true,"href":"https:\/\/gltestm.webology.pl\/cs\/wp-json\/wp\/v2\/product_cat?post=17825"},{"taxonomy":"product_tag","embeddable":true,"href":"https:\/\/gltestm.webology.pl\/cs\/wp-json\/wp\/v2\/product_tag?post=17825"}],"curies":[{"name":"wp","href":"https:\/\/api.w.org\/{rel}","templated":true}]}}