{"id":17821,"date":"2026-03-18T22:04:59","date_gmt":"2026-03-18T21:04:59","guid":{"rendered":"https:\/\/gltestm.webology.pl\/produkt\/navlekac-niti-kvetina\/"},"modified":"2026-03-22T21:16:50","modified_gmt":"2026-03-22T20:16:50","slug":"navlekac-niti-kvetina","status":"publish","type":"product","link":"https:\/\/gltestm.webology.pl\/cs\/produkt\/navlekac-niti-kvetina\/","title":{"rendered":"Navl\u00e9ka\u010d nit\u00ed &#8211; kv\u011btina"},"content":{"rendered":"<h2><strong>Pou\u017eit\u00ed navl\u00e9ka\u010de<\/strong><\/h2>\n<p><span>Praktick\u00fd navl\u00e9ka\u010d nit\u00ed je rychl\u00fdm a pohodln\u00fdm spojencem pro milovn\u00edky \u0161it\u00ed. D\u00edky speci\u00e1ln\u011b navr\u017een\u00e9mu plastov\u00e9mu kv\u011btu skv\u011ble padne do ruky a umo\u017en\u00ed v\u00e1m snadno navl\u00e9knout nit do u\u0161\u00ed. Je to nejen \u00faspora \u010dasu, ale tak\u00e9 praktick\u00fd pomocn\u00edk p\u0159i jak\u00e9mkoli \u0161it\u00ed.<\/span><\/p>\n<h2><strong>Rozm\u011bry navl\u00e9ka\u010de<\/strong><\/h2>\n<ul>\n<li>D\u00e9lka dr\u00e1tu: <strong>20 mm<\/strong><\/li>\n<li>Celkov\u00e1 d\u00e9lka: <strong>45 mm<\/strong><\/li>\n<li>Pr\u016fm\u011br kv\u011btu: <strong>23 mm<\/strong><\/li>\n<\/ul>\n<h2><strong>Jak si s t\u00edmto v\u00fdrobkem usnadnit navl\u00e9k\u00e1n\u00ed<\/strong><\/h2>\n<p>Chcete-li navl\u00e9knout nit na jehlu, nejprve vlo\u017ete o\u010dko do o\u010dka jehly. Pot\u00e9 prot\u00e1hn\u011bte nit o\u010dkem a nakonec vyt\u00e1hn\u011bte o\u010dko spole\u010dn\u011b s nit\u00ed z o\u010dka jehly. Hotovo!<\/p>\n","protected":false},"excerpt":{"rendered":"<p>Kovov\u00fd navl\u00e9ka\u010d s rukojet\u00ed ve tvaru kv\u011btu. Usnad\u0148uje provl\u00e9k\u00e1n\u00ed nit\u011b o\u010dkem jehly.<\/p>\n","protected":false},"featured_media":15765,"comment_status":"open","ping_status":"closed","template":"","meta":[],"product_brand":[],"product_cat":[776],"product_tag":[],"class_list":{"0":"post-17821","1":"product","2":"type-product","3":"status-publish","4":"has-post-thumbnail","6":"product_cat-inne-narzedzia-i-akcesoria","8":"first","9":"instock","10":"taxable","11":"shipping-taxable","12":"purchasable","13":"product-type-simple"},"_links":{"self":[{"href":"https:\/\/gltestm.webology.pl\/cs\/wp-json\/wp\/v2\/product\/17821","targetHints":{"allow":["GET"]}}],"collection":[{"href":"https:\/\/gltestm.webology.pl\/cs\/wp-json\/wp\/v2\/product"}],"about":[{"href":"https:\/\/gltestm.webology.pl\/cs\/wp-json\/wp\/v2\/types\/product"}],"replies":[{"embeddable":true,"href":"https:\/\/gltestm.webology.pl\/cs\/wp-json\/wp\/v2\/comments?post=17821"}],"version-history":[{"count":0,"href":"https:\/\/gltestm.webology.pl\/cs\/wp-json\/wp\/v2\/product\/17821\/revisions"}],"wp:featuredmedia":[{"embeddable":true,"href":"https:\/\/gltestm.webology.pl\/cs\/wp-json\/wp\/v2\/media\/15765"}],"wp:attachment":[{"href":"https:\/\/gltestm.webology.pl\/cs\/wp-json\/wp\/v2\/media?parent=17821"}],"wp:term":[{"taxonomy":"product_brand","embeddable":true,"href":"https:\/\/gltestm.webology.pl\/cs\/wp-json\/wp\/v2\/product_brand?post=17821"},{"taxonomy":"product_cat","embeddable":true,"href":"https:\/\/gltestm.webology.pl\/cs\/wp-json\/wp\/v2\/product_cat?post=17821"},{"taxonomy":"product_tag","embeddable":true,"href":"https:\/\/gltestm.webology.pl\/cs\/wp-json\/wp\/v2\/product_tag?post=17821"}],"curies":[{"name":"wp","href":"https:\/\/api.w.org\/{rel}","templated":true}]}}