{"id":17813,"date":"2026-03-18T22:04:58","date_gmt":"2026-03-18T21:04:58","guid":{"rendered":"https:\/\/gltestm.webology.pl\/produkt\/vyfukovy-filtr-hepa-pro-vysavac-lucznik-ot-2022\/"},"modified":"2026-03-22T21:16:47","modified_gmt":"2026-03-22T20:16:47","slug":"vyfukovy-filtr-hepa-pro-vysavac-lucznik-ot-2022","status":"publish","type":"product","link":"https:\/\/gltestm.webology.pl\/cs\/produkt\/vyfukovy-filtr-hepa-pro-vysavac-lucznik-ot-2022\/","title":{"rendered":"V\u00fdfukov\u00fd filtr HEPA pro vysava\u010d Lucznik OT-2022"},"content":{"rendered":"<p><strong>V\u00fdfukov\u00fd<\/strong> filtr<strong>HEPA<\/strong> pro vysava\u010d Lucznik OT-2022 je sou\u010d\u00e1st\u00ed, kter\u00e1 <strong>v\u00fdrazn\u011b zvy\u0161uje \u00fa\u010dinnost<\/strong> vys\u00e1v\u00e1n\u00ed a pom\u00e1h\u00e1 <strong>udr\u017eovat<\/strong> <strong>\u010dist\u00fd<\/strong> <strong>vzduch<\/strong> ve va\u0161\u00ed dom\u00e1cnosti.<\/p>\n<p>Tento filtr je speci\u00e1ln\u011b navr\u017een pro pou\u017eit\u00ed ve vysava\u010di Lucznik OT-2022 a nab\u00edz\u00ed mnoho v\u00fdhod:<\/p>\n<ul>\n<li><strong>Vynikaj\u00edc\u00ed filtrace<\/strong>: <strong>HEPA<\/strong> (High Efficiency Particulate Air) filtr je zn\u00e1m\u00fd t\u00edm, \u017ee <strong>\u00fa\u010dinn\u011b odstra\u0148uje i ty nejmen\u0161\u00ed \u010d\u00e1stice prachu<\/strong>, <strong>alergen\u016f<\/strong>, <strong>bakteri\u00ed<\/strong> a <strong>vir\u016f<\/strong>. D\u00edky tomu zaji\u0161\u0165uje \u00fa\u010dinn\u00e9 \u010di\u0161t\u011bn\u00ed vzduchu p\u0159i vys\u00e1v\u00e1n\u00ed.<\/li>\n<li><strong>Redukce alergen\u016f<\/strong>: HEPA filtr je skv\u011bl\u00fd pro <strong>alergiky<\/strong>, proto\u017ee \u00fa\u010dinn\u011b odstra\u0148uje ze vzduchu <strong>pyl<\/strong>, <strong>rozto\u010de<\/strong> a dal\u0161\u00ed <strong>alergeny<\/strong>, \u010d\u00edm\u017e zlep\u0161uje <strong>kvalitu<\/strong> vzduchu v m\u00edstnosti.<\/li>\n<li><strong>Dlouhodob\u00fd v\u00fdkon<\/strong>: HEPA filtr pro vysava\u010d Lucznik OT-2022 je odoln\u00fd a navr\u017een\u00fd tak, aby dlouho vydr\u017eel, \u010d\u00edm\u017e se minimalizuje pot\u0159eba \u010dast\u00e9 v\u00fdm\u011bny.<\/li>\n<li>SNADN\u00c1 <strong>INSTALACE<\/strong>: <strong>V\u00fdm\u011bna<\/strong> v\u00fdfukov\u00e9ho filtru ve vysava\u010di Lucznik OT-2022 je <strong>jednoduch\u00e1<\/strong> a <strong>nevy\u017eaduje \u017e\u00e1dn\u00e9 speci\u00e1ln\u00ed n\u00e1\u0159ad\u00ed ani<\/strong> dovednosti. Sta\u010d\u00ed vyjmout star\u00fd filtr a vlo\u017eit nov\u00fd.<\/li>\n<li><strong>Pom\u00e1h\u00e1 udr\u017eovat \u010derstv\u00fd vzduch<\/strong>: Filtr HEPA pom\u00e1h\u00e1 udr\u017eovat vzduch ve va\u0161\u00ed dom\u00e1cnosti <strong>sv\u011b\u017e\u00ed<\/strong> a \u010dist\u00fd, co\u017e je d\u016fle\u017eit\u00e9 zejm\u00e9na pro <strong>alergiky<\/strong>, <strong>astmatiky<\/strong> a dal\u0161\u00ed osoby s d\u00fdchac\u00edmi<strong>pot\u00ed\u017eemi<\/strong>.<\/li>\n<\/ul>\n","protected":false},"excerpt":{"rendered":"<p>V\u00fdfukov\u00fd filtr HEPA pro vysava\u010d Lucznik OT-2022.<\/p>\n","protected":false},"featured_media":15704,"comment_status":"open","ping_status":"closed","template":"","meta":[],"product_brand":[],"product_cat":[631],"product_tag":[],"class_list":{"0":"post-17813","1":"product","2":"type-product","3":"status-publish","4":"has-post-thumbnail","6":"product_cat-odkurzacze","8":"first","9":"instock","10":"taxable","11":"shipping-taxable","12":"purchasable","13":"product-type-simple"},"_links":{"self":[{"href":"https:\/\/gltestm.webology.pl\/cs\/wp-json\/wp\/v2\/product\/17813","targetHints":{"allow":["GET"]}}],"collection":[{"href":"https:\/\/gltestm.webology.pl\/cs\/wp-json\/wp\/v2\/product"}],"about":[{"href":"https:\/\/gltestm.webology.pl\/cs\/wp-json\/wp\/v2\/types\/product"}],"replies":[{"embeddable":true,"href":"https:\/\/gltestm.webology.pl\/cs\/wp-json\/wp\/v2\/comments?post=17813"}],"version-history":[{"count":0,"href":"https:\/\/gltestm.webology.pl\/cs\/wp-json\/wp\/v2\/product\/17813\/revisions"}],"wp:featuredmedia":[{"embeddable":true,"href":"https:\/\/gltestm.webology.pl\/cs\/wp-json\/wp\/v2\/media\/15704"}],"wp:attachment":[{"href":"https:\/\/gltestm.webology.pl\/cs\/wp-json\/wp\/v2\/media?parent=17813"}],"wp:term":[{"taxonomy":"product_brand","embeddable":true,"href":"https:\/\/gltestm.webology.pl\/cs\/wp-json\/wp\/v2\/product_brand?post=17813"},{"taxonomy":"product_cat","embeddable":true,"href":"https:\/\/gltestm.webology.pl\/cs\/wp-json\/wp\/v2\/product_cat?post=17813"},{"taxonomy":"product_tag","embeddable":true,"href":"https:\/\/gltestm.webology.pl\/cs\/wp-json\/wp\/v2\/product_tag?post=17813"}],"curies":[{"name":"wp","href":"https:\/\/api.w.org\/{rel}","templated":true}]}}