{"id":17809,"date":"2026-03-18T22:04:58","date_gmt":"2026-03-18T21:04:58","guid":{"rendered":"https:\/\/gltestm.webology.pl\/produkt\/samonavijeci-centimetr-delky-150-cm\/"},"modified":"2026-03-22T21:16:45","modified_gmt":"2026-03-22T20:16:45","slug":"samonavijeci-centimetr-delky-150-cm","status":"publish","type":"product","link":"https:\/\/gltestm.webology.pl\/cs\/produkt\/samonavijeci-centimetr-delky-150-cm\/","title":{"rendered":"Samonav\u00edjec\u00ed centimetr d\u00e9lky 150 cm"},"content":{"rendered":"<h2>Krej\u010dovsk\u00fd centimetr v\u00e1lcovan\u00fd<\/h2>\n<p>Mal\u00fd <strong>srolovan\u00fd centimetr<\/strong> ve tvaru <strong>roztomil\u00e9ho srd\u00ed\u010dka<\/strong> je praktick\u00fd a skladn\u00fd p\u0159\u00edv\u011bsek na kl\u00ed\u010de, kter\u00fd m\u016f\u017eete m\u00edt v\u017edy u sebe. Tato mal\u00e1 vychyt\u00e1vka je nejen roztomil\u00e1, ale tak\u00e9 mimo\u0159\u00e1dn\u011b funk\u010dn\u00ed.<\/p>\n<h2>V\u00fdhody v\u00fdrobku<\/h2>\n<ul>\n<li>Tvar srdce: centimetr m\u00e1 jedine\u010dn\u00fd tvar v podob\u011b srdce, co\u017e z n\u011bj \u010din\u00ed nejen <strong>u\u017eite\u010dnou pom\u016fcku<\/strong>, ale tak\u00e9 <strong>okouzluj\u00edc\u00ed dopln\u011bk<\/strong> va\u0161ich kl\u00ed\u010d\u016f.<\/li>\n<li><strong>Oboustrann\u00fd<\/strong>: centimetr je <strong>oboustrann\u00fd<\/strong>, co\u017e znamen\u00e1, \u017ee na n\u011bm najdete jednotky jak v centimetrech <strong>(cm)<\/strong>, tak v <strong>palc\u00edch (inches<\/strong>). M\u016f\u017eete tak snadno m\u011b\u0159it v obou soustav\u00e1ch jednotek.<\/li>\n<li><strong>D\u00e9lka<\/strong>: tento mal\u00fd centimetr se m\u016f\u017ee roz\u0161\u00ed\u0159it a\u017e na <strong>150 centimetr\u016f<\/strong>.<\/li>\n<li><strong>Kompaktn\u00ed rozm\u011bry<\/strong>: <strong>m\u011b\u0159\u00ed 5 x 5<\/strong> centimetr\u016f, tak\u017ee se v\u00e1m snadno vejde na kl\u00ed\u010de nebo do kapsy.<\/li>\n<li><strong>Odoln\u00fd plast<\/strong>: centimetr je vyroben z odoln\u00e9ho plastu, je <strong>pevn\u00fd<\/strong> a <strong>odoln\u00fd<\/strong>.<\/li>\n<\/ul>\n<p>V\u00fdsuvn\u00fd centimetr 150 cm, je <strong>ide\u00e1ln\u00edm <\/strong>v\u00fdrobkem pro ka\u017ed\u00e9ho, kdo pot\u0159ebuje<strong> praktickou pom\u016fcku na m\u011b\u0159en\u00ed<\/strong>, ale z\u00e1rove\u0148 chce nosit<strong> roztomil\u00fd dopln\u011bk<\/strong> v podob\u011b srd\u00ed\u010dka. S t\u00edmto v\u00fdsuvn\u00fdm metrem budete v\u017edy p\u0159ipraveni m\u011b\u0159it, a\u0165 jste kdekoli.<\/p>\n","protected":false},"excerpt":{"rendered":"<p>Samonav\u00edjec\u00ed 150 cm centimetr ve tvaru srdce. Oboustrann\u00e9 &#8211; m\u011b\u0159en\u00ed v centimetrech a palc\u00edch. Mal\u00e1 velikost &#8211; 5 x 5 cm.<\/p>\n","protected":false},"featured_media":13175,"comment_status":"open","ping_status":"closed","template":"","meta":[],"product_brand":[],"product_cat":[756],"product_tag":[],"class_list":{"0":"post-17809","1":"product","2":"type-product","3":"status-publish","4":"has-post-thumbnail","6":"product_cat-miary-linijki-i-cyrkle","8":"first","9":"instock","10":"taxable","11":"shipping-taxable","12":"purchasable","13":"product-type-simple"},"_links":{"self":[{"href":"https:\/\/gltestm.webology.pl\/cs\/wp-json\/wp\/v2\/product\/17809","targetHints":{"allow":["GET"]}}],"collection":[{"href":"https:\/\/gltestm.webology.pl\/cs\/wp-json\/wp\/v2\/product"}],"about":[{"href":"https:\/\/gltestm.webology.pl\/cs\/wp-json\/wp\/v2\/types\/product"}],"replies":[{"embeddable":true,"href":"https:\/\/gltestm.webology.pl\/cs\/wp-json\/wp\/v2\/comments?post=17809"}],"version-history":[{"count":0,"href":"https:\/\/gltestm.webology.pl\/cs\/wp-json\/wp\/v2\/product\/17809\/revisions"}],"wp:featuredmedia":[{"embeddable":true,"href":"https:\/\/gltestm.webology.pl\/cs\/wp-json\/wp\/v2\/media\/13175"}],"wp:attachment":[{"href":"https:\/\/gltestm.webology.pl\/cs\/wp-json\/wp\/v2\/media?parent=17809"}],"wp:term":[{"taxonomy":"product_brand","embeddable":true,"href":"https:\/\/gltestm.webology.pl\/cs\/wp-json\/wp\/v2\/product_brand?post=17809"},{"taxonomy":"product_cat","embeddable":true,"href":"https:\/\/gltestm.webology.pl\/cs\/wp-json\/wp\/v2\/product_cat?post=17809"},{"taxonomy":"product_tag","embeddable":true,"href":"https:\/\/gltestm.webology.pl\/cs\/wp-json\/wp\/v2\/product_tag?post=17809"}],"curies":[{"name":"wp","href":"https:\/\/api.w.org\/{rel}","templated":true}]}}