{"id":17793,"date":"2026-03-18T22:04:57","date_gmt":"2026-03-18T21:04:57","guid":{"rendered":"https:\/\/gltestm.webology.pl\/produkt\/mlynek-na-sul-pepr-a-koreni-pm-201-c-zasuvka\/"},"modified":"2026-03-22T21:16:42","modified_gmt":"2026-03-22T20:16:42","slug":"mlynek-na-sul-pepr-a-koreni-pm-201-c-zasuvka","status":"publish","type":"product","link":"https:\/\/gltestm.webology.pl\/cs\/produkt\/mlynek-na-sul-pepr-a-koreni-pm-201-c-zasuvka\/","title":{"rendered":"Ml\u00fdnek na s\u016fl, pep\u0159 a ko\u0159en\u00ed PM-201 C z\u00e1suvka"},"content":{"rendered":"<h2><strong>Ml\u00fdnek na s\u016fl, pep\u0159 a ko\u0159en\u00ed PM-201 C<\/strong><strong><br \/><\/strong><\/h2>\n<p>Ml\u00fdnek na<strong>s\u016fl, pep\u0159 a ko<\/strong> \u0159en\u00edPM-201<strong>C<\/strong> s<strong> keramick\u00fdm mechanismem<\/strong> m\u00e1<strong> nastavitelnou tlou\u0161\u0165ku mlet\u00ed<\/strong>, tak\u017ee si m\u016f\u017eete vybrat tu spr\u00e1vnou tlou\u0161\u0165ku zrn. Je ide\u00e1ln\u00ed pro mlet\u00ed soli, pep\u0159e, koriandru a dal\u0161\u00edho ko\u0159en\u00ed. Jeho elegantn\u00ed a stylov\u00fd design dokonale zapadne do pozad\u00ed va\u0161\u00ed kuchyn\u011b.<\/p>\n<h2>V\u00fdstup<\/h2>\n<ul>\n<li>vr\u00e1cen\u00fd v\u00fdrobek<\/li>\n<li>otev\u0159en\u00fd obal<\/li>\n<\/ul>\n","protected":false},"excerpt":{"rendered":"<p>Elegantn\u00ed a stylov\u00fd, dokonal\u00fd &#8211; ml\u00fdnek na s\u016fl, pep\u0159 a ko\u0159en\u00ed PM-201 C je ide\u00e1ln\u00ed pro mlet\u00ed r\u016fzn\u00e9ho ko\u0159en\u00ed. Je vybaven keramick\u00fdm mechanismem, m\u00e1 nastavitelnou tlou\u0161\u0165ku mlet\u00ed<\/p>\n","protected":false},"featured_media":14768,"comment_status":"open","ping_status":"closed","template":"","meta":[],"product_brand":[],"product_cat":[826],"product_tag":[],"class_list":{"0":"post-17793","1":"product","2":"type-product","3":"status-publish","4":"has-post-thumbnail","6":"product_cat-mlynki","8":"first","9":"instock","10":"taxable","11":"shipping-taxable","12":"purchasable","13":"product-type-simple"},"_links":{"self":[{"href":"https:\/\/gltestm.webology.pl\/cs\/wp-json\/wp\/v2\/product\/17793","targetHints":{"allow":["GET"]}}],"collection":[{"href":"https:\/\/gltestm.webology.pl\/cs\/wp-json\/wp\/v2\/product"}],"about":[{"href":"https:\/\/gltestm.webology.pl\/cs\/wp-json\/wp\/v2\/types\/product"}],"replies":[{"embeddable":true,"href":"https:\/\/gltestm.webology.pl\/cs\/wp-json\/wp\/v2\/comments?post=17793"}],"version-history":[{"count":0,"href":"https:\/\/gltestm.webology.pl\/cs\/wp-json\/wp\/v2\/product\/17793\/revisions"}],"wp:featuredmedia":[{"embeddable":true,"href":"https:\/\/gltestm.webology.pl\/cs\/wp-json\/wp\/v2\/media\/14768"}],"wp:attachment":[{"href":"https:\/\/gltestm.webology.pl\/cs\/wp-json\/wp\/v2\/media?parent=17793"}],"wp:term":[{"taxonomy":"product_brand","embeddable":true,"href":"https:\/\/gltestm.webology.pl\/cs\/wp-json\/wp\/v2\/product_brand?post=17793"},{"taxonomy":"product_cat","embeddable":true,"href":"https:\/\/gltestm.webology.pl\/cs\/wp-json\/wp\/v2\/product_cat?post=17793"},{"taxonomy":"product_tag","embeddable":true,"href":"https:\/\/gltestm.webology.pl\/cs\/wp-json\/wp\/v2\/product_tag?post=17793"}],"curies":[{"name":"wp","href":"https:\/\/api.w.org\/{rel}","templated":true}]}}