{"id":17781,"date":"2026-03-18T22:04:57","date_gmt":"2026-03-18T21:04:57","guid":{"rendered":"https:\/\/gltestm.webology.pl\/produkt\/sg-515-usb-cestovni-sonicky-zubni-kartacek-zasuvka\/"},"modified":"2026-03-22T21:16:39","modified_gmt":"2026-03-22T20:16:39","slug":"sg-515-usb-cestovni-sonicky-zubni-kartacek-zasuvka","status":"publish","type":"product","link":"https:\/\/gltestm.webology.pl\/cs\/produkt\/sg-515-usb-cestovni-sonicky-zubni-kartacek-zasuvka\/","title":{"rendered":"SG-515 USB cestovn\u00ed sonick\u00fd zubn\u00ed kart\u00e1\u010dek Z\u00e1suvka"},"content":{"rendered":"<p>Technologicky vysp\u011bl\u00fd v\u00fdrobek pro p\u00e9\u010di a \u00fastn\u00ed hygienu. Cestovn\u00ed varianta umo\u017e\u0148uje nab\u00edjen\u00ed pomoc\u00ed <strong>kabelu USB<\/strong>. To je \u00fa\u017easn\u00e9 pohodl\u00ed p\u0159i cestov\u00e1n\u00ed &#8211; zubn\u00ed kart\u00e1\u010dek m\u016f\u017eete nab\u00edjet p\u0159ipojen\u00edm k notebooku, powerbance a dokonce i k n\u011bkter\u00fdm model\u016fm tablet\u016f nebo telefon\u016f!<\/p>\n<h2><strong>Z\u00e1suvka<\/strong><\/h2>\n<ul>\n<li>vr\u00e1cen\u00fd v\u00fdrobek (nepou\u017eit\u00fd)<\/li>\n<li>otev\u0159en\u00fd obal<\/li>\n<\/ul>\n<p>D\u00edky aktivn\u00edm b\u011bl\u00edc\u00edm vl\u00e1kn\u016fm <strong>DUPONT<\/strong> a speci\u00e1ln\u00edmu programu odstra\u0148uje zubn\u00ed kart\u00e1\u010dek <strong>SG-515<\/strong> zubn\u00ed k\u00e1men s v\u011bt\u0161\u00ed \u00fa\u010dinnost\u00ed ne\u017e jin\u00e9 <strong>manu\u00e1ln\u00ed zubn\u00ed kart\u00e1\u010dky<\/strong>. To je umo\u017en\u011bno oscilac\u00ed p\u0159\u00edstroje a <strong>38 000 pohyby za minutu<\/strong>.<\/p>\n<p>Ve\u0161ker\u00fd plak bude d\u016fkladn\u011b odstran\u011bn a sklovina z\u016fstane neporu\u0161en\u00e1.<\/p>\n<h2><strong>Kl\u00ed\u010dov\u00e9 vlastnosti<\/strong><\/h2>\n<ul>\n<li><strong>po\u010det pohyb\u016f 38 000 za minutu.<\/strong><\/li>\n<li>sou\u010d\u00e1st\u00ed balen\u00ed jsou<strong>2 vym\u011bniteln\u00e9 koncovky<\/strong> <\/li>\n<li><strong>3 re\u017eimy<\/strong>: b\u011blen\u00ed, \u010di\u0161t\u011bn\u00ed, mas\u00e1\u017e<\/li>\n<li>ukazatel doby \u010di\u0161t\u011bn\u00ed<\/li>\n<li>automatick\u00e9 vypnut\u00ed po 2 min.<\/li>\n<li><strong>vodot\u011bsnost<\/strong> (norma IPX6)<\/li>\n<li>dob\u00edjec\u00ed zdroj<\/li>\n<li>nab\u00edjen\u00ed pomoc\u00ed<strong>uSB<\/strong> <\/li>\n<\/ul>\n<h2><strong>3 re\u017eimy \u010di\u0161t\u011bn\u00ed<\/strong><\/h2>\n<p>P\u0159\u00edstroj aktivn\u011b mas\u00edruje d\u00e1sn\u011b a zlep\u0161uje jejich prokrven\u00ed, tak\u017ee po pou\u017eit\u00ed nezp\u016fsobuje poru\u0161en\u00ed tk\u00e1n\u011b ani krv\u00e1cen\u00ed. <strong>Sonick\u00fd zubn\u00ed kart\u00e1\u010dek <\/strong>m\u00e1 t\u0159i provozn\u00ed re\u017eimy&#8220;<\/p>\n<ul>\n<li><strong>b\u011blen\u00ed<\/strong> (pro odstran\u011bn\u00ed skvrn)<\/li>\n<li> re\u017eim<strong> \u010di\u0161t\u011bn\u00ed<\/strong> (pro ka\u017edodenn\u00ed, b\u011b\u017en\u00e9 pou\u017eit\u00ed)<\/li>\n<li><strong>mas\u00e1\u017en\u00ed<\/strong> (pro jemnou mas\u00e1\u017e d\u00e1sn\u00ed)<\/li>\n<\/ul>\n<h2>\u010casova\u010d, kter\u00fd m\u011b\u0159\u00ed dobu \u010di\u0161t\u011bn\u00ed<\/h2>\n<p>Ka\u017ed\u00fdch <strong>30 sekund<\/strong> v\u00e1s zubn\u00ed kart\u00e1\u010dek upozorn\u00ed na zm\u011bnu \u010di\u0161t\u011bn\u00e9 oblasti \u00fast a <strong>po 2 minut\u00e1ch nep\u0159etr\u017eit\u00e9ho provozu se p\u0159\u00edstroj automaticky vyp<\/strong>ne.<\/p>\n<h2>Vym\u011bniteln\u00e9 koncovky jsou sou\u010d\u00e1st\u00ed balen\u00ed<\/h2>\n<p>Balen\u00ed obsahuje z\u00e1kladnu, kabel a <strong>dv\u011b vym\u011bniteln\u00e9<\/strong>koncovky <strong>zubn\u00edho kart\u00e1\u010dku<\/strong>. Vzhledem k sonick\u00e9mu provozu <strong>zubn\u00edho kart\u00e1\u010dku<\/strong> se hroty opot\u0159ebov\u00e1vaj\u00ed rychleji ne\u017e u tradi\u010dn\u00edch zubn\u00edch kart\u00e1\u010dk\u016f. Zubn\u00ed l\u00e9ka\u0159i doporu\u010duj\u00ed vym\u011b\u0148ovat hroty<strong> ka\u017ed\u00e9 3<\/strong> m\u011bs\u00edce.<\/p>\n<h2>Nab\u00edjen\u00ed p\u0159es USB<\/h2>\n<p>Zubn\u00ed kart\u00e1\u010dek se nab\u00edj\u00ed prost\u0159ednictv\u00edm portu USB. Nap\u00e1jec\u00ed kabel je sou\u010d\u00e1st\u00ed sady. V\u0161imn\u011bte si v\u0161ak, \u017ee balen\u00ed <strong>neobsahuje<\/strong> adapt\u00e9r do z\u00e1suvky 220 V.<\/p>\n<p><strong>Nab\u00edjen\u00ed cestovn\u00edho zubn\u00edho kart\u00e1\u010dku<\/strong><\/p>\n<p><strong>Zubn\u00ed <\/strong>kart\u00e1\u010dek m\u00e1 <strong>dob\u00edjec\u00ed lithium-iontovou baterii<\/strong>, kter\u00e1 p\u0159i spr\u00e1vn\u00e9m zach\u00e1zen\u00ed zaji\u0161\u0165uje dlouhou \u017eivotnost. Nejlep\u0161\u00ed je nenechat baterii zcela vyb\u00edt a zubn\u00ed kart\u00e1\u010dek p\u0159ipojit k s\u00edti, jakmile signalizuje pot\u0159ebu nab\u00edjen\u00ed. Zubn\u00ed kart\u00e1\u010dek p\u0159ipojujte pouze na dobu, kter\u00e1 je pot\u0159ebn\u00e1 k \u00fapln\u00e9mu nabit\u00ed baterie.<\/p>\n<p>Zubn\u00ed kart\u00e1\u010dek je nejlep\u0161\u00ed nab\u00edjet <strong>p\u0159ipojen\u00edm k notebooku<\/strong> &#8211; doba nab\u00edjen\u00ed by pak m\u011bla odpov\u00eddat dob\u011b uveden\u00e9 v n\u00e1vodu k pou\u017eit\u00ed. Pokud zvol\u00edte nab\u00edje\u010dku ur\u010denou pro jin\u00e9 za\u0159\u00edzen\u00ed (nap\u0159\u00edklad telefon), dodr\u017eujte n\u00e1sleduj\u00edc\u00ed doporu\u010den\u00ed:<\/p>\n<ul>\n<li>500 mA nab\u00edje\u010dka (cca 40 minut)<\/li>\n<li>1 A nab\u00edje\u010dka (p\u0159ibli\u017en\u011b 20 minut)<\/li>\n<\/ul>\n<p>Nepou\u017e\u00edvejte nab\u00edje\u010dky s vy\u0161\u0161\u00edm proudem nebo rychlonab\u00edjec\u00ed kabely, proto\u017ee by mohlo doj\u00edt k po\u0161kozen\u00ed baterie.<\/p>\n<h2>z\u00e1ruka 24 m\u011bs\u00edc\u016f<\/h2>\n<p>Na za\u0159\u00edzen\u00ed je <strong>poskytov\u00e1na 24m\u011bs\u00ed\u010dn\u00ed z\u00e1ruka<\/strong> a <strong>n\u00e1vod k pou\u017eit\u00ed v pol\u0161tin\u011b<\/strong>.<\/p>\n<h2><strong>Pro\u010d je sonick\u00fd zubn\u00ed kart\u00e1\u010dek nejlep\u0161\u00edm p\u0159\u00edstrojem pro ka\u017edodenn\u00ed p\u00e9\u010di o zuby?<\/strong><\/h2>\n<p>Jen m\u00e1lo v\u011bc\u00ed na vzhledu \u010dlov\u011bka upout\u00e1 pozornost v\u00edce ne\u017e \u0161irok\u00fd a sn\u011bhob\u00edl\u00fd \u00fasm\u011bv. Kr\u00e1sn\u00fd \u00fasm\u011bv je v\u0161ak p\u0159edev\u0161\u00edm zdrav\u00fd \u00fasm\u011bv.  Abychom od zuba\u0159e nikdy nesly\u0161eli nep\u0159\u00edjemn\u00e1 slova jako &#8222;paradent\u00f3za&#8220;, &#8222;vrt\u00e1n\u00ed&#8220; nebo &#8222;kazy&#8220;, je nezbytn\u00e9 (krom\u011b pravideln\u00fdch prohl\u00eddek) db\u00e1t na spr\u00e1vnou a ka\u017edodenn\u00ed \u00fastn\u00ed hygienu &#8211; zuby je t\u0159eba d\u016fkladn\u011b \u010distit kart\u00e1\u010dkem a zubn\u00ed nit\u00ed. Doporu\u010duje se tak\u00e9 \u010di\u0161t\u011bn\u00ed jazyka a vyplachov\u00e1n\u00ed \u00fast. Ka\u017ed\u00fd z n\u00e1s to zd\u00e1nliv\u011b v\u00ed, p\u0159esto se probl\u00e9my se zubn\u00edm kazem vyskytuj\u00ed u 9 z 10 Pol\u00e1k\u016f. To zase znamen\u00e1, \u017ee n\u011bco d\u011bl\u00e1me \u0161patn\u011b.<\/p>\n<p><strong>Elektrick\u00fd<\/strong> zubn\u00ed kart\u00e1\u010dek nebo <strong>sonick\u00fd<\/strong> zubn\u00ed kart\u00e1\u010dek m\u016f\u017ee pomoci tento probl\u00e9m odstranit. <strong>Elektrick\u00e9 zubn\u00ed<\/strong> kart\u00e1\u010dky jsou na trhu ji\u017e dlouho, a jsou proto v\u0161eobecn\u011b zn\u00e1m\u00e9, ale <strong>sonick\u00fd<\/strong> zubn\u00ed kart\u00e1\u010dek je n\u011bco jako novinka. A jak<strong> sonick\u00fd<\/strong> zubn\u00ed kart\u00e1\u010dek funguje? No, jeho fungov\u00e1n\u00ed je zalo\u017eeno na kombinaci dvou prvk\u016f &#8211; prov\u00e1d\u011bn\u00ed \u010distic\u00edch pohyb\u016f a vys\u00edl\u00e1n\u00ed vysokofrekven\u010dn\u00edch zvukov\u00fdch vln.<\/p>\n<p>\u0160t\u011btiny p\u0159\u00edstroje se pohybuj\u00ed rychlost\u00ed v\u00edce ne\u017e 38 000 pohyb\u016f za minutu. To je opravdu hodn\u011b &#8211; u popul\u00e1rn\u011bj\u0161\u00edch elektrick\u00fdch zubn\u00edch kart\u00e1\u010dk\u016f je to obvykle kolem 8 000 pohyb\u016f za minutu. V kombinaci s vys\u00edlan\u00fdmi zvukov\u00fdmi vlnami tak vznik\u00e1 tzv. aktivn\u00ed oblak, kter\u00fd si lze p\u0159edstavit jako jak\u00e9si &#8222;\u010distic\u00ed silov\u00e9 pole&#8220; Jedn\u00e1 se o oblast, kter\u00e1 sah\u00e1 3-5 mm od \u0161pi\u010dky vl\u00e1ken a umo\u017e\u0148uje snadn\u00e9 a \u00fa\u010dinn\u00e9 \u010di\u0161t\u011bn\u00ed t\u011b\u017eko p\u0159\u00edstupn\u00fdch m\u00edst v \u00fastech.<\/p>\n<p>Co je na n\u011bm tak skv\u011bl\u00e9ho? Inu, <strong>sonick\u00fd zubn\u00ed<\/strong> kart\u00e1\u010dek dokonale vy\u010dist\u00ed nejen p\u0159irozen\u011b t\u011b\u017eko p\u0159\u00edstupn\u00e1 m\u00edsta v \u00fastech, jako jsou prostory mezi zuby, ale tak\u00e9 oblast kolem rovn\u00e1tek. Skv\u011ble \u010dist\u00ed zuby jak od zbytk\u016f j\u00eddla, tak (p\u0159i pravideln\u00e9m pou\u017e\u00edv\u00e1n\u00ed) od pevn\u00fdch ne\u010distot, jako je zubn\u00ed k\u00e1men, plak nebo usazeniny z k\u00e1vy a \u010daje.<\/p>\n<p>Co je nem\u00e9n\u011b d\u016fle\u017eit\u00e9, d\u00edky jemn\u00fdm \u0161t\u011btin\u00e1m a zametac\u00edm pohyb\u016fm nevede \u010di\u0161t\u011bn\u00ed zub\u016f <strong>sonick\u00fdm p\u0159\u00edstrojem<\/strong> k \u00fastupu d\u00e1sn\u00ed, co\u017e je obzvl\u00e1\u0161t\u011b d\u016fle\u017eit\u00e9, pokud si chcete zachovat kr\u00e1sn\u00fd a p\u0159irozen\u00fd \u00fasm\u011bv po mnoho let, a co v\u00edc, <strong>sonick\u00e9<\/strong> <strong>zubn\u00ed kart\u00e1\u010dky<\/strong> mohou s \u00fasp\u011bchem pou\u017e\u00edvat i lid\u00e9 trp\u00edc\u00ed paradent\u00f3zou.<\/p>\n","protected":false},"excerpt":{"rendered":"<p>Elektronick\u00fd sonick\u00fd zubn\u00ed kart\u00e1\u010dek SG-515 je \u0161pi\u010dkov\u00fd v\u00fdrobek pro p\u00e9\u010di a \u00fastn\u00ed hygienu. Nab\u00edj\u00ed se pomoc\u00ed konektoru USB micro-B a je ide\u00e1ln\u00ed pro ka\u017edodenn\u00ed pou\u017eit\u00ed i cestov\u00e1n\u00ed.<\/p>\n","protected":false},"featured_media":13908,"comment_status":"open","ping_status":"closed","template":"","meta":[],"product_brand":[],"product_cat":[886],"product_tag":[],"class_list":{"0":"post-17781","1":"product","2":"type-product","3":"status-publish","4":"has-post-thumbnail","6":"product_cat-szczoteczki-soniczne","8":"first","9":"outofstock","10":"taxable","11":"shipping-taxable","12":"purchasable","13":"product-type-simple"},"_links":{"self":[{"href":"https:\/\/gltestm.webology.pl\/cs\/wp-json\/wp\/v2\/product\/17781","targetHints":{"allow":["GET"]}}],"collection":[{"href":"https:\/\/gltestm.webology.pl\/cs\/wp-json\/wp\/v2\/product"}],"about":[{"href":"https:\/\/gltestm.webology.pl\/cs\/wp-json\/wp\/v2\/types\/product"}],"replies":[{"embeddable":true,"href":"https:\/\/gltestm.webology.pl\/cs\/wp-json\/wp\/v2\/comments?post=17781"}],"version-history":[{"count":0,"href":"https:\/\/gltestm.webology.pl\/cs\/wp-json\/wp\/v2\/product\/17781\/revisions"}],"wp:featuredmedia":[{"embeddable":true,"href":"https:\/\/gltestm.webology.pl\/cs\/wp-json\/wp\/v2\/media\/13908"}],"wp:attachment":[{"href":"https:\/\/gltestm.webology.pl\/cs\/wp-json\/wp\/v2\/media?parent=17781"}],"wp:term":[{"taxonomy":"product_brand","embeddable":true,"href":"https:\/\/gltestm.webology.pl\/cs\/wp-json\/wp\/v2\/product_brand?post=17781"},{"taxonomy":"product_cat","embeddable":true,"href":"https:\/\/gltestm.webology.pl\/cs\/wp-json\/wp\/v2\/product_cat?post=17781"},{"taxonomy":"product_tag","embeddable":true,"href":"https:\/\/gltestm.webology.pl\/cs\/wp-json\/wp\/v2\/product_tag?post=17781"}],"curies":[{"name":"wp","href":"https:\/\/api.w.org\/{rel}","templated":true}]}}