{"id":17777,"date":"2026-03-18T22:04:56","date_gmt":"2026-03-18T21:04:56","guid":{"rendered":"https:\/\/gltestm.webology.pl\/produkt\/sonicky-zubni-kartacek-sg-508-outlet\/"},"modified":"2026-03-22T21:56:11","modified_gmt":"2026-03-22T20:56:11","slug":"sonicky-zubni-kartacek-sg-508-outlet","status":"publish","type":"product","link":"https:\/\/gltestm.webology.pl\/cs\/produkt\/sonicky-zubni-kartacek-sg-508-outlet\/","title":{"rendered":"Sonick\u00fd zubn\u00ed kart\u00e1\u010dek SG-508 Outlet"},"content":{"rendered":"<h2><strong>Sonick\u00fd zubn\u00ed kart\u00e1\u010dek SG-508<\/strong><\/h2>\n<p><strong>Elektronick\u00fd sonick\u00fd zubn\u00ed<\/strong> kart\u00e1\u010dek SG-508 je technologicky vysp\u011bl\u00fd v\u00fdrobek pro p\u00e9\u010di a \u00fastn\u00ed hygienu. D\u00edky sv\u00e9mu zp\u016fsobu p\u016fsoben\u00ed, aktivn\u00edm b\u011bl\u00edc\u00edm vl\u00e1kn\u016fm a speci\u00e1ln\u00edm program\u016fm odstra\u0148uje <strong>sonick\u00fd<\/strong> zubn\u00ed kart\u00e1\u010dek zubn\u00ed plak s v\u011bt\u0161\u00ed \u00fa\u010dinnost\u00ed ne\u017e tradi\u010dn\u00ed manu\u00e1ln\u00ed nebo elektrick\u00e9 zubn\u00ed kart\u00e1\u010dky.<\/p>\n<h2><strong>V\u00fdstup<\/strong><\/h2>\n<ul>\n<li>vr\u00e1cen\u00fd v\u00fdrobek (nepou\u017eit\u00fd)<\/li>\n<li>otev\u0159en\u00e9 balen\u00ed<\/li>\n<\/ul>\n<p>To je umo\u017en\u011bno t\u00edm, \u017ee p\u0159\u00edstroj vykon\u00e1v\u00e1 vibra\u010dn\u00ed pohyby rychlost\u00ed <strong>34 000 pohyb\u016f za minutu<\/strong>. V kombinaci s vys\u00edlan\u00fdmi zvukov\u00fdmi vlnami tak vznik\u00e1 tzv. aktivn\u00ed oblak sahaj\u00edc\u00ed 3-5 mm od \u0161pi\u010dky vl\u00e1ken a umo\u017e\u0148uj\u00edc\u00ed mimo\u0159\u00e1dn\u011b \u00fa\u010dinn\u00e9 \u010di\u0161t\u011bn\u00ed t\u011b\u017eko dostupn\u00fdch m\u00edst v \u00fastech.  Ve\u0161ker\u00fd plak bude d\u016fkladn\u011b odstran\u011bn a sklovina z\u016fstane neporu\u0161en\u00e1. <\/p>\n<p>Ve\u0161ker\u00fd plak bude d\u016fkladn\u011b odstran\u011bn a sklovina neporu\u0161ena. <\/p>\n<h2><strong>Kl\u00ed\u010dov\u00e9 vlastnosti<\/strong><\/h2>\n<ul>\n<li><strong>34 000 pohyb\u016f\/min.<\/strong><\/li>\n<li>indik\u00e1tor<strong>(\u010dasova\u010d)<\/strong> <strong>doby \u010di\u0161t\u011bn\u00ed<\/strong> (odpo\u010d\u00edt\u00e1v\u00e1 ka\u017ed\u00fdch 30 sekund)<\/li>\n<li><strong>automatick\u00e9 vypnut\u00ed<\/strong> po 2 minut\u00e1ch<\/li>\n<li><strong>3 re\u017eimy<\/strong>: <strong>b\u011blen\u00ed<\/strong>, norm\u00e1ln\u00ed a <strong>\u0161etrn\u00fd<\/strong> (pro <strong>citliv\u00e9<\/strong> zuby)<\/li>\n<li><strong>vodot\u011bsnost<\/strong> (norma IPX6)<\/li>\n<li>dob\u00edjec\u00ed zdroj<\/li>\n<li>a\u017e <strong>80 minut<\/strong> nep\u0159etr\u017eit\u00e9ho pou\u017e\u00edv\u00e1n\u00ed<\/li>\n<li><strong>induk\u010dn\u00ed nab\u00edje\u010dka<\/strong> je sou\u010d\u00e1st\u00ed dod\u00e1vky<\/li>\n<li><strong>2 vym\u011bniteln\u00e9<\/strong> koncovky v <strong>balen\u00ed<\/strong><\/li>\n<\/ul>\n<h2>3 provozn\u00ed re\u017eimy pro nejn\u00e1ro\u010dn\u011bj\u0161\u00ed<\/h2>\n<p>P\u0159\u00edstroj aktivn\u011b mas\u00edruje d\u00e1sn\u011b a zlep\u0161uje jejich prokrven\u00ed, tak\u017ee po pou\u017eit\u00ed nedoch\u00e1z\u00ed k poru\u0161en\u00ed tk\u00e1n\u011b ani ke krv\u00e1cen\u00ed. Sonick\u00fd zubn\u00ed kart\u00e1\u010dek m\u00e1 <strong>t\u0159i provozn\u00ed re\u017eimy:<\/strong><\/p>\n<ul>\n<li><strong>b\u011blen\u00ed <\/strong>(pro odstran\u011bn\u00ed skvrn)<\/li>\n<li><strong>norm\u00e1ln\u00ed <\/strong> re\u017eim (pro b\u011b\u017en\u00e9 ka\u017edodenn\u00ed pou\u017e\u00edv\u00e1n\u00ed)<\/li>\n<li><strong>\u0161etrn\u00fd <\/strong> re\u017eim (pro citliv\u00e9 zuby)<\/li>\n<\/ul>\n<h2><strong>\u010casova\u010d, kter\u00fd m\u011b\u0159\u00ed dobu \u010di\u0161t\u011bn\u00ed zub\u016f<\/strong><\/h2>\n<p><strong>Vestav\u011bn\u00fd alarm <\/strong>v\u00e1s ka\u017ed\u00fdch 30 sekund b\u011bhem pou\u017e\u00edv\u00e1n\u00ed upozorn\u00ed zvukov\u00fdm sign\u00e1lem, kdy\u017e je t\u0159eba zm\u011bnit \u010di\u0161t\u011bnou oblast \u00fast, a p\u0159\u00edstroj<strong> se automaticky vyp<\/strong> ne <strong>po 2 minut\u00e1ch <\/strong>nep\u0159etr\u017eit\u00e9ho pou\u017e\u00edv\u00e1n\u00ed<strong>.<\/strong><\/p>\n<h2><strong>2 vym\u011bniteln\u00e9 koncovky a induk\u010dn\u00ed nab\u00edjec\u00ed stanice<\/strong><\/h2>\n<p>Zubn\u00ed kart\u00e1\u010dek se dod\u00e1v\u00e1 se 2 <strong><a href=\"https:\/\/galerialucznik.pl\/product-pol-623-Koncowki-do-szczoteczki-sonicznej.html\" target=\"_blank\" rel=\"noopener\">v\u00fdm\u011bnn\u00fdmi<\/a> <\/strong> <strong>koncovkami a <\/strong> <strong>induk\u010dn\u00ed nab\u00edjec\u00ed stanic\u00ed pro<\/strong> zubn\u00ed kart\u00e1\u010dek Lucznik SG-508 <strong><a href=\"https:\/\/galerialucznik.pl\/product-pol-623-Koncowki-do-szczoteczki-sonicznej.html\" target=\"_blank\" rel=\"noopener\">.<\/a> <\/strong>Zubn\u00ed l\u00e9ka\u0159i doporu\u010duj\u00ed vym\u011b\u0148ovat<strong> sonickou koncovku zubn\u00edho kart\u00e1\u010dku ka\u017ed\u00e9 3<\/strong> m\u011bs\u00edce. V\u00fdrobek je ur\u010den pro osoby<strong> star\u0161\u00ed 8<\/strong> let.<\/p>\n<h2>z\u00e1ruka 24 m\u011bs\u00edc\u016f<\/h2>\n<p>Na p\u0159\u00edstroj je <strong>poskytov\u00e1na 24m\u011bs\u00ed\u010dn\u00ed z\u00e1ruka<\/strong> a <strong>n\u00e1vod k pou\u017eit\u00ed v pol\u0161tin\u011b<\/strong>.<\/p>\n<h2><strong>Pro\u010d je sonick\u00fd zubn\u00ed kart\u00e1\u010dek nejlep\u0161\u00edm p\u0159\u00edstrojem pro ka\u017edodenn\u00ed p\u00e9\u010di o zuby?<\/strong><\/h2>\n<p>Jen m\u00e1lo v\u011bc\u00ed na vzhledu \u010dlov\u011bka upout\u00e1 pozornost v\u00edce ne\u017e \u0161irok\u00fd a sn\u011bhob\u00edl\u00fd \u00fasm\u011bv. Kr\u00e1sn\u00fd \u00fasm\u011bv je v\u0161ak p\u0159edev\u0161\u00edm zdrav\u00fd \u00fasm\u011bv.  Abychom od zuba\u0159e nikdy nesly\u0161eli nep\u0159\u00edjemn\u00e1 slova jako &#8222;paradent\u00f3za&#8220;, &#8222;vrt\u00e1n\u00ed&#8220; nebo &#8222;kazy&#8220;, je nezbytn\u00e9 (krom\u011b pravideln\u00fdch prohl\u00eddek) db\u00e1t na spr\u00e1vnou a ka\u017edodenn\u00ed \u00fastn\u00ed hygienu &#8211; zuby je t\u0159eba d\u016fkladn\u011b \u010distit kart\u00e1\u010dkem a zubn\u00ed nit\u00ed. Doporu\u010duje se tak\u00e9 \u010di\u0161t\u011bn\u00ed jazyka a \u00fastn\u00ed voda. Ka\u017ed\u00fd z n\u00e1s to zd\u00e1nliv\u011b v\u00ed, p\u0159esto se probl\u00e9my se zubn\u00edm kazem vyskytuj\u00ed u 9 z 10 Pol\u00e1k\u016f. To zase znamen\u00e1, \u017ee n\u011bco d\u011bl\u00e1me \u0161patn\u011b.<\/p>\n<p><strong>Elektrick\u00fd<\/strong> zubn\u00ed kart\u00e1\u010dek nebo <strong>sonick\u00fd<\/strong> zubn\u00ed kart\u00e1\u010dek m\u016f\u017ee pomoci tento probl\u00e9m odstranit. <strong>Elektrick\u00e9 zubn\u00ed<\/strong> kart\u00e1\u010dky jsou na trhu ji\u017e dlouho, a jsou proto v\u0161eobecn\u011b zn\u00e1m\u00e9, ale <strong>sonick\u00fd<\/strong> zubn\u00ed kart\u00e1\u010dek je n\u011bco jako novinka. A jak<strong> sonick\u00fd<\/strong> zubn\u00ed kart\u00e1\u010dek funguje? No, jeho fungov\u00e1n\u00ed je zalo\u017eeno na kombinaci dvou prvk\u016f &#8211; prov\u00e1d\u011bn\u00ed \u010distic\u00edch pohyb\u016f a vys\u00edl\u00e1n\u00ed vysokofrekven\u010dn\u00edch zvukov\u00fdch vln.<\/p>\n<p>\u0160t\u011btiny p\u0159\u00edstroje se pohybuj\u00ed rychlost\u00ed v\u00edce ne\u017e 30 000 pohyb\u016f za minutu. To je opravdu hodn\u011b &#8211; u popul\u00e1rn\u011bj\u0161\u00edch elektrick\u00fdch zubn\u00edch kart\u00e1\u010dk\u016f je to obvykle kolem 8 000 pohyb\u016f za minutu. V kombinaci s vys\u00edlan\u00fdmi zvukov\u00fdmi vlnami tak vznik\u00e1 tzv. aktivn\u00ed oblak, kter\u00fd si lze p\u0159edstavit jako jak\u00e9si &#8222;\u010distic\u00ed silov\u00e9 pole&#8220; Jedn\u00e1 se o oblast, kter\u00e1 sah\u00e1 3-5 mm od \u0161pi\u010dky vl\u00e1ken a umo\u017e\u0148uje snadn\u00e9 a \u00fa\u010dinn\u00e9 \u010di\u0161t\u011bn\u00ed t\u011b\u017eko p\u0159\u00edstupn\u00fdch m\u00edst v \u00fastech. <\/p>\n<p>Co je na n\u011bm tak skv\u011bl\u00e9ho? Inu, <strong>sonick\u00fd zubn\u00ed<\/strong> kart\u00e1\u010dek dokonale vy\u010dist\u00ed nejen p\u0159irozen\u011b t\u011b\u017eko p\u0159\u00edstupn\u00e1 m\u00edsta v \u00fastech, jako jsou prostory mezi zuby, ale tak\u00e9 oblast kolem rovn\u00e1tek. Skv\u011ble \u010dist\u00ed zuby jak od zbytk\u016f j\u00eddla, tak (p\u0159i pravideln\u00e9m pou\u017e\u00edv\u00e1n\u00ed) od pevn\u00fdch ne\u010distot, jako je zubn\u00ed k\u00e1men, plak nebo usazeniny z k\u00e1vy a \u010daje. <\/p>\n<p>Co je nem\u00e9n\u011b d\u016fle\u017eit\u00e9, d\u00edky jemn\u00fdm \u0161t\u011btin\u00e1m a zametac\u00edm pohyb\u016fm nevede \u010di\u0161t\u011bn\u00ed zub\u016f <strong>sonick\u00fdm p\u0159\u00edstrojem<\/strong> k \u00fastupu d\u00e1sn\u00ed, co\u017e je obzvl\u00e1\u0161t\u011b d\u016fle\u017eit\u00e9, pokud si chcete zachovat kr\u00e1sn\u00fd a p\u0159irozen\u00fd \u00fasm\u011bv po mnoho let, a co v\u00edc, <strong>sonick\u00e9<\/strong> <strong>zubn\u00ed kart\u00e1\u010dky<\/strong> mohou s \u00fasp\u011bchem pou\u017e\u00edvat i lid\u00e9 trp\u00edc\u00ed paradent\u00f3zou.<\/p>\n","protected":false},"excerpt":{"rendered":"<p>Elektronick\u00fd sonick\u00fd zubn\u00ed kart\u00e1\u010dek SG508 s induk\u010dn\u00edm nab\u00edjen\u00edm je \u0161pi\u010dkov\u00fd v\u00fdrobek pro p\u00e9\u010di a \u00fastn\u00ed hygienu. Odstra\u0148uje zubn\u00ed k\u00e1men s v\u011bt\u0161\u00ed \u00fa\u010dinnost\u00ed ne\u017e jin\u00e9 manu\u00e1ln\u00ed zubn\u00ed kart\u00e1\u010dky.<\/p>\n","protected":false},"featured_media":13541,"comment_status":"open","ping_status":"closed","template":"","meta":[],"product_brand":[],"product_cat":[886],"product_tag":[],"class_list":{"0":"post-17777","1":"product","2":"type-product","3":"status-publish","4":"has-post-thumbnail","6":"product_cat-szczoteczki-soniczne","8":"first","9":"instock","10":"taxable","11":"shipping-taxable","12":"purchasable","13":"product-type-simple"},"_links":{"self":[{"href":"https:\/\/gltestm.webology.pl\/cs\/wp-json\/wp\/v2\/product\/17777","targetHints":{"allow":["GET"]}}],"collection":[{"href":"https:\/\/gltestm.webology.pl\/cs\/wp-json\/wp\/v2\/product"}],"about":[{"href":"https:\/\/gltestm.webology.pl\/cs\/wp-json\/wp\/v2\/types\/product"}],"replies":[{"embeddable":true,"href":"https:\/\/gltestm.webology.pl\/cs\/wp-json\/wp\/v2\/comments?post=17777"}],"version-history":[{"count":0,"href":"https:\/\/gltestm.webology.pl\/cs\/wp-json\/wp\/v2\/product\/17777\/revisions"}],"wp:featuredmedia":[{"embeddable":true,"href":"https:\/\/gltestm.webology.pl\/cs\/wp-json\/wp\/v2\/media\/13541"}],"wp:attachment":[{"href":"https:\/\/gltestm.webology.pl\/cs\/wp-json\/wp\/v2\/media?parent=17777"}],"wp:term":[{"taxonomy":"product_brand","embeddable":true,"href":"https:\/\/gltestm.webology.pl\/cs\/wp-json\/wp\/v2\/product_brand?post=17777"},{"taxonomy":"product_cat","embeddable":true,"href":"https:\/\/gltestm.webology.pl\/cs\/wp-json\/wp\/v2\/product_cat?post=17777"},{"taxonomy":"product_tag","embeddable":true,"href":"https:\/\/gltestm.webology.pl\/cs\/wp-json\/wp\/v2\/product_tag?post=17777"}],"curies":[{"name":"wp","href":"https:\/\/api.w.org\/{rel}","templated":true}]}}