{"id":17741,"date":"2026-03-18T22:04:55","date_gmt":"2026-03-18T21:04:55","guid":{"rendered":"https:\/\/gltestm.webology.pl\/produkt\/stojanovy-vysavac-lucznik-2-v-1-op-2018-outlet\/"},"modified":"2026-03-22T21:16:18","modified_gmt":"2026-03-22T20:16:18","slug":"stojanovy-vysavac-lucznik-2-v-1-op-2018-outlet","status":"publish","type":"product","link":"https:\/\/gltestm.webology.pl\/cs\/produkt\/stojanovy-vysavac-lucznik-2-v-1-op-2018-outlet\/","title":{"rendered":"Stojanov\u00fd vysava\u010d Lucznik 2 v 1 OP-2018 Outlet"},"content":{"rendered":"<h2>Stojanov\u00fd vysava\u010d <strong>2v1 OP-2018<\/strong> &#8211; dvojn\u00e1sobn\u00fd vys\u00e1vac\u00ed v\u00fdkon<strong><br \/><\/strong><\/h2>\n<p>Vysava\u010d<strong>2v1 up<\/strong> right OP-2018 je \u00fa\u017easnou kombinac\u00ed <strong>stojanov\u00e9ho<\/strong> vysava\u010de a <strong>ru\u010dn\u00edho<\/strong> vysava\u010de. Kdy\u017e pot\u0159ebujete <strong>vys\u00e1t<\/strong> v\u011bt\u0161\u00ed podlahovou plochu, pou\u017eijte vysava\u010d <strong>up <\/strong>right. Pro \u00faklid men\u0161\u00edho nebo t\u011b\u017eko p\u0159\u00edstupn\u00e9ho prostoru, interi\u00e9ru auta a <strong>d\u016fkladn\u00e9\u010di\u0161t\u011bn\u00ed<\/strong> pou\u017eijte ru\u010dn\u00ed vysava\u010d. Oto\u010dn\u00e1 konstrukce a provoz v \u00fahlu 135 a 180 stup\u0148\u016f v\u00e1m umo\u017en\u00ed dos\u00e1hnout t\u00e9m\u011b\u0159 kamkoli. D\u00edky sklopn\u00e9 rukojeti je <strong>stojanov\u00fd vys<\/strong> ava\u010d <strong>OP-2018<\/strong> men\u0161\u00ed, tak\u017ee ho po skon\u010den\u00ed vys\u00e1v\u00e1n\u00ed m\u016f\u017eete ulo\u017eit do jak\u00e9hokoli rohu. D\u00edky kompaktn\u00edm rozm\u011br\u016fm, lehk\u00e9 konstrukci a skl\u00e1dac\u00ed rukojeti je skladov\u00e1n\u00ed tohoto p\u0159\u00edstroje velmi snadn\u00e9.<\/p>\n<h2>V\u00fdstup<\/h2>\n<ul>\n<li>vr\u00e1cen\u00fd v\u00fdrobek (nepou\u017eit\u00fd)<\/li>\n<li>otev\u0159en\u00fd obal<\/li>\n<\/ul>\n<h2>Kl\u00ed\u010dov\u00e9 vlastnosti vysava\u010de OP-2018<\/h2>\n<ul>\n<li>A\u017e <strong>38 minut nep\u0159etr\u017eit\u00e9ho<\/strong> provozu<\/li>\n<li><strong>2 \u00farovn\u011b v\u00fdkonu <\/strong><\/li>\n<li>Pohodln\u00e1 <strong>skl\u00e1dac\u00ed rukoje\u0165<\/strong><\/li>\n<li>Pracovn\u00ed \u00fahly: <strong>90<\/strong> stup\u0148\u016f, <strong>135<\/strong> stup\u0148\u016f <strong>180<\/strong> stup\u0148\u016f<\/li>\n<li>0.<strong>objem<\/strong> n\u00e1doby na <strong>prach<\/strong><strong>5 l<\/strong> <\/li>\n<li><strong>LED<\/strong> osv\u011btlen\u00ed pracovn\u00ed <strong>plochy<\/strong> <\/li>\n<li><strong>v\u00fdkon 85 W<\/strong> <\/li>\n<li>Hmotnost <strong>2,6 kg<\/strong><\/li>\n<li>Maxim\u00e1ln\u00ed hlu\u010dnost <strong>80 dB<\/strong><\/li>\n<li>Nap\u00e1jen\u00ed dob\u00edjec\u00ed lithium-iontov\u00e1 baterie s kapacitou <strong>2000 mAh<\/strong><\/li>\n<li>Doba nab\u00edjen\u00ed 3-5 hodin<\/li>\n<li>z\u00e1ruka<strong>24 m\u011bs\u00edc\u016f<\/strong> <\/li>\n<\/ul>\n<h2>Standardn\u00ed v\u00fdbava<\/h2>\n<ul>\n<li>nap\u00e1jec\u00ed adapt\u00e9r<\/li>\n<li>odn\u00edmateln\u00fd <strong>ru\u010dn\u00ed vysava\u010d<\/strong><\/li>\n<li>hubice na<strong>\u010daloun\u011bn\u00ed<\/strong> <\/li>\n<li><strong>\u0161t\u011brbinov\u00e1<\/strong> hubice<\/li>\n<li>n\u00e1vod k pou\u017eit\u00ed<\/li>\n<\/ul>\n<h2>Stojanov\u00fd vysava\u010d2v1<strong>OP-2018<\/strong> &#8211; podrobn\u00e9 informace o produktu<\/h2>\n<p>Vysava\u010d <strong>2v1 nahoru v <\/strong>pravo OP-2018 m\u00e1 2 \u00farovn\u011b v\u00fdkonu (maxim\u00e1ln\u00ed v\u00fdkon je <strong>85 W<\/strong>). P\u0159i provozu na vysokou rychlost vysava\u010d pracuje a\u017e 18 minut, zat\u00edmco p\u0159i pomalej\u0161\u00ed rychlosti a\u017e 38 minut.<strong>pln\u00e9<\/strong><strong>nabit\u00ed<\/strong><strong>trv\u00e1 3-5 hodin<\/strong><strong>.<\/strong><strong>stojanov\u00fd vysava\u010d OP-2018 <\/strong>je <strong>bezdr\u00e1tov\u00fd<\/strong>, tak\u017ee ho po nabit\u00ed m\u016f\u017eete voln\u011b pou\u017e\u00edvat v jak\u00e9koli m\u00edstnosti. Na pat\u011b kart\u00e1\u010de jsou nainstalov\u00e1na <strong>LED sv\u011btla<\/strong>, tak\u017ee budete moci je\u0161t\u011b snadn\u011bji posoudit, zda byl povrch dob\u0159e vy\u010di\u0161t\u011bn, zejm\u00e9na v m\u00e9n\u011b osv\u011btlen\u00fdch prostor\u00e1ch. <\/p>\n<p><strong>Stojanov\u00fd<\/strong> vysava\u010d<strong>2 v 1<\/strong> TheOP-2018 m\u00e1 snadno \u010distiteln\u00fd <strong>filtr<\/strong>, kter\u00fd lze um\u00fdt pod <strong>tekouc\u00ed<\/strong> vodou a p\u0159ed dal\u0161\u00edm pou\u017eit\u00edm rychle vysu\u0161it. Jeho n\u00e1doba na prach m\u00e1 objem 0,5 litru.<\/p>\n<p>Sou\u010d\u00e1st\u00ed balen\u00ed <strong>ru\u010dn\u00edho<\/strong> vysava\u010de je <strong>\u0161t\u011brbinov\u00e1<\/strong> hubice ide\u00e1ln\u00ed pro vys\u00e1v\u00e1n\u00ed radi\u00e1tor\u016f nebo interi\u00e9r\u016f automobil\u016f a <strong>hubice na \u010daloun\u011bn\u00ed<\/strong>, kter\u00e1 se skv\u011ble hod\u00ed pro vys\u00e1v\u00e1n\u00ed \u010daloun\u011bn\u00ed a dal\u0161\u00edch tkanin, zejm\u00e9na pokud se chcete zbavit ne\u017e\u00e1douc\u00edch vlas\u016f nebo chlup\u016f z dom\u00e1c\u00edch zv\u00ed\u0159at. D\u00edky tomu, \u017ee se st\u011brka na <strong>\u010daloun\u011bn\u00ed<\/strong> p\u0159i t\u0159en\u00ed elektrizuje, snadno na n\u00ed ulp\u00ed pr\u00e1v\u011b vlasy a chlupy a vy se m\u016f\u017eete p\u0159estat starat o tyto zbytky, proto\u017ee je nyn\u00ed jednodu\u0161e a rychle vy\u010dist\u00edte.<\/p>\n<h2>z\u00e1ruka 24 m\u011bs\u00edc\u016f<\/h2>\n<p><strong>Stojanov\u00fd<\/strong> vysava\u010d<strong>2 v 1<\/strong> TheOP-2018 je dod\u00e1v\u00e1n s <strong>24m\u011bs\u00ed\u010dn\u00ed z\u00e1rukou<\/strong> a <strong>n\u00e1vodem k pou\u017eit\u00ed v pol\u0161tin\u011b<\/strong>, kter\u00fd byste si m\u011bli p\u0159ed pou\u017eit\u00edm p\u0159e\u010d\u00edst.<\/p>\n","protected":false},"excerpt":{"rendered":"<p>Stojanov\u00fd vysava\u010d 2 v 1 je praktickou kombinac\u00ed stojanov\u00e9ho vysava\u010de a ru\u010dn\u00edho vysava\u010de. Praktick\u00e9 za\u0159\u00edzen\u00ed pro vys\u00e1v\u00e1n\u00ed v\u011bt\u0161\u00edch ploch a mal\u00fdch t\u011b\u017eko p\u0159\u00edstupn\u00fdch prostor.<\/p>\n","protected":false},"featured_media":15139,"comment_status":"open","ping_status":"closed","template":"","meta":[],"product_brand":[],"product_cat":[866],"product_tag":[],"class_list":{"0":"post-17741","1":"product","2":"type-product","3":"status-publish","4":"has-post-thumbnail","6":"product_cat-odkurzacze","8":"first","9":"instock","10":"taxable","11":"shipping-taxable","12":"purchasable","13":"product-type-simple"},"_links":{"self":[{"href":"https:\/\/gltestm.webology.pl\/cs\/wp-json\/wp\/v2\/product\/17741","targetHints":{"allow":["GET"]}}],"collection":[{"href":"https:\/\/gltestm.webology.pl\/cs\/wp-json\/wp\/v2\/product"}],"about":[{"href":"https:\/\/gltestm.webology.pl\/cs\/wp-json\/wp\/v2\/types\/product"}],"replies":[{"embeddable":true,"href":"https:\/\/gltestm.webology.pl\/cs\/wp-json\/wp\/v2\/comments?post=17741"}],"version-history":[{"count":0,"href":"https:\/\/gltestm.webology.pl\/cs\/wp-json\/wp\/v2\/product\/17741\/revisions"}],"wp:featuredmedia":[{"embeddable":true,"href":"https:\/\/gltestm.webology.pl\/cs\/wp-json\/wp\/v2\/media\/15139"}],"wp:attachment":[{"href":"https:\/\/gltestm.webology.pl\/cs\/wp-json\/wp\/v2\/media?parent=17741"}],"wp:term":[{"taxonomy":"product_brand","embeddable":true,"href":"https:\/\/gltestm.webology.pl\/cs\/wp-json\/wp\/v2\/product_brand?post=17741"},{"taxonomy":"product_cat","embeddable":true,"href":"https:\/\/gltestm.webology.pl\/cs\/wp-json\/wp\/v2\/product_cat?post=17741"},{"taxonomy":"product_tag","embeddable":true,"href":"https:\/\/gltestm.webology.pl\/cs\/wp-json\/wp\/v2\/product_tag?post=17741"}],"curies":[{"name":"wp","href":"https:\/\/api.w.org\/{rel}","templated":true}]}}