{"id":17729,"date":"2026-03-18T22:04:54","date_gmt":"2026-03-18T21:04:54","guid":{"rendered":"https:\/\/gltestm.webology.pl\/produkt\/patka-pro-patchwork-s-voditkem\/"},"modified":"2026-03-22T21:16:15","modified_gmt":"2026-03-22T20:16:15","slug":"patka-pro-patchwork-s-voditkem","status":"publish","type":"product","link":"https:\/\/gltestm.webology.pl\/cs\/produkt\/patka-pro-patchwork-s-voditkem\/","title":{"rendered":"Patka pro patchwork s vod\u00edtkem"},"content":{"rendered":"<h2>Patka pro patchwork s vod\u00edtkem<\/h2>\n<p><span>Patka pro patchwork s <strong>vod\u00edtkem<\/strong> 1\/4 palce je ide\u00e1ln\u00edm n\u00e1strojem pro spojov\u00e1n\u00ed l\u00e1tek. Jej\u00ed <strong>n\u00edzko posazen\u00e9<\/strong>, <strong>odpru\u017een\u00e9<\/strong> <strong>vod\u00edtko<\/strong> vede patku p\u0159esn\u011b <strong>a\u017e k okraji l\u00e1tky<\/strong>, \u010d\u00edm\u017e zaji\u0161\u0165uje <strong>rovnom\u011brnost<\/strong> \u0161vu a <strong>dokonal\u00e9<\/strong> p\u0159izp\u016fsoben\u00ed pro r\u016fzn\u00e9 tlou\u0161\u0165ky materi\u00e1lu. Pomoc\u00ed t\u00e9to patky m\u016f\u017eete spojit <strong>n\u011bkolik vrstev l\u00e1tek<\/strong>dohromady, a\u0165 u\u017e je chcete spojit <strong>p\u0159ekryt\u00edm,<\/strong> nebo metodou <strong>knofl\u00edku<\/strong>.<\/span><\/p>\n<h2>Syst\u00e9m rychl\u00e9ho zap\u00edn\u00e1n\u00ed MATIC<\/h2>\n<div>Patka je vhodn\u00e1 pro v\u0161echny stroje Lucznik z aktu\u00e1ln\u00ed prodejn\u00ed nab\u00eddky. Patka je ur\u010dena pro v\u011bt\u0161inu dom\u00e1c\u00edch \u0161ic\u00edch stroj\u016f s rychloup\u00ednac\u00edm syst\u00e9mem <a href=\"https:\/\/galerialucznik.pl\/search.php?text=matic\" target=\"_blank\" rel=\"noopener\"><strong>MATIC<\/strong><\/a>. Pro star\u0161\u00ed stroje, kter\u00e9 nemaj\u00ed <strong><a href=\"https:\/\/galerialucznik.pl\/search.php?text=matic\" target=\"_blank\" rel=\"noopener\">rychloup\u00ednac\u00ed<\/a> dr\u017e\u00e1k , <\/strong> je nutn\u00e9 jej nainstalovat.<\/div>\n<h2><strong>P\u0159\u00edklady<\/strong><strong> stroj\u016f, ke kter\u00fdm patka pasuje<\/strong><\/h2>\n<ul>\n<li><strong>Lucznik<\/strong>: v\u0161echny stroje z aktu\u00e1ln\u00ed prodejn\u00ed nab\u00eddky, nap\u0159\u00edklad Ewa 2014, Teresa, <a>Polonia 2018, <\/a><a>Sophia II 2015 <\/a><a>,Helena 2060, <\/a><a>Marilyn 2018 HD, <\/a>Kornelia 2005 a dal\u0161\u00ed.<\/li>\n<li><strong>Archer<\/strong>: 884, 827, 877, 814, 864, 834, 833, 838 &#8211; <strong><a href=\"https:\/\/galerialucznik.pl\/pl\/products\/czesci-i-akcesoria\/stopki-i-lamowniki\/uchwyty-do-stopek\/uchwyt-matic-typ-niski-576.html\" target=\"_blank\" rel=\"noopener\">pouze s n\u00edzkou rukojet\u00ed Matic.<\/a><\/strong><\/li>\n<li><strong>Archer<\/strong> t\u0159. 400 &#8211; <strong><a href=\"https:\/\/galerialucznik.pl\/pl\/products\/czesci-i-akcesoria\/stopki-i-lamowniki\/uchwyty-do-stopek\/uchwyt-matic-typ-wysoki-577.html\" target=\"_blank\" rel=\"noopener\">pouze s vysokou rukojet\u00ed Matic<\/a><\/strong>.<\/li>\n<li><strong>Singer<\/strong>: 4411 HEAVY DUTY, 4423 HEAVY DUTY, 3221, Brilliance 6180, C44 a dal\u0161\u00ed.<\/li>\n<li><strong>Singer<\/strong>: 814, 833, 518, 514 &#8211; <strong><a href=\"https:\/\/galerialucznik.pl\/pl\/products\/czesci-i-akcesoria\/stopki-i-lamowniki\/uchwyty-do-stopek\/uchwyt-matic-typ-niski-576.html\" target=\"_blank\" rel=\"noopener\">pouze s n\u00edzkou rukojet\u00ed Matic<\/a><\/strong><\/li>\n<li><strong>Janome<\/strong> s kyvadlovou stopkou: 393, 415, 419S, E1015, JUNO J15, SAKURA 95 a dal\u0161\u00ed.<\/li>\n<li><strong>Elna<\/strong> s v\u00fdkyvn\u00fdm d\u0159\u00edkem: 160, 220, 3210 Jeans, 560 a dal\u0161\u00ed.<\/li>\n<li><strong>Brother<\/strong>: Stojan s up\u00ednac\u00edm h\u0159\u00eddelem se z\u00e1b\u011brovou h\u0159\u00eddel\u00ed: NV-10, NV-35, NV-1250, 1100, 1800, VQ2, DS-140 a dal\u0161\u00ed<\/li>\n<li><strong>Juki<\/strong>: HZL-27Z, 353, F400, F600 a dal\u0161\u00ed<\/li>\n<li><strong>Minerva<\/strong>: B32, 250C, Decor Professional, Experience 1000 a dal\u0161\u00ed.<\/li>\n<li><strong>Toyota<\/strong> s \u010dlunkov\u00fdm a rota\u010dn\u00edm chapa\u010dem: 21DES, SPA15R, SUPER JEANS 26, QUILT226, SPA34, JFS18<\/li>\n<\/ul>\n<p>P\u0159ed vlastn\u00edm <strong>\u0161it\u00edm<\/strong> v\u017edy prove\u010fte <strong>zku\u0161ebn\u00ed \u0161it\u00ed<\/strong>.<\/p>\n","protected":false},"excerpt":{"rendered":"<p>\u0160ic\u00ed patka pro patchwork a quiltov\u00e1n\u00ed. Usnad\u0148uje \u0161it\u00ed patchworku a spojov\u00e1n\u00ed l\u00e1tek rovn\u00fdm stehem (z\u00e1mkov\u00fdm stehem).<\/p>\n","protected":false},"featured_media":13356,"comment_status":"open","ping_status":"closed","template":"","meta":[],"product_brand":[],"product_cat":[451],"product_tag":[],"class_list":{"0":"post-17729","1":"product","2":"type-product","3":"status-publish","4":"has-post-thumbnail","6":"product_cat-stopki-do-maszyn","8":"first","9":"instock","10":"taxable","11":"shipping-taxable","12":"purchasable","13":"product-type-simple"},"_links":{"self":[{"href":"https:\/\/gltestm.webology.pl\/cs\/wp-json\/wp\/v2\/product\/17729","targetHints":{"allow":["GET"]}}],"collection":[{"href":"https:\/\/gltestm.webology.pl\/cs\/wp-json\/wp\/v2\/product"}],"about":[{"href":"https:\/\/gltestm.webology.pl\/cs\/wp-json\/wp\/v2\/types\/product"}],"replies":[{"embeddable":true,"href":"https:\/\/gltestm.webology.pl\/cs\/wp-json\/wp\/v2\/comments?post=17729"}],"version-history":[{"count":0,"href":"https:\/\/gltestm.webology.pl\/cs\/wp-json\/wp\/v2\/product\/17729\/revisions"}],"wp:featuredmedia":[{"embeddable":true,"href":"https:\/\/gltestm.webology.pl\/cs\/wp-json\/wp\/v2\/media\/13356"}],"wp:attachment":[{"href":"https:\/\/gltestm.webology.pl\/cs\/wp-json\/wp\/v2\/media?parent=17729"}],"wp:term":[{"taxonomy":"product_brand","embeddable":true,"href":"https:\/\/gltestm.webology.pl\/cs\/wp-json\/wp\/v2\/product_brand?post=17729"},{"taxonomy":"product_cat","embeddable":true,"href":"https:\/\/gltestm.webology.pl\/cs\/wp-json\/wp\/v2\/product_cat?post=17729"},{"taxonomy":"product_tag","embeddable":true,"href":"https:\/\/gltestm.webology.pl\/cs\/wp-json\/wp\/v2\/product_tag?post=17729"}],"curies":[{"name":"wp","href":"https:\/\/api.w.org\/{rel}","templated":true}]}}