{"id":17725,"date":"2026-03-18T22:04:53","date_gmt":"2026-03-18T21:04:53","guid":{"rendered":"https:\/\/gltestm.webology.pl\/produkt\/patchworkova-patka-s-meritkem\/"},"modified":"2026-03-22T21:16:14","modified_gmt":"2026-03-22T20:16:14","slug":"patchworkova-patka-s-meritkem","status":"publish","type":"product","link":"https:\/\/gltestm.webology.pl\/cs\/produkt\/patchworkova-patka-s-meritkem\/","title":{"rendered":"Patchworkov\u00e1 patka s m\u011b\u0159\u00edtkem"},"content":{"rendered":"<h2>Patka pro patchwork <\/h2>\n<p>Tato patka je <strong>nepostradateln\u00fdm n\u00e1strojem<\/strong> ve sv\u011bt\u011b <strong>patchworkov\u00e9ho<\/strong> \u0161it\u00ed. Jej\u00edm hlavn\u00edm \u00fa\u010delem je <strong>usnadnit spojov\u00e1n\u00ed r\u016fzn\u00fdch l\u00e1tek<\/strong> a jejich se\u0161\u00edv\u00e1n\u00ed do <strong>p\u0159esn\u00fdch \u0161v\u016f<\/strong>. <\/p>\n<h2>Odstup\u0148ov\u00e1n\u00ed<\/h2>\n<p>Na patce jsou um\u00edst\u011bna <strong>prav\u00edtka,<\/strong> kter\u00e1 poskytuj\u00ed <strong>referen\u010dn\u00ed bod<\/strong> p\u0159i \u0161it\u00ed. Tato prav\u00edtka usnad\u0148uj\u00ed udr\u017een\u00ed rovnosti \u0161v\u016f, co\u017e je nesm\u00edrn\u011b d\u016fle\u017eit\u00e9 p\u0159i pr\u00e1ci na patchworku, kde je p\u0159esnost kl\u00ed\u010dov\u00e1. Pomoc\u00ed t\u011bchto prav\u00edtek m\u016f\u017eete snadno a rychle upravit polohu l\u00e1tek p\u0159i \u0161it\u00ed a dos\u00e1hnout tak <strong>dokonale vyrovnan\u00fdch \u0161v\u016f<\/strong>.<\/p>\n<h2>Speci\u00e1ln\u00ed tvar<\/h2>\n<p>D\u016fle\u017eitou roli hraje tak\u00e9<strong>tvar patky<\/strong>. Je speci\u00e1ln\u011b navr\u017een tak, aby zajistil <strong>dokonal\u00fd \u0161ev<\/strong>. D\u00edky tomuto tvaru patky je l\u00e1tka <strong>spr\u00e1vn\u011b p\u0159itla\u010dena<\/strong>, tak\u017ee \u0161ev je <strong>rovnom\u011brn\u00fd<\/strong> a <strong>estetick\u00fd<\/strong>.<\/p>\n<p>Toto optim\u00e1ln\u00ed p\u0159itla\u010den\u00ed materi\u00e1lu je kl\u00ed\u010dov\u00e9 zejm\u00e9na p\u0159i spojov\u00e1n\u00ed <strong>tenk\u00fdch<\/strong> nebo <strong>pru\u017en\u00fdch<\/strong> l\u00e1tek, kter\u00e9 se mohou b\u011bhem \u0161it\u00ed snadno posunout.<\/p>\n<h2>Dva \u0161ic\u00ed okraje 1\/4 a 1\/8 palce<\/h2>\n<p>Patka pro patchwork m\u00e1 tak\u00e9<strong> dva r\u016fzn\u00e9 \u0161ic\u00ed okraje<\/strong>: <strong>1\/4 palce<\/strong> a <strong>1\/8 palce<\/strong>. Tyto zna\u010dky pom\u00e1haj\u00ed udr\u017eovat <strong>spr\u00e1vn\u00e9 rozestupy okraj\u016f l\u00e1tek<\/strong>, co\u017e je p\u0159i vytv\u00e1\u0159en\u00ed patchworkov\u00fdch blok\u016f a vzor\u016f nesm\u00edrn\u011b d\u016fle\u017eit\u00e9.<\/p>\n<p>D\u00edky t\u011bmto okraj\u016fm m\u016f\u017eete p\u0159esn\u011b kontrolovat vzd\u00e1lenost od \u0161vu k okraji l\u00e1tky, co\u017e vede k perfektn\u011b zvolen\u00fdm rozm\u011br\u016fm patchworkov\u00fdch d\u00edl\u016f.<\/p>\n<h2>Syst\u00e9m rychl\u00e9ho upevn\u011bn\u00ed MATIC<\/h2>\n<div>Patka je vhodn\u00e1 pro v\u0161echny stroje Archer z aktu\u00e1ln\u00ed prodejn\u00ed \u0159ady. Patka je ur\u010dena pro v\u011bt\u0161inu dom\u00e1c\u00edch \u0161ic\u00edch stroj\u016f s rychloup\u00ednac\u00edm syst\u00e9mem <a href=\"https:\/\/galerialucznik.pl\/search.php?text=matic\" target=\"_blank\" rel=\"noopener\"><strong>MATIC<\/strong><\/a>. Pro star\u0161\u00ed stroje, kter\u00e9 nemaj\u00ed <strong><a href=\"https:\/\/galerialucznik.pl\/search.php?text=matic\" target=\"_blank\" rel=\"noopener\">rychloup\u00ednac\u00ed<\/a> dr\u017e\u00e1k , <\/strong> je nutn\u00e9 jej nainstalovat.<\/div>\n<h2><strong>P\u0159\u00edklady<\/strong><strong> stroj\u016f, ke kter\u00fdm patka pasuje<\/strong><\/h2>\n<ul>\n<li><strong>Lucznik<\/strong>: v\u0161echny stroje z aktu\u00e1ln\u00ed prodejn\u00ed nab\u00eddky, nap\u0159\u00edklad Ewa 2014, Teresa, <a>Polonia 2018, <\/a><a>Sophia II 2015 <\/a><a>,Helena 2060, <\/a><a>Marilyn 2018 HD, <\/a>Kornelia 2005 a dal\u0161\u00ed.<\/li>\n<li><strong>Archer<\/strong>: 884, 827, 877, 814, 864, 834, 833, 838 &#8211; <strong><a href=\"https:\/\/galerialucznik.pl\/pl\/products\/czesci-i-akcesoria\/stopki-i-lamowniki\/uchwyty-do-stopek\/uchwyt-matic-typ-niski-576.html\" target=\"_blank\" rel=\"noopener\">pouze s n\u00edzkou rukojet\u00ed Matic.<\/a><\/strong><\/li>\n<li><strong>Archer<\/strong> t\u0159. 400 &#8211; <strong><a href=\"https:\/\/galerialucznik.pl\/pl\/products\/czesci-i-akcesoria\/stopki-i-lamowniki\/uchwyty-do-stopek\/uchwyt-matic-typ-wysoki-577.html\" target=\"_blank\" rel=\"noopener\">pouze s vysokou rukojet\u00ed Matic<\/a><\/strong>.<\/li>\n<li><strong>Singer<\/strong>: 4411 HEAVY DUTY, 4423 HEAVY DUTY, 3221, Brilliance 6180, C44 a dal\u0161\u00ed.<\/li>\n<li><strong>Singer<\/strong>: 814, 833, 518, 514 &#8211; <strong><a href=\"https:\/\/galerialucznik.pl\/pl\/products\/czesci-i-akcesoria\/stopki-i-lamowniki\/uchwyty-do-stopek\/uchwyt-matic-typ-niski-576.html\" target=\"_blank\" rel=\"noopener\">pouze s n\u00edzkou rukojet\u00ed Matic<\/a><\/strong><\/li>\n<li><strong>Janome<\/strong> s kyvadlovou stopkou: 393, 415, 419S, E1015, JUNO J15, SAKURA 95 a dal\u0161\u00ed.<\/li>\n<li><strong>Elna<\/strong> s v\u00fdkyvn\u00fdm d\u0159\u00edkem: 160, 220, 3210 Jeans, 560 a dal\u0161\u00ed.<\/li>\n<li><strong>Brother<\/strong>: Stojan s up\u00ednac\u00edm h\u0159\u00eddelem se z\u00e1b\u011brovou h\u0159\u00eddel\u00ed: NV-10, NV-35, NV-1250, 1100, 1800, VQ2, DS-140 a dal\u0161\u00ed<\/li>\n<li><strong>Juki<\/strong>: HZL-27Z, 353, F400, F600 a dal\u0161\u00ed<\/li>\n<li><strong>Minerva<\/strong>: B32, 250C, Decor Professional, Experience 1000 a dal\u0161\u00ed.<\/li>\n<li><strong>Toyota<\/strong> s \u010dlunkov\u00fdm a rota\u010dn\u00edm chapa\u010dem: 21DES, SPA15R, SUPER JEANS 26, QUILT226, SPA34, JFS18<\/li>\n<\/ul>\n<p>P\u0159ed vlastn\u00edm <strong>\u0161it\u00edm<\/strong> v\u017edy prove\u010fte <strong>zku\u0161ebn\u00ed \u0161it\u00ed<\/strong>.<\/p>\n","protected":false},"excerpt":{"rendered":"<p>\u0160ic\u00ed patka pro patchwork a quiltov\u00e1n\u00ed. Usnad\u0148uje \u0161it\u00ed patchworku a spojov\u00e1n\u00ed l\u00e1tek rovn\u00fdm stehem (z\u00e1mkov\u00fdm stehem).<\/p>\n","protected":false},"featured_media":14554,"comment_status":"open","ping_status":"closed","template":"","meta":[],"product_brand":[],"product_cat":[451],"product_tag":[],"class_list":{"0":"post-17725","1":"product","2":"type-product","3":"status-publish","4":"has-post-thumbnail","6":"product_cat-stopki-do-maszyn","8":"first","9":"instock","10":"taxable","11":"shipping-taxable","12":"purchasable","13":"product-type-simple"},"_links":{"self":[{"href":"https:\/\/gltestm.webology.pl\/cs\/wp-json\/wp\/v2\/product\/17725","targetHints":{"allow":["GET"]}}],"collection":[{"href":"https:\/\/gltestm.webology.pl\/cs\/wp-json\/wp\/v2\/product"}],"about":[{"href":"https:\/\/gltestm.webology.pl\/cs\/wp-json\/wp\/v2\/types\/product"}],"replies":[{"embeddable":true,"href":"https:\/\/gltestm.webology.pl\/cs\/wp-json\/wp\/v2\/comments?post=17725"}],"version-history":[{"count":0,"href":"https:\/\/gltestm.webology.pl\/cs\/wp-json\/wp\/v2\/product\/17725\/revisions"}],"wp:featuredmedia":[{"embeddable":true,"href":"https:\/\/gltestm.webology.pl\/cs\/wp-json\/wp\/v2\/media\/14554"}],"wp:attachment":[{"href":"https:\/\/gltestm.webology.pl\/cs\/wp-json\/wp\/v2\/media?parent=17725"}],"wp:term":[{"taxonomy":"product_brand","embeddable":true,"href":"https:\/\/gltestm.webology.pl\/cs\/wp-json\/wp\/v2\/product_brand?post=17725"},{"taxonomy":"product_cat","embeddable":true,"href":"https:\/\/gltestm.webology.pl\/cs\/wp-json\/wp\/v2\/product_cat?post=17725"},{"taxonomy":"product_tag","embeddable":true,"href":"https:\/\/gltestm.webology.pl\/cs\/wp-json\/wp\/v2\/product_tag?post=17725"}],"curies":[{"name":"wp","href":"https:\/\/api.w.org\/{rel}","templated":true}]}}