{"id":17697,"date":"2026-03-18T22:04:52","date_gmt":"2026-03-18T21:04:52","guid":{"rendered":"https:\/\/gltestm.webology.pl\/produkt\/elektricky-pilnik-na-nohy-at-15-zasuvka\/"},"modified":"2026-03-22T21:56:07","modified_gmt":"2026-03-22T20:56:07","slug":"elektricky-pilnik-na-nohy-at-15-zasuvka","status":"publish","type":"product","link":"https:\/\/gltestm.webology.pl\/cs\/produkt\/elektricky-pilnik-na-nohy-at-15-zasuvka\/","title":{"rendered":"Elektrick\u00fd piln\u00edk na nohy AT-15 z\u00e1suvka"},"content":{"rendered":"<h2><strong>Elektrick\u00fd piln\u00edk na nohy AT-15<\/strong><\/h2>\n<p>\u00dahledn\u00e9 nohy vypadaj\u00edc\u00ed kr\u00e1sn\u011b v letn\u00edch sand\u00e1lech jsou atributem ka\u017ed\u00e9 elegantn\u00ed \u017eeny. <strong>Piln\u00edk na chodidla AT-15<\/strong> v\u00fdrazn\u011b usnad\u0148uje proces prov\u00e1d\u011bn\u00ed dom\u00e1c\u00ed pedik\u00fary. Rychl\u00e9 ot\u00e1\u010dky umo\u017e\u0148uj\u00ed bezprobl\u00e9mov\u00fd a pohodln\u00fd peeling, podobn\u00fd zp\u016fsobu \u010di\u0161t\u011bn\u00ed poko\u017eky v profesion\u00e1ln\u00edm kosmetick\u00e9m salonu. Speci\u00e1ln\u00ed peelingov\u00e9 hroty \u00fa\u010dinn\u011b odstra\u0148uj\u00ed odum\u0159elou k\u016f\u017ei, zanech\u00e1vaj\u00ed poko\u017eku sametov\u011b hladkou a p\u0159ipravuj\u00ed ji na dal\u0161\u00ed o\u0161et\u0159en\u00ed.<\/p>\n<p><strong>Piln\u00edk na chodidla AT-15<\/strong> je tak\u00e9 velmi vhodn\u00fd k o\u0161et\u0159en\u00ed r\u016fzn\u00fdch typ\u016f onemocn\u011bn\u00ed pat &#8211; sta\u010d\u00ed n\u011bkolik minut denn\u011b, aby va\u0161e chodidla byla hladk\u00e1 a jemn\u00e1 jako nikdy p\u0159edt\u00edm.<\/p>\n<h2>Kl\u00ed\u010dov\u00e9 vlastnosti<\/h2>\n<ul>\n<li>Odstra\u0148uje <strong>zrohovat\u011blou poko\u017eku<\/strong><\/li>\n<li>Rychlost<strong>ot\u00e1\u010den\u00ed<\/strong> peelingov\u00e9ho v\u00e1le\u010dku je <strong>30kr\u00e1t za sekundu!<\/strong><\/li>\n<li>V\u00e1le\u010dky pokryt\u00e9 <strong>mikrogranulemi<\/strong><\/li>\n<li><strong>Vod\u011bodoln\u00e9 proveden\u00ed piln\u00edku a v\u00e1le\u010dk\u016f<\/strong><\/li>\n<li>Nap\u00e1jen\u00ed z baterie (nab\u00edje\u010dka je sou\u010d\u00e1st\u00ed balen\u00ed)<\/li>\n<li>P\u0159\u00edslu\u0161enstv\u00ed: <strong>2 vym\u011bniteln\u00e9 v\u00e1le\u010dky<\/strong>, kart\u00e1\u010dek, nab\u00edje\u010dka, n\u00e1vod k pou\u017eit\u00ed v pol\u0161tin\u011b<\/li>\n<\/ul>\n<h2>V\u00fdstup<\/h2>\n<ul>\n<li>vr\u00e1cen\u00fd v\u00fdrobek<strong>(nov\u00fd)<\/strong><\/li>\n<\/ul>\n<h2>Podrobn\u00e9 informace o v\u00fdrobku<\/h2>\n<p><strong>Elektrick\u00fd piln\u00edk na chodidla AT-15 <\/strong>p\u0159edstavuje revolu\u010dn\u00ed a rychlou metodu odstra\u0148ov\u00e1n\u00ed ztvrdl\u00e9 k\u016f\u017ee d\u00edky <strong>v\u00e1le\u010dk\u016fm pokryt\u00fdm mikrogranulemi<\/strong>, kter\u00e9 <strong>se ot\u00e1\u010dej\u00ed a\u017e 30kr\u00e1t za sekundu. <\/strong>Nav\u00edc se jedn\u00e1 o velmi bezpe\u010dnou metodu, proto\u017ee na rozd\u00edl od <strong>pilky na kov <\/strong>nebo jin\u00fdch p\u0159\u00edstroj\u016f nezra\u0148uje chodidla. <strong>Piln\u00edk na chodidla AT-15<\/strong> m\u00e1 pohodln\u00fd, ergonomick\u00fd tvar a dob\u00edjec\u00ed zdroj, kter\u00fd vysta\u010d\u00ed na <strong>30 minut<\/strong> nep\u0159etr\u017eit\u00e9ho pou\u017e\u00edv\u00e1n\u00ed p\u0159\u00edstroje. Pokud se <span>baterie vybije, lze piln\u00edk nap\u00e1jet pomoc\u00ed kabelu. Po skon\u010den\u00ed pr\u00e1ce doporu\u010dujeme nechat piln\u00edk p\u0159ipojen\u00fd k nab\u00edje\u010dce, aby se pln\u011b nabil.<\/span><\/p>\n<p>P\u0159i pravideln\u00e9m pou\u017e\u00edv\u00e1n\u00ed piln\u00edk zajist\u00ed, \u017ee va\u0161e <strong>nohy<\/strong> budou<strong> vypadat dokonale,<\/strong> tak\u017ee je m\u016f\u017eete bez obav prezentovat na pl\u00e1\u017ei nebo u baz\u00e9nu. Balen\u00ed obsahuje nab\u00edje\u010dku, kart\u00e1\u010dek na \u010di\u0161t\u011bn\u00ed v\u00e1le\u010dk\u016f a <a href=\"https:\/\/galerialucznik.pl\/product-pol-377-Wymienne-rolki-do-pilnika-do-stop-AT14A-i-AT15.html\" target=\"_blank\" rel=\"noopener\"><strong>dva vym\u011bniteln\u00e9 v\u00e1le\u010dky,<\/strong><\/a> kter\u00e9 lze um\u00fdt pod vodou.<\/p>\n","protected":false},"excerpt":{"rendered":"<p>Piln\u00edk na nohy AT15 m\u00e1 pohodln\u00fd ergonomick\u00fd tvar a dob\u00edjec\u00ed zdroj.<\/p>\n","protected":false},"featured_media":14508,"comment_status":"open","ping_status":"closed","template":"","meta":[],"product_brand":[],"product_cat":[896],"product_tag":[],"class_list":{"0":"post-17697","1":"product","2":"type-product","3":"status-publish","4":"has-post-thumbnail","6":"product_cat-pilniki-i-frezarki-do-stop","8":"first","9":"outofstock","10":"taxable","11":"shipping-taxable","12":"purchasable","13":"product-type-simple"},"_links":{"self":[{"href":"https:\/\/gltestm.webology.pl\/cs\/wp-json\/wp\/v2\/product\/17697","targetHints":{"allow":["GET"]}}],"collection":[{"href":"https:\/\/gltestm.webology.pl\/cs\/wp-json\/wp\/v2\/product"}],"about":[{"href":"https:\/\/gltestm.webology.pl\/cs\/wp-json\/wp\/v2\/types\/product"}],"replies":[{"embeddable":true,"href":"https:\/\/gltestm.webology.pl\/cs\/wp-json\/wp\/v2\/comments?post=17697"}],"version-history":[{"count":0,"href":"https:\/\/gltestm.webology.pl\/cs\/wp-json\/wp\/v2\/product\/17697\/revisions"}],"wp:featuredmedia":[{"embeddable":true,"href":"https:\/\/gltestm.webology.pl\/cs\/wp-json\/wp\/v2\/media\/14508"}],"wp:attachment":[{"href":"https:\/\/gltestm.webology.pl\/cs\/wp-json\/wp\/v2\/media?parent=17697"}],"wp:term":[{"taxonomy":"product_brand","embeddable":true,"href":"https:\/\/gltestm.webology.pl\/cs\/wp-json\/wp\/v2\/product_brand?post=17697"},{"taxonomy":"product_cat","embeddable":true,"href":"https:\/\/gltestm.webology.pl\/cs\/wp-json\/wp\/v2\/product_cat?post=17697"},{"taxonomy":"product_tag","embeddable":true,"href":"https:\/\/gltestm.webology.pl\/cs\/wp-json\/wp\/v2\/product_tag?post=17697"}],"curies":[{"name":"wp","href":"https:\/\/api.w.org\/{rel}","templated":true}]}}