{"id":17661,"date":"2026-03-18T22:04:50","date_gmt":"2026-03-18T21:04:50","guid":{"rendered":"https:\/\/gltestm.webology.pl\/produkt\/am-6214-vystupni-stroj-na-cukrovou-vatu\/"},"modified":"2026-03-22T21:15:58","modified_gmt":"2026-03-22T20:15:58","slug":"am-6214-vystupni-stroj-na-cukrovou-vatu","status":"publish","type":"product","link":"https:\/\/gltestm.webology.pl\/cs\/produkt\/am-6214-vystupni-stroj-na-cukrovou-vatu\/","title":{"rendered":"AM-6214 V\u00fdstupn\u00ed stroj na cukrovou vatu"},"content":{"rendered":"<p>Stroj na cukrovou vatu je skv\u011bl\u00e9 za\u0159\u00edzen\u00ed, s jeho\u017e pomoc\u00ed si <strong>doma<\/strong> snadno p\u0159iprav\u00edte <strong>lahodnou cukrovou vatu<\/strong>. Zejm\u00e9na pro d\u011bti, , to m\u016f\u017ee b\u00fdt nejen <strong>chutn\u00fd,<\/strong> ale tak\u00e9 <strong>vzd\u011bl\u00e1vac\u00ed <\/strong><strong>z\u00e1\u017eitek<\/strong>, proto\u017ee mohou na vlastn\u00ed o\u010di vid\u011bt, jak se p\u0159ipravuje jejich <strong>obl\u00edben\u00e1 pochoutka<\/strong> ve vlastn\u00ed kuchyni. <\/p>\n<p>M\u00edt stroj na cukrovou vatu jen pro sebe, ve vlastn\u00edm dom\u011b&#8230;.. To je pravd\u011bpodobn\u011b <strong>sen ka\u017ed\u00e9ho d\u00edt\u011bte<\/strong>. Bude skv\u011bl\u00fdm <strong>d\u00e1rkem<\/strong> a spolehlivou rekvizitou na v\u0161ech d\u011btsk\u00fdch narozeninov\u00fdch <strong>oslav\u00e1ch<\/strong> a jak\u00fdchkoli kinder party &#8211; rozjedete s n\u00edm opravdu <strong>b\u00e1je\u010dnou p\u00e1rty<\/strong>. S p\u0159id\u00e1n\u00edm barviva m\u016f\u017eete vykouzlit cukrovou vatu v mnoha <strong>kouzeln\u00fdch barv\u00e1ch<\/strong> a ud\u011blat z n\u00ed pro d\u011bti neuv\u011b\u0159itelnou z\u00e1bavu. <\/p>\n<p>Je pravd\u011bpodobn\u00e9, \u017ee si <strong>cukrovou v<\/strong> atu pamatujete z vlastn\u00edho d\u011btstv\u00ed nebo z americk\u00fdch film\u016f. Je pravd\u011bpodobn\u00e9, \u017ee jste n\u011bkdy p\u0159em\u00fd\u0161leli o tom, \u017ee si cukrovou vatu vyrob\u00edte doma &#8211; v\u017edy\u0165 k tomu pot\u0159ebujete jen trochu cukru! Pokud c\u00edt\u00edte, \u017ee ve v\u00e1s st\u00e1le d\u0159\u00edm\u00e1 d\u00edt\u011b, vyzkou\u0161ejte<span> tuto fantastickou hru<\/span>, kter\u00e1 v\u00e1s vezme na p\u0159\u00edjemnou cestu do doby, kdy se \u017eivot zd\u00e1l b\u00fdt bezstarostn\u00fd.<\/p>\n<h2>Kl\u00ed\u010dov\u00e9 vlastnosti<\/h2>\n<ul>\n<li>\u010cas na p\u0159\u00edpravu:<strong> doba p\u0159\u00edpravy: 3-4 minuty<\/strong><\/li>\n<li>Pr\u016fm\u011br <strong>misky<\/strong>: <strong>27,5 cm<\/strong><\/li>\n<li><strong>Ochrann\u00fd kryt<\/strong> usnad\u0148uj\u00edc\u00ed p\u0159\u00edpravu vaty<strong>(zabra\u0148uje<\/strong><strong>vyfouknut\u00ed<\/strong><strong> vaty z<\/strong>misky)<\/li>\n<li>D\u0159ev\u011bn\u00e9 <strong>h\u016flky jsou sou\u010d\u00e1st\u00ed balen\u00ed<\/strong><\/li>\n<li>Sou\u010d\u00e1st\u00ed balen\u00ed je<strong>odm\u011brka na cukr<\/strong> <\/li>\n<li>Gumov\u00e9 no\u017ei\u010dky pro <strong>stabilizaci<\/strong><\/li>\n<\/ul>\n<h2>V\u00fdstupn\u00ed otvor<\/h2>\n<ul>\n<li>v\u00fdrobek po vr\u00e1cen\u00ed<\/li>\n<li>otev\u0159en\u00e9 balen\u00ed<\/li>\n<\/ul>\n<h2>Sladk\u00fd z\u00e1\u017eitek pro va\u0161e d\u00edt\u011b doma!<\/h2>\n<p>D\u011bti miluj\u00ed sladkosti a v\u00fdrobn\u00edk cukrov\u00e9 vaty AM-6214-A v\u00e1m umo\u017en\u00ed p\u0159ipravit <strong>lahodn\u00e9<\/strong> <strong>sladk\u00e9<\/strong> ob\u010derstven\u00ed ve velmi <strong>kr\u00e1tk\u00e9m<\/strong> \u010dase. Umo\u017en\u00ed va\u0161emu d\u00edt\u011bti vychutnat si chu\u0165 obl\u00edben\u00fdch pochoutek v pohodl\u00ed domova, <strong>ani\u017e by muselo opou\u0161t\u011bt d\u016fm<\/strong> a hledat st\u00e1nky s cukrovou vatou.<\/p>\n<h2>Rychl\u00e1 a snadn\u00e1 p\u0159\u00edprava cukrov\u00e9 vaty<\/h2>\n<p>Jednou z nejd\u016fle\u017eit\u011bj\u0161\u00edch v\u00fdhod cuk\u0159enky<strong> AM-6214 A<\/strong> je jej\u00ed <strong>jednoduch\u00e9 ovl\u00e1d\u00e1n\u00ed<\/strong>, kter\u00e9 umo\u017e\u0148uje <strong>rychlou p\u0159\u00edpravu<\/strong> cukrov\u00e9 vaty. Sta\u010d\u00ed p\u0159\u00edstroj zapnout, po\u010dkat, a\u017e se zah\u0159eje, p\u0159idat <strong>spr\u00e1vn\u00e9 mno\u017estv\u00ed<\/strong> cukru a brzy si vychutnat lahodn\u00e9 b\u00edl\u00e9 kuli\u010dky. D\u00edky tomu si i men\u0161\u00ed d\u011bti mohou <strong>samy<\/strong> vychutnat po\u017eitek z <strong>v\u00fdroby<\/strong> cukrov\u00e9 vaty. Pozn\u00e1mka: doporu\u010dujeme dohled dosp\u011bl\u00e9 osoby!<\/p>\n<h2>Jak p\u0159ipravit cukrovou vatu doma?<\/h2>\n<p>P\u0159\u00edstroj umo\u017e\u0148uje p\u0159ipravit<strong> cukrovou<\/strong> vatu za pouh\u00e9<strong> 3-4<\/strong> minuty. K v\u00fdrob\u011b cukrov\u00e9 <strong>vaty<\/strong> pot\u0159ebujeme pouze <strong>oby\u010dejn\u00fd<\/strong> cukr, a pokud chcete zaj\u00edmavou p\u0159\u00edchu\u0165 nebo barvu, m\u016f\u017eete ji vyrobit pomoc\u00ed potravin\u00e1\u0159sk\u00e9ho barviva.<\/p>\n<p><strong>P\u0159\u00edstroj na<\/strong> cukrovou vatu <strong>AM-6214 A<\/strong> je vybaven velkou odn\u00edmatelnou<strong> m\u00edsou o pr\u016fm\u011bru 27,5 cm<\/strong>, na ni je nasunut\u00fd <strong>kryt, kter\u00fd zabr\u00e1n\u00ed odfouknut\u00ed cukrov\u00e9 v <\/strong>aty, tak\u017ee neunikne ani trocha pamlsku.<\/p>\n<p>Krom\u011b toho sada obsahuje tak\u00e9 <strong>d\u0159ev\u011bn\u00e9 ty\u010dinky<\/strong> a <strong>odm\u011brku na cukr<\/strong>. Za\u0159\u00edzen\u00ed m\u00e1 vyp\u00edna\u010d a gumov\u00e9 no\u017ei\u010dky pro zaji\u0161t\u011bn\u00ed stability. <strong>\u017d\u00e1dn\u00e9 \u010d\u00e1sti za\u0159\u00edzen\u00ed nemyjte v my\u010dce n\u00e1dob\u00ed!<\/strong><\/p>\n","protected":false},"excerpt":{"rendered":"<p>Dom\u00e1c\u00ed cukrov\u00e1 vata je spln\u011bn\u00fdm snem ka\u017ed\u00e9ho batolete i dosp\u011bl\u00e9ho, kter\u00fd m\u00e1 v sob\u011b je\u0161t\u011b d\u00edt\u011b. P\u0159\u00edstroj v\u00e1m umo\u017en\u00ed p\u0159ipravit cukrovou vatu za pouh\u00e9 3-4 minuty. K v\u00fdrob\u011b cukrov\u00e9 vaty pot\u0159ebujeme pouze oby\u010dejn\u00fd cukr.<\/p>\n","protected":false},"featured_media":15190,"comment_status":"open","ping_status":"closed","template":"","meta":[],"product_brand":[],"product_cat":[821],"product_tag":[],"class_list":{"0":"post-17661","1":"product","2":"type-product","3":"status-publish","4":"has-post-thumbnail","6":"product_cat-popcorn-i-wata-cukrowa","8":"first","9":"instock","10":"taxable","11":"shipping-taxable","12":"purchasable","13":"product-type-simple"},"_links":{"self":[{"href":"https:\/\/gltestm.webology.pl\/cs\/wp-json\/wp\/v2\/product\/17661","targetHints":{"allow":["GET"]}}],"collection":[{"href":"https:\/\/gltestm.webology.pl\/cs\/wp-json\/wp\/v2\/product"}],"about":[{"href":"https:\/\/gltestm.webology.pl\/cs\/wp-json\/wp\/v2\/types\/product"}],"replies":[{"embeddable":true,"href":"https:\/\/gltestm.webology.pl\/cs\/wp-json\/wp\/v2\/comments?post=17661"}],"version-history":[{"count":0,"href":"https:\/\/gltestm.webology.pl\/cs\/wp-json\/wp\/v2\/product\/17661\/revisions"}],"wp:featuredmedia":[{"embeddable":true,"href":"https:\/\/gltestm.webology.pl\/cs\/wp-json\/wp\/v2\/media\/15190"}],"wp:attachment":[{"href":"https:\/\/gltestm.webology.pl\/cs\/wp-json\/wp\/v2\/media?parent=17661"}],"wp:term":[{"taxonomy":"product_brand","embeddable":true,"href":"https:\/\/gltestm.webology.pl\/cs\/wp-json\/wp\/v2\/product_brand?post=17661"},{"taxonomy":"product_cat","embeddable":true,"href":"https:\/\/gltestm.webology.pl\/cs\/wp-json\/wp\/v2\/product_cat?post=17661"},{"taxonomy":"product_tag","embeddable":true,"href":"https:\/\/gltestm.webology.pl\/cs\/wp-json\/wp\/v2\/product_tag?post=17661"}],"curies":[{"name":"wp","href":"https:\/\/api.w.org\/{rel}","templated":true}]}}