{"id":17657,"date":"2026-03-18T22:04:50","date_gmt":"2026-03-18T21:04:50","guid":{"rendered":"https:\/\/gltestm.webology.pl\/produkt\/am-6611-c-vystupni-popcornovac\/"},"modified":"2026-03-22T21:56:05","modified_gmt":"2026-03-22T20:56:05","slug":"am-6611-c-vystupni-popcornovac","status":"publish","type":"product","link":"https:\/\/gltestm.webology.pl\/cs\/produkt\/am-6611-c-vystupni-popcornovac\/","title":{"rendered":"AM-6611 C v\u00fdstupn\u00ed popcornova\u010d"},"content":{"rendered":"<p>Popcornova\u010d AM 6611 C-23 je ide\u00e1ln\u00edm p\u0159\u00edstrojem pro <strong>d\u011bti<\/strong>, lidi, kte\u0159\u00ed si r\u00e1di d\u011blaj\u00ed <strong>popcorn<\/strong> k film\u016fm, a pro ty, kte\u0159\u00ed hledaj\u00ed <strong>zdravou sva\u010dinu<\/strong>. S pomoc\u00ed tohoto za\u0159\u00edzen\u00ed si ka\u017ed\u00fd bude moci doma p\u0159ipravit <strong>chutn\u00fd<\/strong>, <strong>k\u0159upav\u00fd<\/strong> a zdrav\u00fd popcorn. Jedn\u00e1 se o skv\u011bl\u00e9 za\u0159\u00edzen\u00ed pro ka\u017ed\u00e9ho, kdo ocen\u00ed chutn\u00fd a zdrav\u00fd popcorn. S jeho pomoc\u00ed<strong> snadno<\/strong> p\u0159iprav\u00edte <strong>velk\u00e9 mno\u017estv\u00ed<\/strong> lahodn\u00e9ho popcornu, kter\u00fd bude dokonalou sva\u010dinkou k <strong>film\u016fm<\/strong>, <strong>videohr\u00e1m<\/strong> a dal\u0161\u00edm druh\u016fm <strong>z\u00e1bavy<\/strong>.<\/p>\n<p><img fetchpriority=\"high\" decoding=\"async\" src=\"\/data\/include\/cms\/.product\/3\/2\/23\/foto_1.jpg\" alt=\"Maszynka do popcornu AM-6611 C\" width=\"768\" height=\"480\" \/><\/p>\n<h2>Kl\u00ed\u010dov\u00e9 vlastnosti<\/h2>\n<ul>\n<li>p\u0159\u00edprava popcornu bez tuku<\/li>\n<li>velk\u00e1 kapacita &#8211; pojme 50-60 g kuku\u0159i\u010dn\u00fdch zrn<\/li>\n<li>doba p\u0159\u00edpravy popcornu &#8211; 3-4 minuty<\/li>\n<li>kompaktn\u00ed velikost<\/li>\n<li>lze m\u00fdt v my\u010dce n\u00e1dob\u00ed (odm\u011brka a v\u00edko)<\/li>\n<\/ul>\n<p><strong>V\u00fdstupn\u00ed otvor<\/strong><\/p>\n<ul>\n<li>v\u00fdrobek po vr\u00e1cen\u00ed<\/li>\n<li>otev\u0159ete obal<\/li>\n<\/ul>\n<p><img decoding=\"async\" src=\"\/data\/include\/cms\/.product\/3\/2\/23\/foto_5.jpg\" alt=\"Maszynka do popcornu AM-6611 C\" width=\"768\" height=\"480\" \/><\/p>\n<h2>Ide\u00e1ln\u00ed sva\u010dina na filmovou projekci<\/h2>\n<p>Pro d\u011bti bude tento p\u0159\u00edstroj zaj\u00edmavou hra\u010dkou, kter\u00e1 jim umo\u017en\u00ed vytvo\u0159it si vlastn\u00ed sva\u010dinu s obl\u00edbenou p\u0159\u00edchut\u00ed. Na druhou stranu ti, kte\u0159\u00ed miluj\u00ed popcorn k film\u016fm, ocen\u00ed chu\u0165 a v\u016fni \u010derstv\u011b p\u0159ipraven\u00fdch zrnek. Gurm\u00e1n\u016fm doporu\u010dujeme popcorn po uva\u0159en\u00ed pol\u00edt m\u00e1slem! M\u016f\u017eete ho rozpustit u\u017e b\u011bhem va\u0159en\u00ed popcornu tak, \u017ee ho vlo\u017e\u00edte do obr\u00e1cen\u00e9 odm\u011brky na popcorn.<\/p>\n<h2>Zdrav\u00e1 alternativa k chips\u016fm<\/h2>\n<p>Jednou z nejv\u011bt\u0161\u00edch v\u00fdhod tohoto popcornova\u010de je, \u017ee k jeho v\u00fdrob\u011b nen\u00ed pot\u0159eba \u017e\u00e1dn\u00fd tuk ani olej, co\u017e znamen\u00e1, \u017ee si m\u016f\u017eete p\u0159ipravit zdravou sva\u010dinu bohatou na vl\u00e1kninu, vitaminy a miner\u00e1ly. Jedn\u00e1 se o vynikaj\u00edc\u00ed alternativu k mastn\u00fdm chips\u016fm a jin\u00fdm nezdrav\u00fdm sva\u010din\u00e1m.<\/p>\n<p><img decoding=\"async\" src=\"\/data\/include\/cms\/.product\/3\/2\/23\/foto_4.jpg\" alt=\"Maszynka do popcornu AM-6611 C\" width=\"768\" height=\"480\" \/><\/p>\n<h2>Snadn\u00e9 pou\u017eit\u00ed<\/h2>\n<p>Popcornova\u010d AM 6611-C-23 se velmi snadno pou\u017e\u00edv\u00e1. Sta\u010d\u00ed vlo\u017eit kuku\u0159i\u010dn\u00e1 zrna do komory, zapnout p\u0159\u00edstroj a b\u011bhem n\u011bkolika minut si budete moci vychutnat chutn\u00fd popcorn. P\u0159\u00edstroj je tak\u00e9 vybaven funkc\u00ed udr\u017eov\u00e1n\u00ed teploty, co\u017e znamen\u00e1, \u017ee m\u016f\u017eete p\u0159ipravit velk\u00e9 mno\u017estv\u00ed popcornu najednou a dlouho si ho vychutn\u00e1vat.<\/p>\n<p><img loading=\"lazy\" decoding=\"async\" src=\"\/data\/include\/cms\/.product\/3\/2\/23\/foto_2.jpg\" alt=\"Maszynka do popcornu AM-6611 C\" width=\"768\" height=\"480\" \/><\/p>\n<h2>Pro velk\u00e9 i mal\u00e9<\/h2>\n<p>Tento p\u0159\u00edstroj je ide\u00e1ln\u00ed pro rodiny, kter\u00e9 r\u00e1dy tr\u00e1v\u00ed \u010das spole\u010dn\u00fdm sledov\u00e1n\u00edm film\u016f nebo videoher. D\u011bti budou nad\u0161en\u00e9, kdy\u017e uvid\u00ed, jak se oby\u010dejn\u00e1 kuku\u0159i\u010dn\u00e1 zrna m\u011bn\u00ed v lahodn\u00fd popcorn, a dosp\u011bl\u00ed budou r\u00e1di, \u017ee mohou sv\u00fdm bl\u00edzk\u00fdm nab\u00eddnout zdravou sva\u010dinu.<\/p>\n","protected":false},"excerpt":{"rendered":"<p>Dom\u00e1c\u00ed stroj na popcorn, kter\u00fd zp\u0159\u00edjemn\u00ed ka\u017ed\u00fd filmov\u00fd ve\u010der. Tento kompaktn\u00ed a snadno pou\u017eiteln\u00fd stroj na pra\u017eenou kuku\u0159ici v\u00e1m umo\u017en\u00ed p\u0159ipravit d\u00e1vku popcornu b\u011bhem reklamn\u00ed p\u0159est\u00e1vky.<\/p>\n","protected":false},"featured_media":15266,"comment_status":"open","ping_status":"closed","template":"","meta":[],"product_brand":[],"product_cat":[821],"product_tag":[],"class_list":{"0":"post-17657","1":"product","2":"type-product","3":"status-publish","4":"has-post-thumbnail","6":"product_cat-popcorn-i-wata-cukrowa","8":"first","9":"instock","10":"taxable","11":"shipping-taxable","12":"purchasable","13":"product-type-simple"},"_links":{"self":[{"href":"https:\/\/gltestm.webology.pl\/cs\/wp-json\/wp\/v2\/product\/17657","targetHints":{"allow":["GET"]}}],"collection":[{"href":"https:\/\/gltestm.webology.pl\/cs\/wp-json\/wp\/v2\/product"}],"about":[{"href":"https:\/\/gltestm.webology.pl\/cs\/wp-json\/wp\/v2\/types\/product"}],"replies":[{"embeddable":true,"href":"https:\/\/gltestm.webology.pl\/cs\/wp-json\/wp\/v2\/comments?post=17657"}],"version-history":[{"count":0,"href":"https:\/\/gltestm.webology.pl\/cs\/wp-json\/wp\/v2\/product\/17657\/revisions"}],"wp:featuredmedia":[{"embeddable":true,"href":"https:\/\/gltestm.webology.pl\/cs\/wp-json\/wp\/v2\/media\/15266"}],"wp:attachment":[{"href":"https:\/\/gltestm.webology.pl\/cs\/wp-json\/wp\/v2\/media?parent=17657"}],"wp:term":[{"taxonomy":"product_brand","embeddable":true,"href":"https:\/\/gltestm.webology.pl\/cs\/wp-json\/wp\/v2\/product_brand?post=17657"},{"taxonomy":"product_cat","embeddable":true,"href":"https:\/\/gltestm.webology.pl\/cs\/wp-json\/wp\/v2\/product_cat?post=17657"},{"taxonomy":"product_tag","embeddable":true,"href":"https:\/\/gltestm.webology.pl\/cs\/wp-json\/wp\/v2\/product_tag?post=17657"}],"curies":[{"name":"wp","href":"https:\/\/api.w.org\/{rel}","templated":true}]}}