{"id":17653,"date":"2026-03-18T22:04:49","date_gmt":"2026-03-18T21:04:49","guid":{"rendered":"https:\/\/gltestm.webology.pl\/produkt\/vicedilna-friteza-air-fryer-af-2017-outlet\/"},"modified":"2026-03-22T21:56:04","modified_gmt":"2026-03-22T20:56:04","slug":"vicedilna-friteza-air-fryer-af-2017-outlet","status":"publish","type":"product","link":"https:\/\/gltestm.webology.pl\/cs\/produkt\/vicedilna-friteza-air-fryer-af-2017-outlet\/","title":{"rendered":"V\u00edced\u00edln\u00e1 frit\u00e9za Air Fryer AF-2017 outlet"},"content":{"rendered":"<h2><strong>Air Fryer multifrit\u00e9za bez tuku AF-2017<\/strong><\/h2>\n<p><strong>Beztukov\u00e1 multifrit\u00e9za AF-2017<\/strong> je p\u0159\u00edstroj, kter\u00fd v\u00e1m umo\u017en\u00ed pohodln\u011b a rychle oh\u0159\u00e1t, rozmrazit nebo dokonce p\u0159ipravit chutn\u00e9 a zdrav\u00e9 j\u00eddlo od z\u00e1kladu <strong>bez pou\u017eit\u00ed tuku<\/strong>.<\/p>\n<h2><strong>V\u00fdstup<\/strong><\/h2>\n<ul>\n<li>vr\u00e1cen\u00fd v\u00fdrobek<\/li>\n<li>otev\u0159en\u00fd obal<\/li>\n<\/ul>\n<h2><strong>Princip fungov\u00e1n\u00ed frit\u00e9zy Air Fryer multi frit\u00e9za<\/strong><\/h2>\n<p>Proces p\u0159\u00edpravy pokrm\u016f pomoc\u00ed multifrit\u00e9zy je zam\u011b\u0159en na rychl\u00e9 tepeln\u00e9 zpracov\u00e1n\u00ed, to znamen\u00e1, \u017ee ji m\u016f\u017eete pou\u017e\u00edvat stejn\u011b jako tradi\u010dn\u00ed mikrovlnnou troubu. Efekt je v\u0161ak jin\u00fd &#8211; oh\u0159\u00edvan\u00e9 j\u00eddlo je toti\u017e <strong>k\u0159upav\u00e9,<\/strong> jako by se peklo, a <strong>oh\u0159\u00edv\u00e1 se rovnom\u011brn\u011b<\/strong> ze v\u0161ech stran (p\u0159i voliteln\u00e9 teplot\u011b 80-200 \u00b0C). Trochu to p\u0159ipom\u00edn\u00e1 efekt, kter\u00e9ho m\u016f\u017eeme dos\u00e1hnout s troubou nebo p\u00e1nv\u00ed, nicm\u00e9n\u011b p\u0159\u00edstroj k tomuto \u00fa\u010delu nepot\u0159ebuje \u017e\u00e1dn\u00fd tuk a cel\u00fd proces oh\u0159evu je zalo\u017een na hork\u00e9m vzduchu. Tento proces je podobn\u00fd op\u00e9k\u00e1n\u00ed, kter\u00e9 prob\u00edh\u00e1 v termocirkula\u010dn\u00ed troub\u011b, je v\u0161ak rychlej\u0161\u00ed, bez v\u00fdrazn\u00fdch ztr\u00e1t vody a <strong>nen\u00ed t\u0159eba \u010dekat, ne\u017e<\/strong> se zah\u0159eje na spr\u00e1vnou teplotu. Krom\u011b toho tato metoda sni\u017euje obsah tuku nejm\u00e9n\u011b o 80 %.<\/p>\n<h2><strong>Mo\u017enosti va\u0159en\u00ed<br \/><\/strong><\/h2>\n<p>M\u00e1te r\u00e1di tepl\u00e9 a \u010derstv\u00e9 buchty? Nen\u00ed nic jednodu\u0161\u0161\u00edho, 3 minuty a m\u00e1te hotovo. Chcete rychle p\u0159ipravit gyros na tortilly? Vyjde v\u00e1m vynikaj\u00edc\u00ed \ud83d\ude42 Samotnou tortillu po minut\u011b p\u0159\u00edpravy vhod\u00edte do komory p\u0159\u00edstroje, ani\u017e byste museli spou\u0161t\u011bt gril. Po uplynut\u00ed nastaven\u00e9ho \u010dasu se topinkova\u010d <strong>automaticky vyp<\/strong> ne spolu se <strong>zvukov\u00fdm sig<\/strong>n\u00e1lem. A i kdy\u017e ho neusly\u0161\u00edte a zapomenete oh\u0159\u00e1t\u00fd pokrm vyjmout, nemus\u00edte se b\u00e1t &#8211; termoizola\u010dn\u00ed komora p\u0159\u00edstroje zabr\u00e1n\u00ed jeho p\u0159\u00edli\u0161 rychl\u00e9mu vychladnut\u00ed.<\/p>\n<p>Jednou z v\u011bc\u00ed, kter\u00e9 ve spot\u0159ebi\u010di vyjdou nejl\u00e9pe, jsou <strong>hranolky bez tuku.<\/strong> Jsou lahodn\u00e9, na povrchu k\u0159upav\u00e9 a uvnit\u0159 m\u011bkk\u00e9. Neb\u00fdt absence mastn\u00fdch stop, byly by t\u00e9m\u011b\u0159 k nerozezn\u00e1n\u00ed od sma\u017een\u00e9 verze. B\u00e1je\u010dn\u00e9 jsou i bat\u00e1tov\u00e9 hranolky &#8211; kdo v\u00ed, jak je t\u011b\u017ek\u00e9 je p\u0159ipravit k\u0159upav\u00e9, ur\u010dit\u011b ocen\u00ed v\u00fdkon topinkova\u010de \ud83d\ude42 A co teprve, kdy\u017e je na n\u011bm sma\u017een\u00fd brambor\u00e1k? Je to skv\u011bl\u00e9 \u0159e\u0161en\u00ed pro ty, kte\u0159\u00ed maj\u00ed d\u011bti miluj\u00edc\u00ed hranolky. D\u00edky p\u0159\u00edprav\u011b v toustova\u010di mohou b\u00fdt klidn\u011bj\u0161\u00ed <strong>ohledn\u011b jejich zdrav\u00ed<\/strong>.<\/p>\n<p>Pokud m\u00e1te chu\u0165, m\u016f\u017eete <strong>topinkova\u010d<\/strong> m\u00edsto pouh\u00e9ho oh\u0159\u00edv\u00e1n\u00ed vyu\u017e\u00edt i k ope\u010den\u00ed n\u011b\u010deho n\u00e1ro\u010dn\u011bj\u0161\u00edho &#8211; \u0159\u00edzk\u016f, ryb, gyrosu, n\u00e1kyp\u016f, a dokonce i mal\u00e9ho kol\u00e1\u010de nebo pala\u010dinek. <strong>Kn\u00ed\u017eka s recepty <\/strong>, kter\u00e1 je sou\u010d\u00e1st\u00ed p\u0159\u00edstroje, v\u00e1m umo\u017en\u00ed vybrat si n\u011bco zaj\u00edmav\u00e9ho, co si upe\u010dete \ud83d\ude42<\/p>\n<h2>Podrobn\u00e9 informace o v\u00fdrobku<\/h2>\n<p>Topn\u00e1 komora p\u0159\u00edstroje se vysouv\u00e1 pomoc\u00ed <strong>praktick\u00e9 rukojeti<\/strong>. Uvnit\u0159 se nach\u00e1z\u00ed ko\u0161, kter\u00fd po p\u0159\u00edprav\u011b j\u00eddla m\u016f\u017eeme snadno vyjmout a vy\u010distit nebo jednodu\u0161e vhodit do my\u010dky. Ko\u0161 je pota\u017een speci\u00e1ln\u00ed vrstvou, d\u00edky kter\u00e9 se j\u00eddlo nelep\u00ed <strong>na jeho povrch<\/strong> a <strong>snadno se udr\u017euje v \u010distot\u011b<\/strong>. Je tak\u00e9 odoln\u00fd v\u016f\u010di chemik\u00e1li\u00edm a vysok\u00fdm teplot\u00e1m, nav\u00edc <strong>nereaguje s potravinami<\/strong>, tak\u017ee je zdravotn\u011b nez\u00e1vadn\u00fd. <strong>Uzamykac\u00ed tla\u010d\u00edtko na ko\u0161i<\/strong> zabra\u0148uje jeho n\u00e1hodn\u00e9mu otev\u0159en\u00ed, tak\u017ee vynd\u00e1v\u00e1n\u00ed potravin je bezpe\u010dn\u011bj\u0161\u00ed.<\/p>\n<p>D\u00edky pou\u017eit\u00ed <strong>rychlooh\u0159evn\u00e9 desky<\/strong> nemus\u00edte \u010dekat, a\u017e se p\u0159\u00edstroj zah\u0159eje, proto\u017ee v okam\u017eiku zapojen\u00ed do s\u00edt\u011b je okam\u017eit\u011b p\u0159ipraven k provozu.<\/p>\n","protected":false},"excerpt":{"rendered":"<p>Multifrit\u00e9za Air Fryer bez tuku (b\u011b\u017en\u011b zn\u00e1m\u00e1 tak\u00e9 jako frit\u00e9za nebo frit\u00e9za), kter\u00e1 v\u00e1m umo\u017en\u00ed pohodln\u011b a rychle oh\u0159\u00edvat, rozmrazovat a dokonce p\u0159ipravovat chutn\u00e1 a zdrav\u00e1 j\u00eddla od z\u00e1kladu bez pou\u017eit\u00ed tuku.<\/p>\n","protected":false},"featured_media":13727,"comment_status":"open","ping_status":"closed","template":"","meta":[],"product_brand":[],"product_cat":[811],"product_tag":[],"class_list":{"0":"post-17653","1":"product","2":"type-product","3":"status-publish","4":"has-post-thumbnail","6":"product_cat-tostery-i-opiekacze","8":"first","9":"instock","10":"taxable","11":"shipping-taxable","12":"purchasable","13":"product-type-simple"},"_links":{"self":[{"href":"https:\/\/gltestm.webology.pl\/cs\/wp-json\/wp\/v2\/product\/17653","targetHints":{"allow":["GET"]}}],"collection":[{"href":"https:\/\/gltestm.webology.pl\/cs\/wp-json\/wp\/v2\/product"}],"about":[{"href":"https:\/\/gltestm.webology.pl\/cs\/wp-json\/wp\/v2\/types\/product"}],"replies":[{"embeddable":true,"href":"https:\/\/gltestm.webology.pl\/cs\/wp-json\/wp\/v2\/comments?post=17653"}],"version-history":[{"count":0,"href":"https:\/\/gltestm.webology.pl\/cs\/wp-json\/wp\/v2\/product\/17653\/revisions"}],"wp:featuredmedia":[{"embeddable":true,"href":"https:\/\/gltestm.webology.pl\/cs\/wp-json\/wp\/v2\/media\/13727"}],"wp:attachment":[{"href":"https:\/\/gltestm.webology.pl\/cs\/wp-json\/wp\/v2\/media?parent=17653"}],"wp:term":[{"taxonomy":"product_brand","embeddable":true,"href":"https:\/\/gltestm.webology.pl\/cs\/wp-json\/wp\/v2\/product_brand?post=17653"},{"taxonomy":"product_cat","embeddable":true,"href":"https:\/\/gltestm.webology.pl\/cs\/wp-json\/wp\/v2\/product_cat?post=17653"},{"taxonomy":"product_tag","embeddable":true,"href":"https:\/\/gltestm.webology.pl\/cs\/wp-json\/wp\/v2\/product_tag?post=17653"}],"curies":[{"name":"wp","href":"https:\/\/api.w.org\/{rel}","templated":true}]}}