{"id":17637,"date":"2026-03-18T22:04:49","date_gmt":"2026-03-18T21:04:49","guid":{"rendered":"https:\/\/gltestm.webology.pl\/produkt\/ap-2019-b-vystupni-cisticka-vzduchu\/"},"modified":"2026-03-22T21:15:42","modified_gmt":"2026-03-22T20:15:42","slug":"ap-2019-b-vystupni-cisticka-vzduchu","status":"publish","type":"product","link":"https:\/\/gltestm.webology.pl\/cs\/produkt\/ap-2019-b-vystupni-cisticka-vzduchu\/","title":{"rendered":"AP-2019 B v\u00fdstupn\u00ed \u010disti\u010dka vzduchu"},"content":{"rendered":"<h2><strong>\u010cisti\u010dka vzduchu Lucznik AP-2019<\/strong> B &#8211; d\u00fdchejte \u010dist\u00fd vzduch!<strong><br \/><\/strong><\/h2>\n<p>V zim\u011b jsou v n\u011bkter\u00fdch lokalit\u00e1ch v Polsku smogov\u00e9 normy n\u011bkdy p\u0159ekra\u010dov\u00e1ny o n\u011bkolik set a\u017e n\u011bkolik tis\u00edc procent. Obsahuje mnoho \u0161kodliv\u00fdch chemick\u00fdch l\u00e1tek, jako jsou oxidy s\u00edry, oxid dusi\u010dit\u00fd, prach a karcinogenn\u00ed polycyklick\u00e9 aromatick\u00e9 uhlovod\u00edky &#8211; v\u0161echny tyto l\u00e1tky mohou zp\u016fsobit v\u00e1\u017en\u00e9 po\u0161kozen\u00ed zdrav\u00ed. <br \/>Vzhledem k vlivu zne\u010di\u0161t\u011bn\u00e9ho ovzdu\u0161\u00ed na n\u00e1\u0161 organismus je dobr\u00e9 zajistit, aby alespo\u0148 v na\u0161ich dom\u00e1cnostech bylo ovzdu\u0161\u00ed p\u0159\u00edzniv\u00e9 pro zdrav\u00ed \u010dlen\u016f dom\u00e1cnosti.<\/p>\n<p><strong>\u010cisti\u010dka vzduchu Lucznik AP-2019 B<\/strong> zachyt\u00ed a\u017e 99,97 % \u0161kodliv\u00fdch l\u00e1tek ve vzduchu, kter\u00fd napl\u0148uje byt. Jej\u00ed <strong>v\u00fdkon CADR je 185 <\/strong><span><strong>m\u00b3\/h<\/strong>. Co to znamen\u00e1? Syst\u00e9m CADR je mezin\u00e1rodn\u00ed standard pro m\u011b\u0159en\u00ed \u00fa\u010dinnosti \u010disti\u010dek vzduchu. Toto hodnocen\u00ed ud\u00e1v\u00e1 skute\u010dn\u00fd objem p\u0159efiltrovan\u00e9ho vzduchu za hodinu. \u010cisti\u010dka s CADR 185 <span>m\u00b3\/h dok\u00e1\u017ee optim\u00e1ln\u011b p\u0159efiltrovat m\u00edstnost o <strong>rozloze p\u0159ibli\u017en\u011b<\/strong><strong>46<\/strong> <strong>m2<\/strong><\/span> za <span>hodinu<\/span><\/span><\/p>\n<p><strong>\u010cisti\u010dka vzduchu Lucznik AP-2019 B <\/strong>je vybavena <strong>t\u0159\u00edstup\u0148ov\u00fdm filtra\u010dn\u00edm syst\u00e9mem<\/strong>. Vzduch proch\u00e1zej\u00edc\u00ed \u010disti\u010dkou je filtrov\u00e1n:<\/p>\n<ul>\n<li><strong>P\u0159edfiltrem<\/strong> &#8211; kter\u00fd odstra\u0148uje nejv\u011bt\u0161\u00ed zne\u010di\u0161\u0165uj\u00edc\u00ed l\u00e1tky, jako je pyl, prach nebo zv\u00ed\u0159ec\u00ed chlupy<\/li>\n<li><strong>Uhl\u00edkov\u00fd filtr<\/strong> &#8211; kter\u00fd v\u00e1\u017ee t\u011bkav\u00e9 slou\u010deniny, jako jsou r\u016fzn\u00e9 pachy, tab\u00e1kov\u00fd kou\u0159 nebo kuchy\u0148sk\u00e9 v\u00fdpary<\/li>\n<li><strong>HEPA 13 filtr<\/strong> &#8211; kter\u00fd je nejjemn\u011bj\u0161\u00ed a odstra\u0148uje ze vzduchu nejmen\u0161\u00ed \u010d\u00e1stice zne\u010di\u0161\u0165uj\u00edc\u00edch l\u00e1tek, v\u010detn\u011b smogu<\/li>\n<\/ul>\n<p><strong>\u010cisti\u010dka vzduchu Lucznik AP-2019 B<\/strong> je nav\u00edc vybavena <strong>UV-C lampou<\/strong>, kter\u00e1 <strong>vyza\u0159ov\u00e1n\u00edm<\/strong> speci\u00e1ln\u00edho z\u00e1\u0159en\u00ed ni\u010d\u00ed <strong>bakterie, viry a pl\u00edsn\u011b<\/strong> ve filtrovan\u00e9m vzduchu.<\/p>\n<p>V\u00fdhodou \u010disti\u010dky vzduchu Lucznik <strong>AP-2019 B <\/strong>je tak\u00e9 ionizace &#8211; d\u00edky emisi z\u00e1porn\u00fdch iont\u016f se zvy\u0161uje \u00fa\u010dinnost filtrace.<\/p>\n<p><strong>\u010cisti\u010dka vzduchu <\/strong>Lucznik AP-2019 B je skv\u011bl\u00fdm \u0159e\u0161en\u00edm pro alergiky. Umo\u017e\u0148uje zachytit ze vzduchu alergeny, jako jsou pyly, prach, rozto\u010di a chlupy, tak\u017ee se kone\u010dn\u011b m\u016f\u017eete nadechnout pln\u00fdmi dou\u0161ky.<\/p>\n<h2>Zji\u0161t\u011bn\u00e9 nedostatky<\/h2>\n<ul>\n<li>otev\u0159en\u00fd obal<\/li>\n<li>v\u00fdrobek po vr\u00e1cen\u00ed<\/li>\n<\/ul>\n","protected":false},"excerpt":{"rendered":"<p>\u010cisti\u010dka vzduchu AP-2019 B v \u010dern\u00e9 barv\u011b.<\/p>\n","protected":false},"featured_media":15283,"comment_status":"open","ping_status":"closed","template":"","meta":[],"product_brand":[],"product_cat":[871],"product_tag":[],"class_list":{"0":"post-17637","1":"product","2":"type-product","3":"status-publish","4":"has-post-thumbnail","6":"product_cat-oczyszczacze-powietrza","8":"first","9":"outofstock","10":"taxable","11":"shipping-taxable","12":"purchasable","13":"product-type-simple"},"_links":{"self":[{"href":"https:\/\/gltestm.webology.pl\/cs\/wp-json\/wp\/v2\/product\/17637","targetHints":{"allow":["GET"]}}],"collection":[{"href":"https:\/\/gltestm.webology.pl\/cs\/wp-json\/wp\/v2\/product"}],"about":[{"href":"https:\/\/gltestm.webology.pl\/cs\/wp-json\/wp\/v2\/types\/product"}],"replies":[{"embeddable":true,"href":"https:\/\/gltestm.webology.pl\/cs\/wp-json\/wp\/v2\/comments?post=17637"}],"version-history":[{"count":0,"href":"https:\/\/gltestm.webology.pl\/cs\/wp-json\/wp\/v2\/product\/17637\/revisions"}],"wp:featuredmedia":[{"embeddable":true,"href":"https:\/\/gltestm.webology.pl\/cs\/wp-json\/wp\/v2\/media\/15283"}],"wp:attachment":[{"href":"https:\/\/gltestm.webology.pl\/cs\/wp-json\/wp\/v2\/media?parent=17637"}],"wp:term":[{"taxonomy":"product_brand","embeddable":true,"href":"https:\/\/gltestm.webology.pl\/cs\/wp-json\/wp\/v2\/product_brand?post=17637"},{"taxonomy":"product_cat","embeddable":true,"href":"https:\/\/gltestm.webology.pl\/cs\/wp-json\/wp\/v2\/product_cat?post=17637"},{"taxonomy":"product_tag","embeddable":true,"href":"https:\/\/gltestm.webology.pl\/cs\/wp-json\/wp\/v2\/product_tag?post=17637"}],"curies":[{"name":"wp","href":"https:\/\/api.w.org\/{rel}","templated":true}]}}