{"id":17633,"date":"2026-03-18T22:04:48","date_gmt":"2026-03-18T21:04:48","guid":{"rendered":"https:\/\/gltestm.webology.pl\/produkt\/lucznik-jk-200-a-zasuvka-rucniho-mixeru\/"},"modified":"2026-03-22T21:15:41","modified_gmt":"2026-03-22T20:15:41","slug":"lucznik-jk-200-a-zasuvka-rucniho-mixeru","status":"publish","type":"product","link":"https:\/\/gltestm.webology.pl\/cs\/produkt\/lucznik-jk-200-a-zasuvka-rucniho-mixeru\/","title":{"rendered":"Lucznik JK-200 A z\u00e1suvka ru\u010dn\u00edho mix\u00e9ru"},"content":{"rendered":"<p><strong>Ru\u010dn\u00ed mix\u00e9r <\/strong><span>je pom\u011brn\u011b jednoduch\u00fd p\u0159\u00edstroj, kter\u00fd je schopen uspokojit \u0159adu pot\u0159eb: od vytv\u00e1\u0159en\u00ed lahodn\u00fdch <\/span><strong>koktejl\u016f<\/strong><span> a <\/span> pol\u00e9vek-kr\u00e9m\u016f<span>a\u017e po p\u0159\u00edpravu <\/span><strong>zdrav\u00fdch past,<\/strong> nap\u0159\u00edklad z<span> \u010do\u010dky, kter\u00e9 si pak m\u016f\u017eete d\u00e1t na obl\u00edben\u00fd chl\u00e9b. Mo\u017enost\u00ed je samoz\u0159ejm\u011b v\u00edce. V\u0161e z\u00e1le\u017e\u00ed na v\u00e1s a va\u0161\u00ed tv\u016fr\u010d\u00ed vynal\u00e9zavosti v kuchyni. Ve skute\u010dnosti ani nepot\u0159ebujete recept, abyste vytvo\u0159ili b\u00e1je\u010dn\u00e9 a chutn\u00e9 j\u00eddlo. Sta\u010d\u00ed zelenina a ovoce podle va\u0161\u00ed chuti, zat\u00edmco v\u00e1\u0161 nov\u00fd<\/span><strong>mix\u00e9r<\/strong><span> ud\u011bl\u00e1 v\u011bt\u0161inu pr\u00e1ce za v\u00e1s<\/span>.<\/p>\n<h3><strong>JK-200 Ru\u010dn\u00ed mix\u00e9r <\/strong>&#8211; p\u0159\u00ednos pro zdrav\u00ed<\/h3>\n<p><strong>Mix\u00e9r <\/strong>se m\u016f\u017ee st\u00e1t <span>va\u0161\u00edm spojencem p\u0159i udr\u017eov\u00e1n\u00ed <\/span><strong>zdrav\u00e9 stravy<\/strong><span>.<\/span><span> V\u00fd\u017eivn\u00e9 a chutn\u00e9 pokrmy, kter\u00e9 <\/span><strong>instantn\u00ed <\/strong><span>p\u0159iprav\u00edte pomoc\u00ed <\/span><strong>ru\u010dn\u00edho mix\u00e9ru <\/strong><span>, budou m\u00edt obrovsk\u00e9 mno\u017estv\u00ed <\/span><strong>vitam\u00edn\u016f<\/strong><strong>a miner\u00e1l\u016f<\/strong>,<span> kter\u00e9 pozitivn\u011b ovlivn\u00ed v\u00e1\u0161 organismus. D\u00edky takto p\u0159ipraven\u00fdm pokrm\u016fm <\/span><strong>,ztrat\u00edte p\u0159ebyte\u010dn\u00e9 mno\u017estv\u00ed<\/strong> energie a budete se c\u00edtit l\u00e9pe<span>kilogram\u016fa <\/span><strong>z\u00edsk\u00e1te klidn\u011bj\u0161\u00ed a posiluj\u00edc\u00ed sp\u00e1nek<\/strong><span>.<\/span><\/p>\n<h3><strong>Ru\u010dn\u00ed mix\u00e9r JK-200 A<\/strong> &#8211; podrobnosti o produktu<\/h3>\n<p><strong>Mix\u00e9r JK-200 A<\/strong> se vyzna\u010duje <strong>modern\u00edm<\/strong> <strong>designem<\/strong>, kter\u00fd jej odli\u0161uje od ostatn\u00edch kuchy\u0148sk\u00fdch dopl\u0148k\u016f, oku lahod\u00edc\u00edmi barvami, <strong>tich\u00fdm<\/strong> <strong>provozem<\/strong> bez obt\u011b\u017eov\u00e1n\u00ed \u010dlen\u016f dom\u00e1cnosti a snadnou obsluhou. Lehk\u00fd kryt s odn\u00edmatelnou plastovou \u0161pi\u010dkou se snadno \u010dist\u00ed a jeho ergonomick\u00fd tvar zaji\u0161\u0165uje pohodln\u00e9 a bezpe\u010dn\u00e9 uchopen\u00ed p\u0159i pr\u00e1ci.<\/p>\n<p><span>\u010cepele  <\/span><span><strong>mix\u00e9ru<\/strong>  jsou <\/span>vyrobeny z<span>kovu, tak\u017ee p\u0159\u00edstroj <\/span>bude ide\u00e1ln\u00ed pro p\u0159\u00edpravu <strong>om\u00e1\u010dek<\/strong>,  pol\u00e9vek-kr\u00e9m\u016f, <strong>koktejl\u016f<\/strong>, <strong>n\u00e1poj\u016f<\/strong> nebo <strong>v\u00fd\u017eivn\u00fdch d\u011btsk\u00fdch j\u00eddel<\/strong>. M\u016f\u017eete jej tak\u00e9 pou\u017e\u00edt k mlet\u00ed m\u011bkk\u00e9ho ovoce a zeleniny, ale i <strong>past<\/strong>,  bylinek, <strong>masa<\/strong>, <strong>o\u0159ech\u016f<\/strong>, <strong>s\u00fdr\u016f<\/strong>, <strong>vajec natvrdo<\/strong> a <strong>cibule<\/strong>.<\/p>\n<h2>Zji\u0161t\u011bn\u00e9 z\u00e1vady<\/h2>\n<ul>\n<li>v\u00fdrobku po vr\u00e1cen\u00ed<\/li>\n<li>otev\u0159en\u00fd obal<\/li>\n<\/ul>\n<p><span><strong>Ru\u010dn\u00ed mix\u00e9r JK-200 A<\/strong><span> m\u00e1 <\/span><strong>z\u00e1ruku 24 m\u011bs\u00edc\u016f<\/strong><span> a n\u00e1vod v polsk\u00e9m jazyce, kter\u00fd je t\u0159eba si p\u0159ed pou\u017eit\u00edm v\u00fdrobku p\u0159e\u010d\u00edst<\/span>. <\/span><\/p>\n","protected":false},"excerpt":{"rendered":"<p>Modern\u00ed ru\u010dn\u00ed mix\u00e9r s maxim\u00e1ln\u00edm p\u0159\u00edkonem 200 W, vybaven\u00fd kovovou \u0161pi\u010dkou a no\u017ei, se m\u016f\u017ee st\u00e1t va\u0161\u00edm p\u0159\u00edtelem p\u0159i udr\u017eov\u00e1n\u00ed zdrav\u00e9 stravy. Pom\u016f\u017ee v\u00e1m pe\u010dovat o va\u0161e zdrav\u00ed a kr\u00e1su.<\/p>\n","protected":false},"featured_media":15688,"comment_status":"open","ping_status":"closed","template":"","meta":[],"product_brand":[],"product_cat":[841],"product_tag":[],"class_list":{"0":"post-17633","1":"product","2":"type-product","3":"status-publish","4":"has-post-thumbnail","6":"product_cat-blendery","8":"first","9":"instock","10":"taxable","11":"shipping-taxable","12":"purchasable","13":"product-type-simple"},"_links":{"self":[{"href":"https:\/\/gltestm.webology.pl\/cs\/wp-json\/wp\/v2\/product\/17633","targetHints":{"allow":["GET"]}}],"collection":[{"href":"https:\/\/gltestm.webology.pl\/cs\/wp-json\/wp\/v2\/product"}],"about":[{"href":"https:\/\/gltestm.webology.pl\/cs\/wp-json\/wp\/v2\/types\/product"}],"replies":[{"embeddable":true,"href":"https:\/\/gltestm.webology.pl\/cs\/wp-json\/wp\/v2\/comments?post=17633"}],"version-history":[{"count":0,"href":"https:\/\/gltestm.webology.pl\/cs\/wp-json\/wp\/v2\/product\/17633\/revisions"}],"wp:featuredmedia":[{"embeddable":true,"href":"https:\/\/gltestm.webology.pl\/cs\/wp-json\/wp\/v2\/media\/15688"}],"wp:attachment":[{"href":"https:\/\/gltestm.webology.pl\/cs\/wp-json\/wp\/v2\/media?parent=17633"}],"wp:term":[{"taxonomy":"product_brand","embeddable":true,"href":"https:\/\/gltestm.webology.pl\/cs\/wp-json\/wp\/v2\/product_brand?post=17633"},{"taxonomy":"product_cat","embeddable":true,"href":"https:\/\/gltestm.webology.pl\/cs\/wp-json\/wp\/v2\/product_cat?post=17633"},{"taxonomy":"product_tag","embeddable":true,"href":"https:\/\/gltestm.webology.pl\/cs\/wp-json\/wp\/v2\/product_tag?post=17633"}],"curies":[{"name":"wp","href":"https:\/\/api.w.org\/{rel}","templated":true}]}}