{"id":17613,"date":"2026-03-18T22:04:47","date_gmt":"2026-03-18T21:04:47","guid":{"rendered":"https:\/\/gltestm.webology.pl\/produkt\/elektricky-podlahovy-kartac-pro-vysavac-op-2018\/"},"modified":"2026-03-22T22:00:01","modified_gmt":"2026-03-22T21:00:01","slug":"elektricky-podlahovy-kartac-pro-vysavac-op-2018","status":"publish","type":"product","link":"https:\/\/gltestm.webology.pl\/cs\/produkt\/elektricky-podlahovy-kartac-pro-vysavac-op-2018\/","title":{"rendered":"Elektrick\u00fd podlahov\u00fd kart\u00e1\u010d pro vysava\u010d OP-2018"},"content":{"rendered":"<p>Elektrick\u00fd podlahov\u00fd kart\u00e1\u010d s v\u00e1le\u010dkem pro vysava\u010d OP-2018. <\/p>\n<h2>Kl\u00ed\u010dov\u00e9 vlastnosti<\/h2>\n<ul>\n<li>Vhodn\u00fd pro stojat\u00fd vysava\u010d <span>Lucznik OP-2018<\/span>.<\/li>\n<li><span>P\u0159\u00edkon: 10,8 W<\/span><\/li>\n<li>Provozn\u00ed nap\u011bt\u00ed: STEJNOSM\u011aRN\u00c9 NAP\u011aT\u00cd 10,8 V<\/li>\n<\/ul>\n","protected":false},"excerpt":{"rendered":"<p>Elektrick\u00fd podlahov\u00fd kart\u00e1\u010d s v\u00e1le\u010dkem pro vysava\u010d OP-2018.<\/p>\n","protected":false},"featured_media":13845,"comment_status":"open","ping_status":"closed","template":"","meta":[],"product_brand":[],"product_cat":[631],"product_tag":[],"class_list":{"0":"post-17613","1":"product","2":"type-product","3":"status-publish","4":"has-post-thumbnail","6":"product_cat-odkurzacze","8":"first","9":"instock","10":"taxable","11":"shipping-taxable","12":"purchasable","13":"product-type-simple"},"_links":{"self":[{"href":"https:\/\/gltestm.webology.pl\/cs\/wp-json\/wp\/v2\/product\/17613","targetHints":{"allow":["GET"]}}],"collection":[{"href":"https:\/\/gltestm.webology.pl\/cs\/wp-json\/wp\/v2\/product"}],"about":[{"href":"https:\/\/gltestm.webology.pl\/cs\/wp-json\/wp\/v2\/types\/product"}],"replies":[{"embeddable":true,"href":"https:\/\/gltestm.webology.pl\/cs\/wp-json\/wp\/v2\/comments?post=17613"}],"version-history":[{"count":0,"href":"https:\/\/gltestm.webology.pl\/cs\/wp-json\/wp\/v2\/product\/17613\/revisions"}],"wp:featuredmedia":[{"embeddable":true,"href":"https:\/\/gltestm.webology.pl\/cs\/wp-json\/wp\/v2\/media\/13845"}],"wp:attachment":[{"href":"https:\/\/gltestm.webology.pl\/cs\/wp-json\/wp\/v2\/media?parent=17613"}],"wp:term":[{"taxonomy":"product_brand","embeddable":true,"href":"https:\/\/gltestm.webology.pl\/cs\/wp-json\/wp\/v2\/product_brand?post=17613"},{"taxonomy":"product_cat","embeddable":true,"href":"https:\/\/gltestm.webology.pl\/cs\/wp-json\/wp\/v2\/product_cat?post=17613"},{"taxonomy":"product_tag","embeddable":true,"href":"https:\/\/gltestm.webology.pl\/cs\/wp-json\/wp\/v2\/product_tag?post=17613"}],"curies":[{"name":"wp","href":"https:\/\/api.w.org\/{rel}","templated":true}]}}