{"id":17609,"date":"2026-03-18T22:04:47","date_gmt":"2026-03-18T21:04:47","guid":{"rendered":"https:\/\/gltestm.webology.pl\/produkt\/hridel-kartace-pro-vysavac-lucznik-op-2019\/"},"modified":"2026-03-22T21:15:34","modified_gmt":"2026-03-22T20:15:34","slug":"hridel-kartace-pro-vysavac-lucznik-op-2019","status":"publish","type":"product","link":"https:\/\/gltestm.webology.pl\/cs\/produkt\/hridel-kartace-pro-vysavac-lucznik-op-2019\/","title":{"rendered":"H\u0159\u00eddel kart\u00e1\u010de pro vysava\u010d Lucznik OP-2019"},"content":{"rendered":"<p>Nov\u00e1 kart\u00e1\u010dov\u00e1 h\u0159\u00eddel pro stojat\u00fd vysava\u010d <strong><a href=\"https:\/\/galerialucznik.pl\/pl\/products\/agd\/agd-do-domu\/odkurzacze\/odkurzacz-pionowy-2w1-lucznik-op-2019-1129.html\" target=\"_blank\" rel=\"noopener\">Lucznik OP-2019<\/a><\/strong>.<\/p>\n","protected":false},"excerpt":{"rendered":"<p>H\u0159\u00eddel kart\u00e1\u010de pro vysava\u010d Lucznik OP-2019<\/p>\n","protected":false},"featured_media":13935,"comment_status":"open","ping_status":"closed","template":"","meta":[],"product_brand":[],"product_cat":[631],"product_tag":[],"class_list":{"0":"post-17609","1":"product","2":"type-product","3":"status-publish","4":"has-post-thumbnail","6":"product_cat-odkurzacze","8":"first","9":"instock","10":"taxable","11":"shipping-taxable","12":"purchasable","13":"product-type-simple"},"_links":{"self":[{"href":"https:\/\/gltestm.webology.pl\/cs\/wp-json\/wp\/v2\/product\/17609","targetHints":{"allow":["GET"]}}],"collection":[{"href":"https:\/\/gltestm.webology.pl\/cs\/wp-json\/wp\/v2\/product"}],"about":[{"href":"https:\/\/gltestm.webology.pl\/cs\/wp-json\/wp\/v2\/types\/product"}],"replies":[{"embeddable":true,"href":"https:\/\/gltestm.webology.pl\/cs\/wp-json\/wp\/v2\/comments?post=17609"}],"version-history":[{"count":0,"href":"https:\/\/gltestm.webology.pl\/cs\/wp-json\/wp\/v2\/product\/17609\/revisions"}],"wp:featuredmedia":[{"embeddable":true,"href":"https:\/\/gltestm.webology.pl\/cs\/wp-json\/wp\/v2\/media\/13935"}],"wp:attachment":[{"href":"https:\/\/gltestm.webology.pl\/cs\/wp-json\/wp\/v2\/media?parent=17609"}],"wp:term":[{"taxonomy":"product_brand","embeddable":true,"href":"https:\/\/gltestm.webology.pl\/cs\/wp-json\/wp\/v2\/product_brand?post=17609"},{"taxonomy":"product_cat","embeddable":true,"href":"https:\/\/gltestm.webology.pl\/cs\/wp-json\/wp\/v2\/product_cat?post=17609"},{"taxonomy":"product_tag","embeddable":true,"href":"https:\/\/gltestm.webology.pl\/cs\/wp-json\/wp\/v2\/product_tag?post=17609"}],"curies":[{"name":"wp","href":"https:\/\/api.w.org\/{rel}","templated":true}]}}