{"id":17601,"date":"2026-03-18T22:04:46","date_gmt":"2026-03-18T21:04:46","guid":{"rendered":"https:\/\/gltestm.webology.pl\/produkt\/hd-410-s-zasuvka-pro-vysousec-vlasu\/"},"modified":"2026-03-22T21:15:31","modified_gmt":"2026-03-22T20:15:31","slug":"hd-410-s-zasuvka-pro-vysousec-vlasu","status":"publish","type":"product","link":"https:\/\/gltestm.webology.pl\/cs\/produkt\/hd-410-s-zasuvka-pro-vysousec-vlasu\/","title":{"rendered":"HD-410 S Z\u00e1suvka pro vysou\u0161e\u010d vlas\u016f"},"content":{"rendered":"<p>Vysou\u0161e\u010d vlas\u016f Lucznik HD-410 S<strong>jeide\u00e1ln\u00ed p\u0159\u00edstroj pro<\/strong> dom\u00e1c\u00ed<strong>vysou\u0161en\u00ed<\/strong> a <strong>\u00fapravu<\/strong> vlas\u016f. Nab\u00edz\u00ed mnoho funkc\u00ed a mo\u017enost\u00ed, tak\u017ee si jej m\u016f\u017eete p\u0159izp\u016fsobit sv\u00fdm <strong>individu\u00e1ln\u00edm<\/strong> pot\u0159eb\u00e1m. Bezpochyby je nepostradateln\u00fdm n\u00e1strojem pro ka\u017ed\u00e9ho \u010dlov\u011bka, kter\u00fd se star\u00e1 o sv\u00e9 vlasy a chce vypadat kr\u00e1sn\u011b ka\u017ed\u00fd den.<\/p>\n<h2>Kl\u00ed\u010dov\u00e9 funkce<\/h2>\n<ul>\n<li>Vysou\u0161e\u010d vlas\u016f s funkc\u00ed ionizace<\/li>\n<li>Styling a tvarov\u00e1n\u00ed pomoc\u00ed hork\u00e9ho a studen\u00e9ho vzduchu<\/li>\n<li>Dvoustup\u0148ov\u00e1 regulace rychlosti fouk\u00e1n\u00ed<\/li>\n<li>Fouk\u00e1n\u00ed hork\u00e9ho a studen\u00e9ho vzduchu<\/li>\n<li>Foukac\u00ed koncentr\u00e1tor v balen\u00ed<\/li>\n<li>Sou\u010d\u00e1st\u00ed balen\u00ed je difuz\u00e9r<\/li>\n<li>Skl\u00e1dac\u00ed rukoje\u0165<\/li>\n<li>Dr\u017e\u00e1k pro zav\u011b\u0161en\u00ed<\/li>\n<li>v\u00fdkon 2200 W<\/li>\n<li>Sat\u00e9nov\u00e1 \u010dokol\u00e1dov\u00e1 barva<\/li>\n<\/ul>\n<h2> Zji\u0161t\u011bn\u00e9 z\u00e1vady<\/h2>\n<ul>\n<li>vr\u00e1cen\u00fd v\u00fdrobek<\/li>\n<li>po\u0161kozen\u00fd obal<\/li>\n<\/ul>\n<h2>Rychl\u00e9 su\u0161en\u00ed<\/h2>\n<p>Vysou\u0161e\u010d je vybaven motorem o <strong>v\u00fdkonu 2 200 W<\/strong>, tak\u017ee vysou\u0161en\u00ed vlas\u016f trv\u00e1 mnohem krat\u0161\u00ed dobu ne\u017e u jin\u00fdch vysou\u0161e\u010d\u016f s ni\u017e\u0161\u00edm v\u00fdkonem.<\/p>\n<h2>Dv\u011b rychlosti fouk\u00e1n\u00ed a regulace teploty<\/h2>\n<p>M\u00e1 <strong>dv\u011b provozn\u00ed rychlosti<\/strong> umo\u017e\u0148uj\u00edc\u00ed nastavit s\u00edlu fouk\u00e1n\u00ed a<strong> t\u0159i stupn\u011b regulace teploty vzduchu <\/strong>&#8211; d\u00edky kombinaci nejsiln\u011bj\u0161\u00edch nastaven\u00ed je vysou\u0161en\u00ed t\u00e9m\u011b\u0159 <strong>bleskov\u00e9<\/strong>! Zp\u016fsob fungov\u00e1n\u00ed vysou\u0161e\u010de lze p\u0159izp\u016fsobit individu\u00e1ln\u00edm preferenc\u00edm a typu vlas\u016f.<\/p>\n<h2>Tepl\u00e9 a studen\u00e9 fouk\u00e1n\u00ed<\/h2>\n<p>Vysou\u0161e\u010d m\u00e1 funkci <strong>regulace teploty<\/strong>, kter\u00e1 umo\u017e\u0148uje p\u0159izp\u016fsobit nastaven\u00ed r\u016fzn\u00fdm <strong>typ\u016fm vlas\u016f<\/strong>. Podle individu\u00e1ln\u00edch pot\u0159eb lze nastavit n\u00edzkou, st\u0159edn\u00ed nebo vysokou teplotu. Na konci vysou\u0161en\u00ed  je vhodn\u00e9 vlasy<strong>ochladit<\/strong> funkc\u00ed<strong>studen\u00e9ho<\/strong> fouk\u00e1n\u00ed <strong>studen\u00e9ho<\/strong> vzduchu, kter\u00e1 je na vysou\u0161e\u010di k dispozici, a uzav\u0159\u00edt vlasov\u00e9 kutikuly, aby se je\u0161t\u011b v\u00edce zlep\u0161il jejich vzhled.<\/p>\n<h2>Funkce ionizace<\/h2>\n<p>Vysou\u0161e\u010d je vybaven funkc\u00ed ionizace, kter\u00e1 sni\u017euje statickou elekt\u0159inu ve vlasech a zabra\u0148uje jejich krepat\u011bn\u00ed. Po vysou\u0161en\u00ed <strong>vlasy neelektrizuj\u00ed<\/strong>, l\u00e9pe <strong>vypadaj\u00ed<\/strong> a l\u00e9pe <strong>se upravuj\u00ed<\/strong>. To je d\u016fle\u017eit\u00e9 zejm\u00e9na pro ty, kte\u0159\u00ed maj\u00ed tenk\u00e9 a jemn\u00e9 vlasy.<\/p>\n<h2>Sou\u010d\u00e1st\u00ed balen\u00ed je koncentr\u00e1tor vzduchu a difuz\u00e9r<\/h2>\n<p><strong>Difuz\u00e9r<\/strong><\/p>\n<p>Difuz\u00e9r je ide\u00e1ln\u00ed pro ty, kte\u0159\u00ed maj\u00ed <strong>vlnit\u00e9 <\/strong>nebo <strong>kudrnat\u00e9<\/strong> vlasy. Pom\u00e1h\u00e1 <strong>distribuovat<\/strong> vzduch, aby bylo vysou\u0161en\u00ed<strong>rovnom\u011brn\u011bj\u0161\u00ed<\/strong>  a z\u00e1rove\u0148 <strong>zachovalo p\u0159irozen\u00e9<\/strong> vlny nebo kudrny.<\/p>\n<p><strong>Koncentr\u00e1tor<\/strong><\/p>\n<p>Koncentr\u00e1tor umo\u017e\u0148uje <strong>soust\u0159edit<\/strong> <strong>proud vzduchu<\/strong> do jednoho bodu, co\u017e<strong>usnad\u0148uje<\/strong> <strong>\u00fapravu<\/strong> a <strong>stylov\u00e1n\u00ed vlas\u016f<\/strong>. Lze jej pou\u017e\u00edt k dosa\u017een\u00ed <strong>hladk\u00e9ho<\/strong> a <strong>rovn\u00e9ho<\/strong> konce, nap\u0159\u00edklad po pou\u017eit\u00ed kart\u00e1\u010de.<\/p>\n<h2>Stylov\u00fd a elegantn\u00ed<\/h2>\n<p>Pou\u017e\u00edv\u00e1n\u00ed vysou\u0161e\u010de vlas\u016f HD 410 je d\u00edky jeho <strong>stylov\u00e9mu designu<\/strong> skute\u010dn\u00fdm pot\u011b\u0161en\u00edm. Je pota\u017een speci\u00e1ln\u00ed <strong>na dotek p\u0159\u00edjemnou<\/strong> a estetickou  <strong> povrchovou \u00fapravou<\/strong> v jedine\u010dn\u00e9 <strong>\u010dokol\u00e1dov\u011b sat\u00e9nov\u00e9<\/strong> barv\u011b. <\/p>\n<h2>Skl\u00e1dac\u00ed a ergonomick\u00e1 rukoje\u0165<\/h2>\n<p>Rukoje\u0165 vysou\u0161e\u010de je <strong>anatomicky<\/strong> profilovan\u00e1, tak\u017ee v\u00e1m dokonale padne do ruky a umo\u017en\u00ed v\u00e1m \u00fa\u010dinn\u011b nasm\u011brovat proud vzduchu po\u017eadovan\u00fdm sm\u011brem.<\/p>\n<h2>Rukoje\u0165 pro zav\u011b\u0161en\u00ed su\u0161i\u010dky<\/h2>\n<p>Vestav\u011bn\u00e9   dr\u017eadlo na <strong>zav\u011b\u0161en\u00ed<\/strong> v\u00e1m zase umo\u017en\u00ed  po pou\u017eit\u00ed<strong>odlo\u017eit<\/strong> na koupelnov\u00fd v\u011b\u0161\u00e1k, abyste<strong>jej<\/strong> <strong>m\u011bli v\u017edy po ruce<\/strong>.<\/p>\n<h2>z\u00e1ruka 24 m\u011bs\u00edc\u016f a n\u00e1vod k pou\u017eit\u00ed v pol\u0161tin\u011b.<\/h2>\n<p><span>Na<strong>su\u0161i\u010dku HD-410 S<\/strong> je <span><strong>poskytov\u00e1na 24m\u011bs\u00ed\u010dn\u00ed z\u00e1ruka<\/strong><\/span><span> a n\u00e1vod k pou\u017eit\u00ed v pol\u0161tin\u011b, kter\u00fd byste si m\u011bli p\u0159e\u010d\u00edst p\u0159ed jej\u00edm pou\u017eit\u00edm<\/span>.<\/span><\/p>\n","protected":false},"excerpt":{"rendered":"<p>V\u00fdkonn\u00fd vysou\u0161e\u010d vlas\u016f se sklopnou rukojet\u00ed a koncentr\u00e1torem vzduchu s velmi elegantn\u00edm designem. M\u00e1 dv\u011b pracovn\u00ed rychlosti a t\u0159i stupn\u011b regulace teploty<\/p>\n","protected":false},"featured_media":15002,"comment_status":"open","ping_status":"closed","template":"","meta":[],"product_brand":[],"product_cat":[891],"product_tag":[],"class_list":{"0":"post-17601","1":"product","2":"type-product","3":"status-publish","4":"has-post-thumbnail","6":"product_cat-suszarki","8":"first","9":"outofstock","10":"taxable","11":"shipping-taxable","12":"purchasable","13":"product-type-simple"},"_links":{"self":[{"href":"https:\/\/gltestm.webology.pl\/cs\/wp-json\/wp\/v2\/product\/17601","targetHints":{"allow":["GET"]}}],"collection":[{"href":"https:\/\/gltestm.webology.pl\/cs\/wp-json\/wp\/v2\/product"}],"about":[{"href":"https:\/\/gltestm.webology.pl\/cs\/wp-json\/wp\/v2\/types\/product"}],"replies":[{"embeddable":true,"href":"https:\/\/gltestm.webology.pl\/cs\/wp-json\/wp\/v2\/comments?post=17601"}],"version-history":[{"count":0,"href":"https:\/\/gltestm.webology.pl\/cs\/wp-json\/wp\/v2\/product\/17601\/revisions"}],"wp:featuredmedia":[{"embeddable":true,"href":"https:\/\/gltestm.webology.pl\/cs\/wp-json\/wp\/v2\/media\/15002"}],"wp:attachment":[{"href":"https:\/\/gltestm.webology.pl\/cs\/wp-json\/wp\/v2\/media?parent=17601"}],"wp:term":[{"taxonomy":"product_brand","embeddable":true,"href":"https:\/\/gltestm.webology.pl\/cs\/wp-json\/wp\/v2\/product_brand?post=17601"},{"taxonomy":"product_cat","embeddable":true,"href":"https:\/\/gltestm.webology.pl\/cs\/wp-json\/wp\/v2\/product_cat?post=17601"},{"taxonomy":"product_tag","embeddable":true,"href":"https:\/\/gltestm.webology.pl\/cs\/wp-json\/wp\/v2\/product_tag?post=17601"}],"curies":[{"name":"wp","href":"https:\/\/api.w.org\/{rel}","templated":true}]}}