{"id":17493,"date":"2026-03-18T22:04:42","date_gmt":"2026-03-18T21:04:42","guid":{"rendered":"https:\/\/gltestm.webology.pl\/produkt\/krejcovska-krida-sada-4-ks-v-krabici\/"},"modified":"2026-03-22T21:59:59","modified_gmt":"2026-03-22T20:59:59","slug":"krejcovska-krida-sada-4-ks-v-krabici","status":"publish","type":"product","link":"https:\/\/gltestm.webology.pl\/cs\/produkt\/krejcovska-krida-sada-4-ks-v-krabici\/","title":{"rendered":"Krej\u010dovsk\u00e1 k\u0159\u00edda sada 4 ks v krabici"},"content":{"rendered":"<h2>Krej\u010dovsk\u00e1 k\u0159\u00edda &#8211; ide\u00e1ln\u00ed n\u00e1stroj pro <strong>dokonal\u00e9 kreslen\u00ed st\u0159ih\u016f<\/strong>!<\/h2>\n<p>Zapome\u0148te na obt\u00ed\u017ee s vyzna\u010dov\u00e1n\u00edm vzor\u016f na l\u00e1tce &#8211; s krej\u010dovskou k\u0159\u00eddou je nyn\u00ed v\u0161e jednodu\u0161\u0161\u00ed a p\u0159esn\u011bj\u0161\u00ed. Tento v\u00fdrobek je speci\u00e1ln\u011b navr\u017een tak, aby v\u00e1m poskytoval v\u00fdjime\u010dnou kvalitu a pohodl\u00ed p\u0159i pr\u00e1ci.<\/p>\n<h2>\u010c\u00edm je tato krej\u010dovsk\u00e1 k\u0159\u00edda v\u00fdjime\u010dn\u00e1?<\/h2>\n<ol>\n<li><strong>P\u0159esn\u00e9<\/strong> <strong>kreslen\u00ed<\/strong> st\u0159ih\u016f: krej\u010dovsk\u00e1 k\u0159\u00edda se stane va\u0161\u00edm spolehliv\u00fdm pomocn\u00edkem p\u0159i vytv\u00e1\u0159en\u00ed <strong>dokonal\u00fdch st\u0159ih\u016f<\/strong>. D\u00edky jej\u00edmu speci\u00e1ln\u00edmu proveden\u00ed a <strong>tvrdosti<\/strong> m\u016f\u017eete p\u0159esn\u011b vyzna\u010dit <strong>m\u00edsta<\/strong> st\u0159ihu a <strong>\u0161it\u00ed<\/strong> na r\u016fzn\u00fdch materi\u00e1lech.<\/li>\n<li><strong>Pohodln\u00e9 balen\u00ed<\/strong>: ka\u017ed\u00e9 balen\u00ed krej\u010dovsk\u00e9 k\u0159\u00eddy obsahuje <strong>4 kusy um\u00edst\u011bn\u00e9<\/strong> (\u010derven\u00e1, b\u00edl\u00e1, modr\u00e1, \u017elut\u00e1) v praktick\u00e9m plastov\u00e9m pouzd\u0159e. D\u00edky tomu budete m\u00edt v\u017edy po ruce dostatek k\u0159\u00edd pro sv\u00e9 projekty.<\/li>\n<li><strong>Snadn\u00e9<\/strong> obkreslov\u00e1n\u00ed <strong>vzor\u016f<\/strong>: A\u0165 u\u017e pracujete na <strong>pletenin\u011b<\/strong> nebo <strong>pl\u00e1tn\u011b<\/strong>, na\u0161e krej\u010dovsk\u00e9 k\u0159\u00eddy v\u00e1m poskytnou <strong>jasn\u00e9 stopy<\/strong>, kter\u00e9 v\u00e1m usnadn\u00ed sledov\u00e1n\u00ed vzor\u016f a prov\u00e1d\u011bn\u00ed pot\u0159ebn\u00fdch <strong>oprav<\/strong>.<\/li>\n<\/ol>\n<p>Neztr\u00e1cejte u\u017e \u010das pokusy a omyly! Nechte se un\u00e9st bezkonkuren\u010dn\u00ed p\u0159esnost\u00ed a pohodl\u00edm na\u0161\u00ed krej\u010dovsk\u00e9 k\u0159\u00eddy. Ud\u011blejte sv\u00e9 \u0161ic\u00ed projekty je\u0161t\u011b profesion\u00e1ln\u011bj\u0161\u00ed a p\u016fsobiv\u011bj\u0161\u00ed. Objednejte si je\u0161t\u011b dnes a p\u0159esv\u011bd\u010dte se, jak v\u00e1m na\u0161e krej\u010dovsk\u00e1 k\u0159\u00edda zp\u0159\u00edjemn\u00ed tv\u016fr\u010d\u00ed proces!<\/p>\n<h2>Odstra\u0148ov\u00e1n\u00ed k\u0159\u00eddy z materi\u00e1l\u016f<\/h2>\n<p>Po pou\u017eit\u00ed k\u0159\u00eddy jsme si v\u0161imli, \u017ee stopy, kter\u00e9 zanech\u00e1v\u00e1 na materi\u00e1lech, <strong>po vypr\u00e1n\u00ed \u0161patn\u011b<\/strong> blednou. Plat\u00ed to pro modrou a \u017elutou k\u0159\u00eddu, \u010d\u00e1ra byla na materi\u00e1lu viditeln\u00e1 i po vypr\u00e1n\u00ed.<\/p>\n","protected":false},"excerpt":{"rendered":"<p>Krej\u010dovsk\u00e1 k\u0159\u00edda v praktick\u00e9 krabi\u010dce. 4 ks.<\/p>\n","protected":false},"featured_media":14164,"comment_status":"open","ping_status":"closed","template":"","meta":[],"product_brand":[],"product_cat":[746],"product_tag":[],"class_list":{"0":"post-17493","1":"product","2":"type-product","3":"status-publish","4":"has-post-thumbnail","6":"product_cat-mydelka-krawieckie-i-ich-zamienniki","8":"first","9":"instock","10":"taxable","11":"shipping-taxable","12":"purchasable","13":"product-type-simple"},"_links":{"self":[{"href":"https:\/\/gltestm.webology.pl\/cs\/wp-json\/wp\/v2\/product\/17493","targetHints":{"allow":["GET"]}}],"collection":[{"href":"https:\/\/gltestm.webology.pl\/cs\/wp-json\/wp\/v2\/product"}],"about":[{"href":"https:\/\/gltestm.webology.pl\/cs\/wp-json\/wp\/v2\/types\/product"}],"replies":[{"embeddable":true,"href":"https:\/\/gltestm.webology.pl\/cs\/wp-json\/wp\/v2\/comments?post=17493"}],"version-history":[{"count":0,"href":"https:\/\/gltestm.webology.pl\/cs\/wp-json\/wp\/v2\/product\/17493\/revisions"}],"wp:featuredmedia":[{"embeddable":true,"href":"https:\/\/gltestm.webology.pl\/cs\/wp-json\/wp\/v2\/media\/14164"}],"wp:attachment":[{"href":"https:\/\/gltestm.webology.pl\/cs\/wp-json\/wp\/v2\/media?parent=17493"}],"wp:term":[{"taxonomy":"product_brand","embeddable":true,"href":"https:\/\/gltestm.webology.pl\/cs\/wp-json\/wp\/v2\/product_brand?post=17493"},{"taxonomy":"product_cat","embeddable":true,"href":"https:\/\/gltestm.webology.pl\/cs\/wp-json\/wp\/v2\/product_cat?post=17493"},{"taxonomy":"product_tag","embeddable":true,"href":"https:\/\/gltestm.webology.pl\/cs\/wp-json\/wp\/v2\/product_tag?post=17493"}],"curies":[{"name":"wp","href":"https:\/\/api.w.org\/{rel}","templated":true}]}}