{"id":17489,"date":"2026-03-18T22:04:42","date_gmt":"2026-03-18T21:04:42","guid":{"rendered":"https:\/\/gltestm.webology.pl\/produkt\/krejcovska-krida-tuzkou-samostrihaci-modra\/"},"modified":"2026-03-22T21:15:06","modified_gmt":"2026-03-22T20:15:06","slug":"krejcovska-krida-tuzkou-samostrihaci-modra","status":"publish","type":"product","link":"https:\/\/gltestm.webology.pl\/cs\/produkt\/krejcovska-krida-tuzkou-samostrihaci-modra\/","title":{"rendered":"Krej\u010dovsk\u00e1 k\u0159\u00edda tu\u017ekou samost\u0159\u00edhac\u00ed modr\u00e1"},"content":{"rendered":"<h2><strong>Jednoduch\u00e9 a pohodln\u00e9 ovl\u00e1d\u00e1n\u00ed<\/strong><\/h2>\n<p>P\u0159em\u00fd\u0161leli jste n\u011bkdy, jak si usnadnit pr\u00e1ci p\u0159i \u0161it\u00ed a u\u0161et\u0159it \u010das p\u0159i neust\u00e1l\u00e9m brou\u0161en\u00ed k\u0159\u00eddy? M\u00e1me pro v\u00e1s \u0159e\u0161en\u00ed! Krej\u010dovsk\u00e1 k\u0159\u00edda, kter\u00e1 se sama brous\u00ed, je odpov\u011bd\u00ed na va\u0161e pot\u0159eby. P\u0159ipravte se na revoluci ve sv\u011bt\u011b krej\u010dovstv\u00ed.<\/p>\n<h2><strong>Jak to funguje? <\/strong><\/h2>\n<p>Je to jednoduch\u00e9! Tato krej\u010dovsk\u00e1 k\u0159\u00edda je navr\u017eena tak, abyste si ji mohli snadno nabrousit bez dal\u0161\u00edch n\u00e1stroj\u016f. Sta\u010d\u00ed pou\u017e\u00edt p\u0159ilo\u017eenou \u0161\u0148\u016frku, kter\u00e1 k\u0159\u00eddu &#8222;u\u0159\u00edzne&#8220;, a pot\u00e9 odvinout pap\u00edr, v n\u011bm\u017e je zabalena. Nemus\u00edte se ob\u00e1vat, \u017ee si u\u0161pin\u00edte ruce nebo pou\u017eijete jin\u00e9 n\u00e1stroje &#8211; na\u0161e k\u0159\u00edda se pou\u017e\u00edv\u00e1 mimo\u0159\u00e1dn\u011b pohodln\u011b.<\/p>\n<h2><strong>Multifunk\u010dnost a p\u0159esnost<\/strong><\/h2>\n<p>A to nen\u00ed v\u0161echno! Krej\u010dovsk\u00e1 k\u0159\u00edda se skv\u011ble hod\u00ed k nan\u00e1\u0161en\u00ed st\u0159ih\u016f na l\u00e1tky a k dal\u0161\u00edm korekc\u00edm p\u0159i \u0161it\u00ed. D\u00edky jej\u00ed v\u0161estrannosti ji m\u016f\u017eete pou\u017e\u00edt nejen na l\u00e1tky, ale tak\u00e9 nap\u0159\u00edklad na k\u016f\u017ei. D\u00edky n\u00ed budou va\u0161e n\u00e1vrhy je\u0161t\u011b p\u0159esn\u011bj\u0161\u00ed a profesion\u00e1ln\u011bj\u0161\u00ed.<\/p>\n<h2><strong>Ide\u00e1ln\u00ed pro l\u00e1tky<\/strong><\/h2>\n<p>A\u0165 u\u017e hled\u00e1te n\u00e1stroj k aplikaci st\u0159ihu na l\u00e1tky nebo k vyzna\u010den\u00ed krej\u010dovsk\u00fdch korekc\u00ed, na\u0161e krej\u010dovsk\u00e1 k\u0159\u00edda je ide\u00e1ln\u00edm \u0159e\u0161en\u00edm. D\u00edky p\u0159esn\u00e9mu zna\u010den\u00ed z\u00edskaj\u00ed va\u0161e n\u00e1vrhy profesion\u00e1ln\u00ed vzhled.<\/p>\n<h2><strong>V\u00fdhody samoost\u0159\u00edc\u00ed k\u0159\u00eddy<\/strong><\/h2>\n<ul>\n<li>Automatick\u00e9 ost\u0159en\u00ed: V\u017edy ostr\u00e9, bez nutnosti ru\u010dn\u00edho brou\u0161en\u00ed.<\/li>\n<li>Pohodln\u00e9 pou\u017e\u00edv\u00e1n\u00ed: Snadn\u00e9 pou\u017eit\u00ed, \u017e\u00e1dn\u00e9 \u0161pinav\u00e9 ruce.<\/li>\n<li>Multifunk\u010dnost: Ide\u00e1ln\u00ed na l\u00e1tky a k\u016f\u017ei<\/li>\n<\/ul>\n<h2><strong>Snadn\u011bj\u0161\u00ed a p\u0159esn\u011bj\u0161\u00ed krej\u010dovsk\u00fd proces<\/strong><\/h2>\n<p>Nyn\u00ed si m\u016f\u017eete u\u017e\u00edvat snadn\u011bj\u0161\u00ed a p\u0159esn\u011bj\u0161\u00ed krej\u010dovsk\u00fd proces s na\u0161\u00ed krej\u010dovskou k\u0159\u00eddou, kter\u00e1 se sama brous\u00ed. Jej\u00ed d\u00e9lka je 16,7 cm, co\u017e zaji\u0161\u0165uje pohodln\u00e9 a bezpe\u010dn\u00e9 dr\u017een\u00ed. Zvolte inovaci a objednejte si na\u0161i krej\u010dovskou k\u0159\u00eddu je\u0161t\u011b dnes!<\/p>\n","protected":false},"excerpt":{"rendered":"<p>Modr\u00e1 krej\u010dovsk\u00e1 k\u0159\u00edda v 16,7 cm dlouh\u00e9 tu\u017ece. Samoost\u0159\u00edc\u00ed.<\/p>\n","protected":false},"featured_media":13221,"comment_status":"open","ping_status":"closed","template":"","meta":[],"product_brand":[],"product_cat":[746],"product_tag":[],"class_list":{"0":"post-17489","1":"product","2":"type-product","3":"status-publish","4":"has-post-thumbnail","6":"product_cat-mydelka-krawieckie-i-ich-zamienniki","8":"first","9":"instock","10":"taxable","11":"shipping-taxable","12":"purchasable","13":"product-type-simple"},"_links":{"self":[{"href":"https:\/\/gltestm.webology.pl\/cs\/wp-json\/wp\/v2\/product\/17489","targetHints":{"allow":["GET"]}}],"collection":[{"href":"https:\/\/gltestm.webology.pl\/cs\/wp-json\/wp\/v2\/product"}],"about":[{"href":"https:\/\/gltestm.webology.pl\/cs\/wp-json\/wp\/v2\/types\/product"}],"replies":[{"embeddable":true,"href":"https:\/\/gltestm.webology.pl\/cs\/wp-json\/wp\/v2\/comments?post=17489"}],"version-history":[{"count":0,"href":"https:\/\/gltestm.webology.pl\/cs\/wp-json\/wp\/v2\/product\/17489\/revisions"}],"wp:featuredmedia":[{"embeddable":true,"href":"https:\/\/gltestm.webology.pl\/cs\/wp-json\/wp\/v2\/media\/13221"}],"wp:attachment":[{"href":"https:\/\/gltestm.webology.pl\/cs\/wp-json\/wp\/v2\/media?parent=17489"}],"wp:term":[{"taxonomy":"product_brand","embeddable":true,"href":"https:\/\/gltestm.webology.pl\/cs\/wp-json\/wp\/v2\/product_brand?post=17489"},{"taxonomy":"product_cat","embeddable":true,"href":"https:\/\/gltestm.webology.pl\/cs\/wp-json\/wp\/v2\/product_cat?post=17489"},{"taxonomy":"product_tag","embeddable":true,"href":"https:\/\/gltestm.webology.pl\/cs\/wp-json\/wp\/v2\/product_tag?post=17489"}],"curies":[{"name":"wp","href":"https:\/\/api.w.org\/{rel}","templated":true}]}}