{"id":17485,"date":"2026-03-18T22:04:42","date_gmt":"2026-03-18T21:04:42","guid":{"rendered":"https:\/\/gltestm.webology.pl\/produkt\/koliky-se-sklenenou-hlavickou-o-delce-34-mm\/"},"modified":"2026-03-22T21:15:04","modified_gmt":"2026-03-22T20:15:04","slug":"koliky-se-sklenenou-hlavickou-o-delce-34-mm","status":"publish","type":"product","link":"https:\/\/gltestm.webology.pl\/cs\/produkt\/koliky-se-sklenenou-hlavickou-o-delce-34-mm\/","title":{"rendered":"Kol\u00edky se sklen\u011bnou hlavi\u010dkou o d\u00e9lce 34 mm"},"content":{"rendered":"<h2><strong>Jak\u00e9 jsou charakteristick\u00e9 znaky krej\u010dovsk\u00fdch spon?<\/strong><\/h2>\n<p>Krej\u010dovsk\u00e9 \u0161pendl\u00edky se sklen\u011bn\u00fdmi barevn\u00fdmi hlavi\u010dkami jsou dob\u0159e viditeln\u00e9, pronikaj\u00ed a dob\u0159e dr\u017e\u00ed. Krej\u010dovsk\u00e9 \u0161pendl\u00edky jsou vysoce kvalitn\u00ed, nel\u00e1mav\u00e9 a ve srovn\u00e1n\u00ed s kovov\u00fdmi \u0161pendl\u00edky jsou o n\u011bco pru\u017en\u011bj\u0161\u00ed. Jsou skv\u011bl\u00e9 pro \u0161it\u00ed i kancel\u00e1\u0159sk\u00e9 pou\u017eit\u00ed.<\/p>\n<h2><strong>Rozm\u011bry \u0161pendl\u00edk\u016f se sklen\u011bnou hlavi\u010dkou<\/strong><\/h2>\n<p>Dimensions:<\/p>\n<ul>\n<li>D\u00e9lka: <strong>34 mm<\/strong><\/li>\n<li>Pr\u016fm\u011br dr\u00e1tu:  0<strong>,4 mm<\/strong><\/li>\n<li>Pr\u016fm\u011br hlavi\u010dky:  2<strong>,7 mm<\/strong><\/li>\n<\/ul>\n<h2><strong>Po\u010det kol\u00edk\u016f v balen\u00ed<\/strong><\/h2>\n<p>Kol\u00edky jsou baleny v plastov\u00e9 krabi\u010dce. V balen\u00ed je 12 g kol\u00edk\u016f, co\u017e je asi 80 kus\u016f.<\/p>\n","protected":false},"excerpt":{"rendered":"<p>Sada l\u00e1tkov\u00fdch kol\u00ed\u010dk\u016f se sklen\u011bnou hlavi\u010dkou v plastov\u00e9 krabi\u010dce, d\u00e9lka 34 mm.  80 ks. 12 g.<\/p>\n","protected":false},"featured_media":14970,"comment_status":"open","ping_status":"closed","template":"","meta":[],"product_brand":[],"product_cat":[741],"product_tag":[],"class_list":{"0":"post-17485","1":"product","2":"type-product","3":"status-publish","4":"has-post-thumbnail","6":"product_cat-szpilki-agrafki-i-poduszeczki","8":"first","9":"instock","10":"taxable","11":"shipping-taxable","12":"purchasable","13":"product-type-simple"},"_links":{"self":[{"href":"https:\/\/gltestm.webology.pl\/cs\/wp-json\/wp\/v2\/product\/17485","targetHints":{"allow":["GET"]}}],"collection":[{"href":"https:\/\/gltestm.webology.pl\/cs\/wp-json\/wp\/v2\/product"}],"about":[{"href":"https:\/\/gltestm.webology.pl\/cs\/wp-json\/wp\/v2\/types\/product"}],"replies":[{"embeddable":true,"href":"https:\/\/gltestm.webology.pl\/cs\/wp-json\/wp\/v2\/comments?post=17485"}],"version-history":[{"count":0,"href":"https:\/\/gltestm.webology.pl\/cs\/wp-json\/wp\/v2\/product\/17485\/revisions"}],"wp:featuredmedia":[{"embeddable":true,"href":"https:\/\/gltestm.webology.pl\/cs\/wp-json\/wp\/v2\/media\/14970"}],"wp:attachment":[{"href":"https:\/\/gltestm.webology.pl\/cs\/wp-json\/wp\/v2\/media?parent=17485"}],"wp:term":[{"taxonomy":"product_brand","embeddable":true,"href":"https:\/\/gltestm.webology.pl\/cs\/wp-json\/wp\/v2\/product_brand?post=17485"},{"taxonomy":"product_cat","embeddable":true,"href":"https:\/\/gltestm.webology.pl\/cs\/wp-json\/wp\/v2\/product_cat?post=17485"},{"taxonomy":"product_tag","embeddable":true,"href":"https:\/\/gltestm.webology.pl\/cs\/wp-json\/wp\/v2\/product_tag?post=17485"}],"curies":[{"name":"wp","href":"https:\/\/api.w.org\/{rel}","templated":true}]}}