{"id":17481,"date":"2026-03-18T22:04:41","date_gmt":"2026-03-18T21:04:41","guid":{"rendered":"https:\/\/gltestm.webology.pl\/produkt\/odstranovac-vodniho-kamene-pro-kavovar-rychlovarnou-konvici-zehlicku\/"},"modified":"2026-03-22T21:15:02","modified_gmt":"2026-03-22T20:15:02","slug":"odstranovac-vodniho-kamene-pro-kavovar-rychlovarnou-konvici-zehlicku","status":"publish","type":"product","link":"https:\/\/gltestm.webology.pl\/cs\/produkt\/odstranovac-vodniho-kamene-pro-kavovar-rychlovarnou-konvici-zehlicku\/","title":{"rendered":"Odstra\u0148ova\u010d vodn\u00edho kamene pro k\u00e1vovar, rychlovarnou konvici, \u017eehli\u010dku"},"content":{"rendered":"<p>Bojuj\u00ed va\u0161e <strong>\u017eehli\u010dka<\/strong>, <strong>rychlovarn\u00e1 konvice<\/strong>, <strong>k\u00e1vovar<\/strong> a dal\u0161\u00ed mal\u00e9 dom\u00e1c\u00ed spot\u0159ebi\u010de s<strong> odoln\u00fdm vodn\u00edm kamenem<\/strong>? <strong>Odstra\u0148ova\u010d vodn\u00edho kamene Lucznik<\/strong> je <strong>\u0159e\u0161en\u00ed, kter\u00e9<\/strong> hled\u00e1te! <strong>Odstra\u0148ova\u010d vodn\u00edho kamene 500 mld.<\/strong>byl vytvo\u0159en <strong>speci\u00e1ln\u011b pro<\/strong> spot\u0159ebi\u010de n\u00e1chyln\u00e9 k <strong>tvorb\u011b<\/strong> vodn\u00edho kamene.<\/p>\n<h2>Bojujte proti vodn\u00edmu kameni na r\u016fzn\u00fdch front\u00e1ch<\/h2>\n<p>D\u00edky pou\u017eit\u00ed odv\u00e1p\u0148ova\u010de \u0141ucznik m\u016f\u017eete <strong>\u00fa\u010dinn\u011b odstranit vodn\u00ed k\u00e1men<\/strong> z r\u016fzn\u00fdch povrch\u016f, <strong>osv\u011b\u017eit<\/strong> dom\u00e1c\u00ed spot\u0159ebi\u010de a obnovit jejich <strong>plnou \u00fa\u010dinnost<\/strong>. <strong>Pravideln\u00e9 pou\u017e\u00edv\u00e1n\u00ed<\/strong> tohoto p\u0159\u00edpravku v\u00e1m umo\u017en\u00ed nejen zbavit se <strong>odoln\u00fdch usazenin<\/strong>, ale tak\u00e9 <strong>prodlou\u017eit \u017eivotnost<\/strong> va\u0161ich drahocenn\u00fdch za\u0159\u00edzen\u00ed.<\/p>\n<h2>Pohodln\u00e1 tekut\u00e1 forma pro p\u0159esnou aplikaci<\/h2>\n<p>Lucznik odstra\u0148ova\u010d vodn\u00edho kamene je <strong>univerz\u00e1ln\u00edm \u0159e\u0161en\u00edm<\/strong> pro mnoho mal\u00fdch dom\u00e1c\u00edch spot\u0159ebi\u010d\u016f. Jeho tekut\u00e9 slo\u017een\u00ed v\u00e1m umo\u017en\u00ed <strong>snadnou<\/strong> a <strong>p\u0159esnou<\/strong> aplikaci na <strong>problematick\u00e1 m\u00edsta<\/strong> pro efektivn\u00ed p\u016fsoben\u00ed. A\u0165 u\u017e se jedn\u00e1 o \u017eehli\u010dku, rychlovarnou konvici, k\u00e1vovar nebo jin\u00fd spot\u0159ebi\u010d, tento odv\u00e1p\u0148ova\u010d spln\u00ed va\u0161e pot\u0159eby.<\/p>\n<p>Odv\u00e1p\u0148ova\u010d Lucznik o<strong> objemu 500 ml<\/strong> je <strong>\u00fa\u010dinn\u00fdm \u0159e\u0161en\u00edm, kter\u00e9<\/strong> vydr\u017e\u00ed po del\u0161\u00ed dobu pou\u017e\u00edv\u00e1n\u00ed. M\u016f\u017eete jej tedy pou\u017e\u00edvat del\u0161\u00ed dobu a jedno balen\u00ed v\u00e1m zajist\u00ed <strong>n\u011bkolikan\u00e1sobn\u00e9 pou\u017eit\u00ed<\/strong>.<\/p>\n<h2>Zajist\u011bte del\u0161\u00ed \u017eivotnost sv\u00fdch dom\u00e1c\u00edch spot\u0159ebi\u010d\u016f<\/h2>\n<p>V\u00fdrobek je zna\u010dky Lucznik, co\u017e zaru\u010duje <strong>vysokou kvalitu<\/strong> a <strong>\u00fa\u010dinn\u00fd<\/strong> v\u00fdkon. Odstra\u0148ova\u010d vodn\u00edho kamene je k dispozici v <strong>tekut\u00e9 form\u011b<\/strong>, co\u017e usnad\u0148uje jeho aplikaci a zaji\u0161\u0165uje rovnom\u011brn\u00e9 pokryt\u00ed povrchu. Vyu\u017eijte odv\u00e1p\u0148ova\u010d Lucznik a u\u017e\u00edvejte si<strong> efektivn\u00ed dom\u00e1c\u00ed spot\u0159ebi\u010de<\/strong> po mnoho let!<\/p>\n<p>Investujte do <strong>odstra\u0148ova\u010de vodn\u00edho kamene<\/strong> \u0141ucznik a u\u017e\u00edvejte si <strong>\u00fa\u010dinnost<\/strong> sv\u00fdch <strong>dom\u00e1c\u00edch<\/strong> spot\u0159ebi\u010d\u016f bez obav z vodn\u00edho kamene!<\/p>\n","protected":false},"excerpt":{"rendered":"<p>Univerz\u00e1ln\u00ed kapalina pro odstra\u0148ov\u00e1n\u00ed vodn\u00edho kamene z varn\u00fdch konvic, \u017eehli\u010dek nebo k\u00e1vovar\u016f. \u00da\u010dinn\u00e9 a bezpe\u010dn\u00e9 slo\u017een\u00ed. Objem 500 ml. Zlep\u0161uje v\u00fdkon a prodlu\u017euje \u017eivotnost dom\u00e1c\u00edch spot\u0159ebi\u010d\u016f.<\/p>\n","protected":false},"featured_media":13980,"comment_status":"open","ping_status":"closed","template":"","meta":[],"product_brand":[],"product_cat":[651],"product_tag":[],"class_list":{"0":"post-17481","1":"product","2":"type-product","3":"status-publish","4":"has-post-thumbnail","6":"product_cat-pozostale","8":"first","9":"instock","10":"sale","11":"taxable","12":"shipping-taxable","13":"purchasable","14":"product-type-simple"},"_links":{"self":[{"href":"https:\/\/gltestm.webology.pl\/cs\/wp-json\/wp\/v2\/product\/17481","targetHints":{"allow":["GET"]}}],"collection":[{"href":"https:\/\/gltestm.webology.pl\/cs\/wp-json\/wp\/v2\/product"}],"about":[{"href":"https:\/\/gltestm.webology.pl\/cs\/wp-json\/wp\/v2\/types\/product"}],"replies":[{"embeddable":true,"href":"https:\/\/gltestm.webology.pl\/cs\/wp-json\/wp\/v2\/comments?post=17481"}],"version-history":[{"count":0,"href":"https:\/\/gltestm.webology.pl\/cs\/wp-json\/wp\/v2\/product\/17481\/revisions"}],"wp:featuredmedia":[{"embeddable":true,"href":"https:\/\/gltestm.webology.pl\/cs\/wp-json\/wp\/v2\/media\/13980"}],"wp:attachment":[{"href":"https:\/\/gltestm.webology.pl\/cs\/wp-json\/wp\/v2\/media?parent=17481"}],"wp:term":[{"taxonomy":"product_brand","embeddable":true,"href":"https:\/\/gltestm.webology.pl\/cs\/wp-json\/wp\/v2\/product_brand?post=17481"},{"taxonomy":"product_cat","embeddable":true,"href":"https:\/\/gltestm.webology.pl\/cs\/wp-json\/wp\/v2\/product_cat?post=17481"},{"taxonomy":"product_tag","embeddable":true,"href":"https:\/\/gltestm.webology.pl\/cs\/wp-json\/wp\/v2\/product_tag?post=17481"}],"curies":[{"name":"wp","href":"https:\/\/api.w.org\/{rel}","templated":true}]}}