{"id":17465,"date":"2026-03-18T22:04:40","date_gmt":"2026-03-18T21:04:40","guid":{"rendered":"https:\/\/gltestm.webology.pl\/produkt\/dvojjehla-pro-sici-stroj\/"},"modified":"2026-03-22T21:59:56","modified_gmt":"2026-03-22T20:59:56","slug":"dvojjehla-pro-sici-stroj","status":"publish","type":"product","link":"https:\/\/gltestm.webology.pl\/cs\/produkt\/dvojjehla-pro-sici-stroj\/","title":{"rendered":"Dvojjehla pro \u0161ic\u00ed stroj"},"content":{"rendered":"<h2>Dvojjehla pro \u0161ic\u00ed stroj<\/h2>\n<p>Dvojjehla se nej\u010dast\u011bji pou\u017e\u00edv\u00e1 pro <strong>pod\u0161\u00edv\u00e1n\u00ed<\/strong> ruk\u00e1v\u016f, spodn\u00edch \u010d\u00e1st\u00ed halenek, ale i pro dekorativn\u00ed \u0161it\u00ed (m\u016f\u017eeme \u0161\u00edt nap\u0159\u00edklad dv\u011bma r\u016fzn\u00fdmi barvami nit\u00ed).<br \/>P\u0159i \u0161it\u00ed dvojjehlou vytvo\u0159\u00edme dva rovnob\u011b\u017en\u00e9 rovn\u00e9 stehy , a pod nimi klikat\u00fd.<\/p>\n<ul>\n<li><strong>tlou\u0161\u0165ka 90<\/strong><\/li>\n<li><strong>rozte\u010d 2 mm<\/strong><\/li>\n<\/ul>\n<p>Chceme-li ji pou\u017e\u00edt, mus\u00edme si v n\u00e1vodu ov\u011b\u0159it, zda je n\u00e1\u0161 stroj uzp\u016fsoben pro \u0161it\u00ed dvojjehlou. Aby bylo mo\u017en\u00e9 takovou jehlu pou\u017e\u00edt, mus\u00ed m\u00edt stroj ur\u010dit\u011b cikcakov\u00fd steh (nen\u00ed to v\u0161ak jedin\u00e9 krit\u00e9rium, proto je t\u0159eba \u010d\u00edst n\u00e1vod).<\/p>\n<h2>Nezapome\u0148te!<\/h2>\n<p>Pravideln\u011b tak\u00e9 kontrolujte \u0161pi\u010dku jehly, kdy\u017e si v\u0161imnete jak\u00fdchkoli zn\u00e1mek opot\u0159eben\u00ed, vym\u011b\u0148te jehlu za novou. Stav jehly ovliv\u0148uje kvalitu stehu, po\u0161kozen\u00e1 \u0161pi\u010dka jehly m\u016f\u017ee zni\u010dit \u0161itou l\u00e1tku. Jehly by m\u011bly b\u00fdt skladov\u00e1ny v p\u016fvodn\u00edm obalu, aby nedo\u0161lo k jejich po\u0161kozen\u00ed.<\/p>\n","protected":false},"excerpt":{"rendered":"<p>Dvojjehla pro \u0161ic\u00ed stroj. Tlou\u0161\u0165ka 90. rozte\u010d 2 mm.<\/p>\n","protected":false},"featured_media":13401,"comment_status":"open","ping_status":"closed","template":"","meta":[],"product_brand":[],"product_cat":[521],"product_tag":[],"class_list":{"0":"post-17465","1":"product","2":"type-product","3":"status-publish","4":"has-post-thumbnail","6":"product_cat-igly-do-maszyn","8":"first","9":"instock","10":"taxable","11":"shipping-taxable","12":"purchasable","13":"product-type-simple"},"_links":{"self":[{"href":"https:\/\/gltestm.webology.pl\/cs\/wp-json\/wp\/v2\/product\/17465","targetHints":{"allow":["GET"]}}],"collection":[{"href":"https:\/\/gltestm.webology.pl\/cs\/wp-json\/wp\/v2\/product"}],"about":[{"href":"https:\/\/gltestm.webology.pl\/cs\/wp-json\/wp\/v2\/types\/product"}],"replies":[{"embeddable":true,"href":"https:\/\/gltestm.webology.pl\/cs\/wp-json\/wp\/v2\/comments?post=17465"}],"version-history":[{"count":0,"href":"https:\/\/gltestm.webology.pl\/cs\/wp-json\/wp\/v2\/product\/17465\/revisions"}],"wp:featuredmedia":[{"embeddable":true,"href":"https:\/\/gltestm.webology.pl\/cs\/wp-json\/wp\/v2\/media\/13401"}],"wp:attachment":[{"href":"https:\/\/gltestm.webology.pl\/cs\/wp-json\/wp\/v2\/media?parent=17465"}],"wp:term":[{"taxonomy":"product_brand","embeddable":true,"href":"https:\/\/gltestm.webology.pl\/cs\/wp-json\/wp\/v2\/product_brand?post=17465"},{"taxonomy":"product_cat","embeddable":true,"href":"https:\/\/gltestm.webology.pl\/cs\/wp-json\/wp\/v2\/product_cat?post=17465"},{"taxonomy":"product_tag","embeddable":true,"href":"https:\/\/gltestm.webology.pl\/cs\/wp-json\/wp\/v2\/product_tag?post=17465"}],"curies":[{"name":"wp","href":"https:\/\/api.w.org\/{rel}","templated":true}]}}