{"id":17453,"date":"2026-03-18T22:04:39","date_gmt":"2026-03-18T21:04:39","guid":{"rendered":"https:\/\/gltestm.webology.pl\/produkt\/odstavnovac-jc-2005-s\/"},"modified":"2026-03-22T21:14:48","modified_gmt":"2026-03-22T20:14:48","slug":"odstavnovac-jc-2005-s","status":"publish","type":"product","link":"https:\/\/gltestm.webology.pl\/cs\/produkt\/odstavnovac-jc-2005-s\/","title":{"rendered":"Od\u0161\u0165av\u0148ova\u010d JC-2005 S"},"content":{"rendered":"<p>Od\u0161\u0165av\u0148ova\u010d JC-2005 S je vynikaj\u00edc\u00ed volbou pro ka\u017ed\u00e9ho, kdo ocen\u00ed <strong>zdravou<\/strong> stravu plnou <strong>vitam\u00edn\u016f<\/strong>, kterou lze p\u0159ipravit v podob\u011b <strong>lahodn\u00fdch \u0161\u0165\u00e1v<\/strong> bez p\u0159idan\u00e9ho <strong>cukru<\/strong> a <strong>konzerva\u010dn\u00edch l\u00e1tek<\/strong>. D\u00edky od\u0161\u0165av\u0148ova\u010di m\u016f\u017eete <strong>snadno<\/strong> vyu\u017e\u00edt ovoce a zeleninu, kter\u00e9 obvykle z\u016fst\u00e1vaj\u00ed <strong>nesn\u011bden\u00e9<\/strong> a <strong>vyhod\u00ed se<\/strong>. M\u00edt doma od\u0161\u0165av\u0148ova\u010d tak\u00e9 <strong>\u0161et\u0159\u00ed \u010das<\/strong> a <strong>pen\u00edze<\/strong>, proto\u017ee u\u017e nemus\u00edte kupovat <strong>hotov\u00e9 \u0161\u0165\u00e1vy<\/strong> v obchod\u011b.<\/p>\n<h2>Kl\u00ed\u010dov\u00e9 vlastnosti<\/h2>\n<ul>\n<li><strong>p\u0159\u00edkon 600 W<\/strong> <\/li>\n<li><strong>2<\/strong> <strong>rychlosti<\/strong> lisov\u00e1n\u00ed <\/li>\n<li><strong>Nerezov\u00fd<\/strong> kryt INOX<\/li>\n<li><strong>S\u00ed\u0165ov\u00fd filtr<\/strong> s ko\u0161em z <strong>nerezov\u00e9<\/strong> oceli INOX<\/li>\n<li>Bezpe\u010dnostn\u00ed sp\u00edna\u010d se <strong>z\u00e1mkem<\/strong><\/li>\n<li>Bezpe\u010dnostn\u00ed p\u00e1ka s <strong>pojistkou<\/strong> <\/li>\n<li>Vyj\u00edmateln\u00e1 n\u00e1doba na \u0161\u0165\u00e1vu pro snadn\u00e9 \u010di\u0161t\u011bn\u00ed<\/li>\n<li>Snadn\u00e9 \u010di\u0161t\u011bn\u00ed\n<\/li>\n<\/ul>\n<h2>Dod\u00e1van\u00e9 p\u0159\u00edslu\u0161enstv\u00ed<\/h2>\n<ul>\n<li>N\u00e1doba na \u0161\u0165\u00e1vu<\/li>\n<li>N\u00e1doba na zbytky<\/li>\n<li>Tla\u010d\u00edtko\n<\/li>\n<\/ul>\n<h2>Filtr z nerezov\u00e9 oceli<\/h2>\n<p>D\u00edky <strong>p\u0159\u00edkonu 600 W<\/strong> a <strong>speci\u00e1ln\u00edmu<\/strong> s\u00ed\u0165ov\u00e9mu <strong>filtru<\/strong> s ko\u0161em z nerezov\u00e9 oceli si m\u016f\u017eete b\u00fdt jisti, \u017ee v\u0161echny vylisovan\u00e9 \u0161\u0165\u00e1vy budou <strong>\u010dist\u00e9<\/strong> a <strong>hladk\u00e9,<\/strong> bez <strong>du\u017einy<\/strong> a <strong>zbytk\u016f<\/strong>. Od\u0161\u0165av\u0148ova\u010d umo\u017e\u0148uje vyma\u010dkat i <strong>tvrd\u00e9 ovoce<\/strong> a <strong>zeleninu<\/strong>.<\/p>\n<h2>Bezpe\u010dn\u00e9 pou\u017e\u00edv\u00e1n\u00ed<\/h2>\n<p>Bezpe\u010dnost od\u0161\u0165av\u0148ova\u010de JC-2005 S p\u0159i pou\u017e\u00edv\u00e1n\u00ed d\u00e1le zvy\u0161uje pojistn\u00e1 <strong>p\u00e1ka<\/strong> a bezpe\u010dnostn\u00ed sp\u00edna\u010d.<\/p>\n<h2>Pohodln\u00e9 nal\u00e9v\u00e1n\u00ed a mo\u017enost myt\u00ed v my\u010dce n\u00e1dob\u00ed<\/h2>\n<p>Odn\u00edmateln\u00fd <strong>tvarovan\u00fd<\/strong> d\u017eb\u00e1n s <strong>odkl\u00e1p\u011bc\u00edm v\u00edkem<\/strong> umo\u017e\u0148uje snadn\u00e9 a<strong> pohodln\u00e9 nal\u00e9v\u00e1n\u00ed<\/strong> vyma\u010dkan\u00e9 \u0161\u0165\u00e1vy bez rozlit\u00ed po stran\u00e1ch. Podava\u010d, pr\u016fhledn\u00e9 v\u00edko, n\u00e1doba na du\u017einu, d\u017eb\u00e1n, okraj a s\u00edtko lze <strong>m\u00fdt v my\u010dce n\u00e1dob\u00ed<\/strong>.<\/p>\n<h2>2 rychlosti lisov\u00e1n\u00ed<\/h2>\n<p>P\u0159izp\u016fsobte rychlost lisov\u00e1n\u00ed <strong>tvrdosti<\/strong> <strong>ovoce<\/strong> a vychutnejte si \u010derstvou a hladkou \u0161\u0165\u00e1vu bez plovouc\u00edch zbytk\u016f.<\/p>\n<h2>z\u00e1ruka 24 m\u011bs\u00edc\u016f<\/h2>\n<p>Na od\u0161\u0165av\u0148ova\u010d Lucznik JC-2005 S se vztahuje <strong>dvoulet\u00e1<\/strong> z\u00e1ruka <strong>dovozce<\/strong>. Sou\u010d\u00e1st\u00ed balen\u00ed je tak\u00e9 n\u00e1vod k pou\u017eit\u00ed v pol\u0161tin\u011b, kter\u00fd byste si m\u011bli p\u0159ed pou\u017eit\u00edm p\u0159\u00edstroje p\u0159e\u010d\u00edst.<\/p>\n","protected":false},"excerpt":{"rendered":"<p>Dom\u00e1c\u00ed od\u0161\u0165av\u0148ova\u010d s v\u00fdkonem 600 W. Dv\u011b rychlosti od\u0161\u0165av\u0148ov\u00e1n\u00ed. Vyma\u010dk\u00e1 \u010distou a hladkou \u0161\u0165\u00e1vu z m\u011bkk\u00e9ho i tvrd\u00e9ho ovoce.<\/p>\n","protected":false},"featured_media":14779,"comment_status":"open","ping_status":"closed","template":"","meta":[],"product_brand":[],"product_cat":[581],"product_tag":[],"class_list":{"0":"post-17453","1":"product","2":"type-product","3":"status-publish","4":"has-post-thumbnail","6":"product_cat-sokowirowki-i-wyciskarki","8":"first","9":"outofstock","10":"sale","11":"taxable","12":"shipping-taxable","13":"purchasable","14":"product-type-simple"},"_links":{"self":[{"href":"https:\/\/gltestm.webology.pl\/cs\/wp-json\/wp\/v2\/product\/17453","targetHints":{"allow":["GET"]}}],"collection":[{"href":"https:\/\/gltestm.webology.pl\/cs\/wp-json\/wp\/v2\/product"}],"about":[{"href":"https:\/\/gltestm.webology.pl\/cs\/wp-json\/wp\/v2\/types\/product"}],"replies":[{"embeddable":true,"href":"https:\/\/gltestm.webology.pl\/cs\/wp-json\/wp\/v2\/comments?post=17453"}],"version-history":[{"count":0,"href":"https:\/\/gltestm.webology.pl\/cs\/wp-json\/wp\/v2\/product\/17453\/revisions"}],"wp:featuredmedia":[{"embeddable":true,"href":"https:\/\/gltestm.webology.pl\/cs\/wp-json\/wp\/v2\/media\/14779"}],"wp:attachment":[{"href":"https:\/\/gltestm.webology.pl\/cs\/wp-json\/wp\/v2\/media?parent=17453"}],"wp:term":[{"taxonomy":"product_brand","embeddable":true,"href":"https:\/\/gltestm.webology.pl\/cs\/wp-json\/wp\/v2\/product_brand?post=17453"},{"taxonomy":"product_cat","embeddable":true,"href":"https:\/\/gltestm.webology.pl\/cs\/wp-json\/wp\/v2\/product_cat?post=17453"},{"taxonomy":"product_tag","embeddable":true,"href":"https:\/\/gltestm.webology.pl\/cs\/wp-json\/wp\/v2\/product_tag?post=17453"}],"curies":[{"name":"wp","href":"https:\/\/api.w.org\/{rel}","templated":true}]}}