{"id":17441,"date":"2026-03-18T22:04:39","date_gmt":"2026-03-18T21:04:39","guid":{"rendered":"https:\/\/gltestm.webology.pl\/produkt\/sada-jehel-2020-pro-stroje-620d-a-overlocky\/"},"modified":"2026-03-22T21:14:45","modified_gmt":"2026-03-22T20:14:45","slug":"sada-jehel-2020-pro-stroje-620d-a-overlocky","status":"publish","type":"product","link":"https:\/\/gltestm.webology.pl\/cs\/produkt\/sada-jehel-2020-pro-stroje-620d-a-overlocky\/","title":{"rendered":"Sada jehel 2020 pro stroje 620D a overlocky"},"content":{"rendered":"<h2><strong>Sada jehel Lucznik 2020<\/strong><\/h2>\n<p>Tyto jehly m\u016f\u017eeme pou\u017e\u00edt pro \u0161ic\u00ed stroje i overlocky 620D zna\u010dky Lucznik. Jehly Lucznik s kol\u00ed\u010dkem  FLAT se hod\u00ed pro v\u0161echny \u0161ic\u00ed stroje a overlocky zna\u010dky Lucznik z aktu\u00e1ln\u00ed prodejn\u00ed nab\u00eddky.<\/p>\n<h2>Obsah sady<\/h2>\n<p>Jehly Lucznik 2020 jsou baleny po  <strong>5ks<\/strong> ve<strong> 2 velikostech<\/strong> (od tlou\u0161\u0165ky 80 do tlou\u0161\u0165ky 90).<\/p>\n<p><strong>80\/12 &#8211; 2 ks.<\/strong><br \/><strong>90\/14 &#8211; 3 ks.<\/strong><\/p>\n<h2><strong>Jak vybrat velikost jehel?<\/strong><\/h2>\n<p>P\u0159i v\u00fdb\u011bru velikosti jehel plat\u00ed jednoduch\u00e9 pravidlo &#8211; v\u017edy vol\u00edme co nejmen\u0161\u00ed velikost, abychom zbyte\u010dn\u011b neprod\u00edrali \u0161itou l\u00e1tku. Mus\u00edme si v\u0161ak uv\u011bdomit, \u017ee pr\u00e1v\u011b od velikosti jehly se odv\u00edj\u00ed velikost o\u010dka, a to mus\u00ed b\u00fdt dostate\u010dn\u011b velk\u00e9, aby se nit mohla voln\u011b pohybovat.<\/p>\n<h2>V\u017edy zkontrolujte stav \u0161pi\u010dky jehly!<\/h2>\n<p>\u0160pi\u010dku jehly byste tak\u00e9 m\u011bli pravideln\u011b kontrolovat, jakmile si v\u0161imnete jak\u00fdchkoli zn\u00e1mek opot\u0159eben\u00ed, vym\u011b\u0148te jehlu za novou. Stav jehly ovliv\u0148uje kvalitu stehu, po\u0161kozen\u00e1 \u0161pi\u010dka jehly m\u016f\u017ee po\u0161kodit \u0161itou l\u00e1tku. Jehly by m\u011bly b\u00fdt skladov\u00e1ny v p\u016fvodn\u00edm obalu, aby nedo\u0161lo k jejich po\u0161kozen\u00ed. <\/p>\n","protected":false},"excerpt":{"rendered":"<p>Sada jehel pro \u0161ic\u00ed stroje a overlock 620D. 5 ks poloploch\u00fdch jehel ve 2 velikostech (80 a 90).<\/p>\n","protected":false},"featured_media":13920,"comment_status":"open","ping_status":"closed","template":"","meta":[],"product_brand":[],"product_cat":[521],"product_tag":[],"class_list":{"0":"post-17441","1":"product","2":"type-product","3":"status-publish","4":"has-post-thumbnail","6":"product_cat-igly-do-maszyn","8":"first","9":"instock","10":"taxable","11":"shipping-taxable","12":"purchasable","13":"product-type-simple"},"_links":{"self":[{"href":"https:\/\/gltestm.webology.pl\/cs\/wp-json\/wp\/v2\/product\/17441","targetHints":{"allow":["GET"]}}],"collection":[{"href":"https:\/\/gltestm.webology.pl\/cs\/wp-json\/wp\/v2\/product"}],"about":[{"href":"https:\/\/gltestm.webology.pl\/cs\/wp-json\/wp\/v2\/types\/product"}],"replies":[{"embeddable":true,"href":"https:\/\/gltestm.webology.pl\/cs\/wp-json\/wp\/v2\/comments?post=17441"}],"version-history":[{"count":0,"href":"https:\/\/gltestm.webology.pl\/cs\/wp-json\/wp\/v2\/product\/17441\/revisions"}],"wp:featuredmedia":[{"embeddable":true,"href":"https:\/\/gltestm.webology.pl\/cs\/wp-json\/wp\/v2\/media\/13920"}],"wp:attachment":[{"href":"https:\/\/gltestm.webology.pl\/cs\/wp-json\/wp\/v2\/media?parent=17441"}],"wp:term":[{"taxonomy":"product_brand","embeddable":true,"href":"https:\/\/gltestm.webology.pl\/cs\/wp-json\/wp\/v2\/product_brand?post=17441"},{"taxonomy":"product_cat","embeddable":true,"href":"https:\/\/gltestm.webology.pl\/cs\/wp-json\/wp\/v2\/product_cat?post=17441"},{"taxonomy":"product_tag","embeddable":true,"href":"https:\/\/gltestm.webology.pl\/cs\/wp-json\/wp\/v2\/product_tag?post=17441"}],"curies":[{"name":"wp","href":"https:\/\/api.w.org\/{rel}","templated":true}]}}