{"id":17437,"date":"2026-03-18T22:04:38","date_gmt":"2026-03-18T21:04:38","guid":{"rendered":"https:\/\/gltestm.webology.pl\/produkt\/nadoba-na-prach-pro-vysavac-op-2018\/"},"modified":"2026-03-22T21:59:54","modified_gmt":"2026-03-22T20:59:54","slug":"nadoba-na-prach-pro-vysavac-op-2018","status":"publish","type":"product","link":"https:\/\/gltestm.webology.pl\/cs\/produkt\/nadoba-na-prach-pro-vysavac-op-2018\/","title":{"rendered":"N\u00e1doba na prach pro vysava\u010d OP-2018"},"content":{"rendered":"<h2>N\u00e1doba na prach 0,5 l s bezpe\u010dnostn\u00edm za\u0159\u00edzen\u00edm<\/h2>\n<p>N\u00e1doba na prach vyroben\u00e1 z odoln\u00e9ho plastu m\u00e1 objem 0,5 l. N\u00e1doba se prod\u00e1v\u00e1 s gumi\u010dkou proti vypad\u00e1v\u00e1n\u00ed prachu a kompletn\u00edm dvouprvkov\u00fdm filtrem.<\/p>\n<h2>Obsah sady<\/h2>\n<ul>\n<li>n\u00e1doba na prach<\/li>\n<li>ochrann\u00e1 gumi\u010dka<\/li>\n<li>2prvkov\u00fd omyvateln\u00fd filtr pro vysava\u010d OP-2018<\/li>\n<\/ul>\n<p>N\u00e1doba je ur\u010dena pro pou\u017eit\u00ed se stojat\u00fdm vysava\u010dem Lucznik OP-2018.<\/p>\n","protected":false},"excerpt":{"rendered":"<p>Plastov\u00e1 n\u00e1doba s gumov\u00fdm t\u011bsn\u011bn\u00edm a kompletn\u00edm dvoud\u00edln\u00fdm omyvateln\u00fdm vnit\u0159n\u00edm filtrem<\/p>\n","protected":false},"featured_media":15835,"comment_status":"open","ping_status":"closed","template":"","meta":[],"product_brand":[],"product_cat":[631],"product_tag":[],"class_list":{"0":"post-17437","1":"product","2":"type-product","3":"status-publish","4":"has-post-thumbnail","6":"product_cat-odkurzacze","8":"first","9":"instock","10":"taxable","11":"shipping-taxable","12":"purchasable","13":"product-type-simple"},"_links":{"self":[{"href":"https:\/\/gltestm.webology.pl\/cs\/wp-json\/wp\/v2\/product\/17437","targetHints":{"allow":["GET"]}}],"collection":[{"href":"https:\/\/gltestm.webology.pl\/cs\/wp-json\/wp\/v2\/product"}],"about":[{"href":"https:\/\/gltestm.webology.pl\/cs\/wp-json\/wp\/v2\/types\/product"}],"replies":[{"embeddable":true,"href":"https:\/\/gltestm.webology.pl\/cs\/wp-json\/wp\/v2\/comments?post=17437"}],"version-history":[{"count":0,"href":"https:\/\/gltestm.webology.pl\/cs\/wp-json\/wp\/v2\/product\/17437\/revisions"}],"wp:featuredmedia":[{"embeddable":true,"href":"https:\/\/gltestm.webology.pl\/cs\/wp-json\/wp\/v2\/media\/15835"}],"wp:attachment":[{"href":"https:\/\/gltestm.webology.pl\/cs\/wp-json\/wp\/v2\/media?parent=17437"}],"wp:term":[{"taxonomy":"product_brand","embeddable":true,"href":"https:\/\/gltestm.webology.pl\/cs\/wp-json\/wp\/v2\/product_brand?post=17437"},{"taxonomy":"product_cat","embeddable":true,"href":"https:\/\/gltestm.webology.pl\/cs\/wp-json\/wp\/v2\/product_cat?post=17437"},{"taxonomy":"product_tag","embeddable":true,"href":"https:\/\/gltestm.webology.pl\/cs\/wp-json\/wp\/v2\/product_tag?post=17437"}],"curies":[{"name":"wp","href":"https:\/\/api.w.org\/{rel}","templated":true}]}}