{"id":17433,"date":"2026-03-18T22:04:38","date_gmt":"2026-03-18T21:04:38","guid":{"rendered":"https:\/\/gltestm.webology.pl\/produkt\/nabijecka-pro-vysavac-lucznik-op-2018\/"},"modified":"2026-03-22T21:59:53","modified_gmt":"2026-03-22T20:59:53","slug":"nabijecka-pro-vysavac-lucznik-op-2018","status":"publish","type":"product","link":"https:\/\/gltestm.webology.pl\/cs\/produkt\/nabijecka-pro-vysavac-lucznik-op-2018\/","title":{"rendered":"Nab\u00edje\u010dka pro vysava\u010d Lucznik OP-2018"},"content":{"rendered":"<h2>Nab\u00edje\u010dka pro vysava\u010d Lucznik OP-2018<\/h2>\n<p>Kompaktn\u00ed<strong> nab\u00edje\u010dka<\/strong><strong>(nap\u00e1jec\u00ed zdroj)<\/strong> pro <strong>stojanov\u00fd vysava\u010d Lucznik OP-2018<\/strong>. Nab\u00edje\u010dka je vybavena z\u00e1str\u010dkou EU, kter\u00e1 se ide\u00e1ln\u011b hod\u00ed do z\u00e1suvek v na\u0161ich dom\u00e1cnostech (evropsk\u00e1 z\u00e1str\u010dka).<\/p>\n<h2>Technick\u00e9 parametry<\/h2>\n<ul>\n<li><strong>Vstup<\/strong> nab\u00edje\u010dky 100-240 V, 50-60 Hz<\/li>\n<li><strong>V\u00fdstup<\/strong> nab\u00edje\u010dky 18 V, 500 mA<\/li>\n<li><strong>Evropsk\u00e1 z\u00e1str\u010dka (EU<\/strong> ), 2p\u00f3lov\u00e1<\/li>\n<li>Kompatibiln\u00ed s vysava\u010dem Archer OP-2018<\/li>\n<\/ul>\n","protected":false},"excerpt":{"rendered":"<p>Nab\u00edje\u010dka pro stojanov\u00fd vysava\u010d Lucznik OP-2018<\/p>\n","protected":false},"featured_media":14586,"comment_status":"open","ping_status":"closed","template":"","meta":[],"product_brand":[],"product_cat":[631],"product_tag":[],"class_list":{"0":"post-17433","1":"product","2":"type-product","3":"status-publish","4":"has-post-thumbnail","6":"product_cat-odkurzacze","8":"first","9":"instock","10":"taxable","11":"shipping-taxable","12":"purchasable","13":"product-type-simple"},"_links":{"self":[{"href":"https:\/\/gltestm.webology.pl\/cs\/wp-json\/wp\/v2\/product\/17433","targetHints":{"allow":["GET"]}}],"collection":[{"href":"https:\/\/gltestm.webology.pl\/cs\/wp-json\/wp\/v2\/product"}],"about":[{"href":"https:\/\/gltestm.webology.pl\/cs\/wp-json\/wp\/v2\/types\/product"}],"replies":[{"embeddable":true,"href":"https:\/\/gltestm.webology.pl\/cs\/wp-json\/wp\/v2\/comments?post=17433"}],"version-history":[{"count":0,"href":"https:\/\/gltestm.webology.pl\/cs\/wp-json\/wp\/v2\/product\/17433\/revisions"}],"wp:featuredmedia":[{"embeddable":true,"href":"https:\/\/gltestm.webology.pl\/cs\/wp-json\/wp\/v2\/media\/14586"}],"wp:attachment":[{"href":"https:\/\/gltestm.webology.pl\/cs\/wp-json\/wp\/v2\/media?parent=17433"}],"wp:term":[{"taxonomy":"product_brand","embeddable":true,"href":"https:\/\/gltestm.webology.pl\/cs\/wp-json\/wp\/v2\/product_brand?post=17433"},{"taxonomy":"product_cat","embeddable":true,"href":"https:\/\/gltestm.webology.pl\/cs\/wp-json\/wp\/v2\/product_cat?post=17433"},{"taxonomy":"product_tag","embeddable":true,"href":"https:\/\/gltestm.webology.pl\/cs\/wp-json\/wp\/v2\/product_tag?post=17433"}],"curies":[{"name":"wp","href":"https:\/\/api.w.org\/{rel}","templated":true}]}}