{"id":17429,"date":"2026-03-18T22:04:38","date_gmt":"2026-03-18T21:04:38","guid":{"rendered":"https:\/\/gltestm.webology.pl\/produkt\/sada-prisavek-pro-vysavac-lucznik-op-2018\/"},"modified":"2026-03-22T21:14:40","modified_gmt":"2026-03-22T20:14:40","slug":"sada-prisavek-pro-vysavac-lucznik-op-2018","status":"publish","type":"product","link":"https:\/\/gltestm.webology.pl\/cs\/produkt\/sada-prisavek-pro-vysavac-lucznik-op-2018\/","title":{"rendered":"Sada p\u0159\u00edsavek pro vysava\u010d Lucznik OP-2018"},"content":{"rendered":"<p>Sada mal\u00fdch a velmi praktick\u00fdch p\u0159\u00edsavek, kter\u00e9 se hod\u00ed k vysava\u010di <strong><a href=\"https:\/\/galerialucznik.pl\/pl\/products\/agd\/agd-do-domu\/odkurzacze\/odkurzacz-pionowy-lucznik-2w1-op-2018-810.html\" target=\"_blank\" rel=\"noopener\">Lucznik OP-2018<\/a><\/strong>. Sada se skl\u00e1d\u00e1 ze \u0161t\u011brbinov\u00e9 hubice a hubice na \u010daloun\u011bn\u00ed.<\/p>\n<h2><strong>\u0160t\u011brbinov\u00e1 hubice<\/strong><\/h2>\n<p>\u0160t\u011brbinov\u00e1 hubice<span> je ide\u00e1ln\u00ed pro vys\u00e1v\u00e1n\u00ed radi\u00e1tor\u016f nebo t\u011b\u017eko p\u0159\u00edstupn\u00fdch m\u00edst, jako jsou rohy v interi\u00e9ru automobilu.<\/span><\/p>\n<h2>Hubice na \u010daloun\u011bn\u00ed<\/h2>\n<p>Hubice na <strong>\u010daloun\u011bn\u00edje <\/strong><span>skv\u011bl\u00e1 pro vys\u00e1v\u00e1n\u00ed \u010daloun\u011bn\u00ed a dal\u0161\u00edch tkanin, zejm\u00e9na pokud se chcete zbavit ne\u017e\u00e1douc\u00edch chlup\u016f nebo srsti va\u0161ich dom\u00e1c\u00edch chlup\u00e1\u010d\u016f. D\u00edky tomu<\/span>, \u017ee<span>  hubice na \u010daloun\u011bn\u00ed<\/span><span> elektrizuje t\u0159en\u00edm, snadno na n\u00ed ulp\u00ed pr\u00e1v\u011b vlasy a chlupy a vy se m\u016f\u017eete p\u0159estat starat o tyto zbytky, proto\u017ee nyn\u00ed je jednodu\u0161e a rychle vy\u010dist\u00edte<\/span>.<\/p>\n","protected":false},"excerpt":{"rendered":"<p>Sada p\u0159\u00edsavek se skl\u00e1d\u00e1 ze \u0161t\u011brbinov\u00e9 hubice a hubice na \u010daloun\u011bn\u00ed.<\/p>\n","protected":false},"featured_media":15805,"comment_status":"open","ping_status":"closed","template":"","meta":[],"product_brand":[],"product_cat":[631],"product_tag":[],"class_list":{"0":"post-17429","1":"product","2":"type-product","3":"status-publish","4":"has-post-thumbnail","6":"product_cat-odkurzacze","8":"first","9":"instock","10":"taxable","11":"shipping-taxable","12":"purchasable","13":"product-type-simple"},"_links":{"self":[{"href":"https:\/\/gltestm.webology.pl\/cs\/wp-json\/wp\/v2\/product\/17429","targetHints":{"allow":["GET"]}}],"collection":[{"href":"https:\/\/gltestm.webology.pl\/cs\/wp-json\/wp\/v2\/product"}],"about":[{"href":"https:\/\/gltestm.webology.pl\/cs\/wp-json\/wp\/v2\/types\/product"}],"replies":[{"embeddable":true,"href":"https:\/\/gltestm.webology.pl\/cs\/wp-json\/wp\/v2\/comments?post=17429"}],"version-history":[{"count":0,"href":"https:\/\/gltestm.webology.pl\/cs\/wp-json\/wp\/v2\/product\/17429\/revisions"}],"wp:featuredmedia":[{"embeddable":true,"href":"https:\/\/gltestm.webology.pl\/cs\/wp-json\/wp\/v2\/media\/15805"}],"wp:attachment":[{"href":"https:\/\/gltestm.webology.pl\/cs\/wp-json\/wp\/v2\/media?parent=17429"}],"wp:term":[{"taxonomy":"product_brand","embeddable":true,"href":"https:\/\/gltestm.webology.pl\/cs\/wp-json\/wp\/v2\/product_brand?post=17429"},{"taxonomy":"product_cat","embeddable":true,"href":"https:\/\/gltestm.webology.pl\/cs\/wp-json\/wp\/v2\/product_cat?post=17429"},{"taxonomy":"product_tag","embeddable":true,"href":"https:\/\/gltestm.webology.pl\/cs\/wp-json\/wp\/v2\/product_tag?post=17429"}],"curies":[{"name":"wp","href":"https:\/\/api.w.org\/{rel}","templated":true}]}}