{"id":17421,"date":"2026-03-18T22:04:37","date_gmt":"2026-03-18T21:04:37","guid":{"rendered":"https:\/\/gltestm.webology.pl\/produkt\/sici-naradi-ve-velke-kovove-plechovce\/"},"modified":"2026-03-22T21:14:37","modified_gmt":"2026-03-22T20:14:37","slug":"sici-naradi-ve-velke-kovove-plechovce","status":"publish","type":"product","link":"https:\/\/gltestm.webology.pl\/cs\/produkt\/sici-naradi-ve-velke-kovove-plechovce\/","title":{"rendered":"\u0160ic\u00ed n\u00e1\u0159ad\u00ed ve velk\u00e9 kovov\u00e9 plechovce"},"content":{"rendered":"<h2>Nepostradateln\u00e1 \u0161ic\u00ed sada<\/h2>\n<p>\u0160ic\u00ed souprava ve stylov\u00e9 plechov\u00e9 krabi\u010dce je nezbytn\u00fdm produktem v ka\u017ed\u00e9 dom\u00e1cnosti. Obsahuje v\u0161echny z\u00e1kladn\u00ed prvky, kter\u00e9 najdou uplatn\u011bn\u00ed p\u0159i rychl\u00e9m \u0161it\u00ed a nejen to.<\/p>\n<p>Kovov\u00e1 plechovka s krej\u010dovsk\u00fdm motivem m\u00e1 nav\u00edc po cel\u00e9m obvodu na\u010dm\u00e1ran\u00fd krej\u010dovsk\u00fd metr, kter\u00fd tak\u00e9 m\u016f\u017eeme vyu\u017e\u00edt.<\/p>\n<h2>P\u0159edm\u011bty obsa\u017een\u00e9 v sad\u011b<\/h2>\n<p>Krabi\u010dka s n\u00e1\u0159ad\u00edm obsahuje z\u00e1kladn\u00ed \u0161ic\u00ed pot\u0159eby:<\/p>\n<ul>\n<li>6 c\u00edvek polyesterov\u00fdch nit\u00ed v r\u016fzn\u00fdch barv\u00e1ch<\/li>\n<li>sadu 10 zav\u00edrac\u00edch \u0161pendl\u00edk\u016f o d\u00e9lce cca 2,8 cm<\/li>\n<li>oboustrann\u00fd krej\u010dovsk\u00fd centimetr (na jedn\u00e9 stran\u011b palce &#8211; 45&#8243;, na druh\u00e9 stran\u011b centimetry &#8211; 150 cm)<\/li>\n<li>dl\u00e1to<\/li>\n<li>n\u016f\u017eky,<\/li>\n<li>sada jehel r\u016fzn\u00fdch velikost\u00ed pro ru\u010dn\u00ed \u0161it\u00ed v praktick\u00e9m obalu<\/li>\n<li>sada \u0161pendl\u00edk\u016f s plastovou hlavi\u010dkou<\/li>\n<li>navl\u00e9ka\u010d nit\u00ed<\/li>\n<li>n\u00e1prstek<\/li>\n<li>mal\u00e9 knofl\u00edky (2 b\u00edl\u00e9, 2 \u010dern\u00e9)<\/li>\n<\/ul>\n<p>Takov\u00e1 sada n\u00e1m umo\u017en\u00ed dostat se z nejednoho mal\u00e9ru.<\/p>\n<p>Krabi\u010dka m\u00e1 rozm\u011bry 14,5 x 10 x 5,6 cm a dod\u00e1v\u00e1 se pouze v \u010dern\u00e9 barv\u011b.<\/p>\n","protected":false},"excerpt":{"rendered":"<p>Velk\u00e1 sada \u0161ic\u00edho p\u0159\u00edslu\u0161enstv\u00ed v kovov\u00e9 plechovce.<\/p>\n","protected":false},"featured_media":13283,"comment_status":"open","ping_status":"closed","template":"","meta":[],"product_brand":[],"product_cat":[766],"product_tag":[],"class_list":{"0":"post-17421","1":"product","2":"type-product","3":"status-publish","4":"has-post-thumbnail","6":"product_cat-przyborniki-i-zestawy-do-szycia","8":"first","9":"instock","10":"taxable","11":"shipping-taxable","12":"purchasable","13":"product-type-simple"},"_links":{"self":[{"href":"https:\/\/gltestm.webology.pl\/cs\/wp-json\/wp\/v2\/product\/17421","targetHints":{"allow":["GET"]}}],"collection":[{"href":"https:\/\/gltestm.webology.pl\/cs\/wp-json\/wp\/v2\/product"}],"about":[{"href":"https:\/\/gltestm.webology.pl\/cs\/wp-json\/wp\/v2\/types\/product"}],"replies":[{"embeddable":true,"href":"https:\/\/gltestm.webology.pl\/cs\/wp-json\/wp\/v2\/comments?post=17421"}],"version-history":[{"count":0,"href":"https:\/\/gltestm.webology.pl\/cs\/wp-json\/wp\/v2\/product\/17421\/revisions"}],"wp:featuredmedia":[{"embeddable":true,"href":"https:\/\/gltestm.webology.pl\/cs\/wp-json\/wp\/v2\/media\/13283"}],"wp:attachment":[{"href":"https:\/\/gltestm.webology.pl\/cs\/wp-json\/wp\/v2\/media?parent=17421"}],"wp:term":[{"taxonomy":"product_brand","embeddable":true,"href":"https:\/\/gltestm.webology.pl\/cs\/wp-json\/wp\/v2\/product_brand?post=17421"},{"taxonomy":"product_cat","embeddable":true,"href":"https:\/\/gltestm.webology.pl\/cs\/wp-json\/wp\/v2\/product_cat?post=17421"},{"taxonomy":"product_tag","embeddable":true,"href":"https:\/\/gltestm.webology.pl\/cs\/wp-json\/wp\/v2\/product_tag?post=17421"}],"curies":[{"name":"wp","href":"https:\/\/api.w.org\/{rel}","templated":true}]}}