{"id":17405,"date":"2026-03-18T22:04:36","date_gmt":"2026-03-18T21:04:36","guid":{"rendered":"https:\/\/gltestm.webology.pl\/produkt\/zmizele-latkove-pero-cervene\/"},"modified":"2026-03-22T21:14:31","modified_gmt":"2026-03-22T20:14:31","slug":"zmizele-latkove-pero-cervene","status":"publish","type":"product","link":"https:\/\/gltestm.webology.pl\/cs\/produkt\/zmizele-latkove-pero-cervene\/","title":{"rendered":"Zmizel\u00e9 l\u00e1tkov\u00e9 pero \u010derven\u00e9"},"content":{"rendered":"<h2><strong>Pou\u017eit\u00ed zna\u010dky<\/strong><\/h2>\n<p>Popisova\u010d na l\u00e1tky se skv\u011ble hod\u00ed k p\u0159en\u00e1\u0161en\u00ed polotovar\u016f na l\u00e1tku, vytv\u00e1\u0159en\u00ed vlastn\u00edch vzor\u016f i k dal\u0161\u00edm \u0161ic\u00edm prac\u00edm. Popisova\u010d zanech\u00e1v\u00e1 velmi jasn\u00e9, p\u0159esn\u00e9 linie, bude dob\u0159e fungovat na mnoha l\u00e1tk\u00e1ch.<\/p>\n<h2><strong>Odstran\u011bn\u00ed nakreslen\u00fdch \u010dar<\/strong><\/h2>\n<p>Vlivem tepla nakreslen\u00e9 \u010d\u00e1ry zmiz\u00ed. Sta\u010d\u00ed l\u00e1tku p\u0159e\u017eehlit \u017eehli\u010dkou nebo pou\u017e\u00edt horkou vodu \u010di proud tepl\u00e9ho vzduchu.<\/p>\n<p>Pero se dod\u00e1v\u00e1 ve form\u011b kazety, tak\u017ee ho m\u016f\u017eeme vlo\u017eit do n\u011bkter\u00fdch per nebo ho pou\u017e\u00edvat samostatn\u011b.<\/p>\n<p>Doporu\u010dujeme p\u0159edem prov\u00e9st zkou\u0161ku na kousku pou\u017eit\u00e9ho materi\u00e1lu.<\/p>\n","protected":false},"excerpt":{"rendered":"<p>Zmiz\u00edkov\u00e1 zna\u010dka pro vyzna\u010den\u00ed \u0161ic\u00edch lini\u00ed na l\u00e1tce.<\/p>\n","protected":false},"featured_media":13461,"comment_status":"open","ping_status":"closed","template":"","meta":[],"product_brand":[],"product_cat":[746],"product_tag":[],"class_list":{"0":"post-17405","1":"product","2":"type-product","3":"status-publish","4":"has-post-thumbnail","6":"product_cat-mydelka-krawieckie-i-ich-zamienniki","8":"first","9":"instock","10":"taxable","11":"shipping-taxable","12":"purchasable","13":"product-type-simple"},"_links":{"self":[{"href":"https:\/\/gltestm.webology.pl\/cs\/wp-json\/wp\/v2\/product\/17405","targetHints":{"allow":["GET"]}}],"collection":[{"href":"https:\/\/gltestm.webology.pl\/cs\/wp-json\/wp\/v2\/product"}],"about":[{"href":"https:\/\/gltestm.webology.pl\/cs\/wp-json\/wp\/v2\/types\/product"}],"replies":[{"embeddable":true,"href":"https:\/\/gltestm.webology.pl\/cs\/wp-json\/wp\/v2\/comments?post=17405"}],"version-history":[{"count":0,"href":"https:\/\/gltestm.webology.pl\/cs\/wp-json\/wp\/v2\/product\/17405\/revisions"}],"wp:featuredmedia":[{"embeddable":true,"href":"https:\/\/gltestm.webology.pl\/cs\/wp-json\/wp\/v2\/media\/13461"}],"wp:attachment":[{"href":"https:\/\/gltestm.webology.pl\/cs\/wp-json\/wp\/v2\/media?parent=17405"}],"wp:term":[{"taxonomy":"product_brand","embeddable":true,"href":"https:\/\/gltestm.webology.pl\/cs\/wp-json\/wp\/v2\/product_brand?post=17405"},{"taxonomy":"product_cat","embeddable":true,"href":"https:\/\/gltestm.webology.pl\/cs\/wp-json\/wp\/v2\/product_cat?post=17405"},{"taxonomy":"product_tag","embeddable":true,"href":"https:\/\/gltestm.webology.pl\/cs\/wp-json\/wp\/v2\/product_tag?post=17405"}],"curies":[{"name":"wp","href":"https:\/\/api.w.org\/{rel}","templated":true}]}}