{"id":17341,"date":"2026-03-18T22:04:33","date_gmt":"2026-03-18T21:04:33","guid":{"rendered":"https:\/\/gltestm.webology.pl\/produkt\/krejcovska-krida-v-bile-tuzce\/"},"modified":"2026-03-22T21:59:46","modified_gmt":"2026-03-22T20:59:46","slug":"krejcovska-krida-v-bile-tuzce","status":"publish","type":"product","link":"https:\/\/gltestm.webology.pl\/cs\/produkt\/krejcovska-krida-v-bile-tuzce\/","title":{"rendered":"Krej\u010dovsk\u00e1 k\u0159\u00edda v b\u00edl\u00e9 tu\u017ece"},"content":{"rendered":"<h2>Krej\u010dovsk\u00fd fix ve tvaru pastelky<\/h2>\n<p>K\u0159\u00edda v tu\u017ece je praktick\u00fdm pomocn\u00edkem ka\u017ed\u00e9 \u0161vadleny. Velmi snadno se o\u0159ez\u00e1v\u00e1 a nel\u00e1me se. D\u00edky n\u00ed vytvo\u0159\u00edte p\u0159esn\u00e9 kresby na l\u00e1tku. M\u00e1 b\u00edlou barvu, tak\u017ee bude dokonale viditeln\u00e1 na tmav\u00fdch l\u00e1tk\u00e1ch.<\/p>\n<p>D\u00edky tvaru tu\u017eky se vyhneme jej\u00edmu u\u0161pin\u011bn\u00ed. K\u0159\u00eddu m\u016f\u017eeme o\u0159ezat b\u011b\u017en\u00fdm o\u0159ez\u00e1v\u00e1tkem nebo o\u0159ez\u00e1v\u00e1tkem.<\/p>\n<p>K\u0159\u00edda v tu\u017ece je dlouh\u00e1 17 cm.<\/p>\n<p>P\u0159ed pou\u017eit\u00edm k\u0159\u00eddu na materi\u00e1lu vyzkou\u0161ejte.<\/p>\n","protected":false},"excerpt":{"rendered":"<p>B\u00edl\u00e1 krej\u010dovsk\u00e1 k\u0159\u00edda v tu\u017ece o d\u00e9lce 17 cm. Snadno se o\u0159ez\u00e1v\u00e1 a nel\u00e1me se.<\/p>\n","protected":false},"featured_media":14290,"comment_status":"open","ping_status":"closed","template":"","meta":[],"product_brand":[],"product_cat":[746],"product_tag":[],"class_list":{"0":"post-17341","1":"product","2":"type-product","3":"status-publish","4":"has-post-thumbnail","6":"product_cat-mydelka-krawieckie-i-ich-zamienniki","8":"first","9":"instock","10":"taxable","11":"shipping-taxable","12":"purchasable","13":"product-type-simple"},"_links":{"self":[{"href":"https:\/\/gltestm.webology.pl\/cs\/wp-json\/wp\/v2\/product\/17341","targetHints":{"allow":["GET"]}}],"collection":[{"href":"https:\/\/gltestm.webology.pl\/cs\/wp-json\/wp\/v2\/product"}],"about":[{"href":"https:\/\/gltestm.webology.pl\/cs\/wp-json\/wp\/v2\/types\/product"}],"replies":[{"embeddable":true,"href":"https:\/\/gltestm.webology.pl\/cs\/wp-json\/wp\/v2\/comments?post=17341"}],"version-history":[{"count":0,"href":"https:\/\/gltestm.webology.pl\/cs\/wp-json\/wp\/v2\/product\/17341\/revisions"}],"wp:featuredmedia":[{"embeddable":true,"href":"https:\/\/gltestm.webology.pl\/cs\/wp-json\/wp\/v2\/media\/14290"}],"wp:attachment":[{"href":"https:\/\/gltestm.webology.pl\/cs\/wp-json\/wp\/v2\/media?parent=17341"}],"wp:term":[{"taxonomy":"product_brand","embeddable":true,"href":"https:\/\/gltestm.webology.pl\/cs\/wp-json\/wp\/v2\/product_brand?post=17341"},{"taxonomy":"product_cat","embeddable":true,"href":"https:\/\/gltestm.webology.pl\/cs\/wp-json\/wp\/v2\/product_cat?post=17341"},{"taxonomy":"product_tag","embeddable":true,"href":"https:\/\/gltestm.webology.pl\/cs\/wp-json\/wp\/v2\/product_tag?post=17341"}],"curies":[{"name":"wp","href":"https:\/\/api.w.org\/{rel}","templated":true}]}}