{"id":17321,"date":"2026-03-18T22:04:32","date_gmt":"2026-03-18T21:04:32","guid":{"rendered":"https:\/\/gltestm.webology.pl\/produkt\/holici-strojek-na-odevy-lucznik-lr-2020\/"},"modified":"2026-03-22T21:59:28","modified_gmt":"2026-03-22T20:59:28","slug":"holici-strojek-na-odevy-lucznik-lr-2020","status":"publish","type":"product","link":"https:\/\/gltestm.webology.pl\/cs\/produkt\/holici-strojek-na-odevy-lucznik-lr-2020\/","title":{"rendered":"Holic\u00ed strojek na od\u011bvy Lucznik LR-2020"},"content":{"rendered":"<h2>Holic\u00ed strojek LR-2020 se postar\u00e1 o v\u00e1\u0161 \u0161atn\u00edk. P\u0159esn\u00fd a bezpe\u010dn\u00fd!<\/h2>\n<p>T\u0159\u00edramenn\u00e1<strong>\u010depel<\/strong> holic\u00edho strojku z nerezov\u00e9 <strong>oceli Whirlwind<\/strong> si snadno porad\u00ed s \u017emolky na va\u0161em oble\u010den\u00ed, l\u016f\u017ekovin\u00e1ch nebo jin\u00fdch materi\u00e1lech. A co je nejd\u016fle\u017eit\u011bj\u0161\u00ed, po jeho pou\u017eit\u00ed nez\u016fstanou \u017e\u00e1dn\u00e9 stopy! Jak je to mo\u017en\u00e9? P\u0159esn\u00e1 a rychl\u00e1 \u010depel je chr\u00e1n\u011bna speci\u00e1ln\u00ed <strong>vo\u0161tinovou<\/strong> s\u00ed\u0165kou, kter\u00e1 se postar\u00e1 o oble\u010den\u00ed a obnoven\u00e9 v\u011bci. <\/p>\n<p><strong>Holic\u00ed strojek LR-2020<\/strong> mysl\u00ed tak\u00e9 na va\u0161i bezpe\u010dnost. Najdete zde <strong>magnetick\u00fd kryt b\u0159itu,<\/strong> kter\u00fd chr\u00e1n\u00ed nejen <strong>b\u0159it<\/strong>, ale tak\u00e9 holic\u00ed strojek p\u0159ed po\u0161kozen\u00edm. Bezpe\u010dnostn\u00ed z\u00e1mek zase zabra\u0148uje n\u00e1hodn\u00e9mu spu\u0161t\u011bn\u00ed p\u0159\u00edstroje.<\/p>\n<h2>Kl\u00ed\u010dov\u00e9 vlastnosti<\/h2>\n<ul>\n<li>t\u0159\u00edramenn\u00e1 \u010depel z<strong>nerezov\u00e9 oceli<\/strong>   Whirlwind<\/li>\n<li>speci\u00e1ln\u00ed<strong> ochrann\u00e1 s\u00ed\u0165ka<\/strong> s vo\u0161tinovou strukturou<\/li>\n<li><strong>pe\u010dliv\u00e9<\/strong> oholen\u00ed bez po\u0161kozen\u00ed od\u011bvu<\/li>\n<li><strong>magnetick\u00e1<\/strong> <strong>ochrana<\/strong> \u010depele<\/li>\n<li><strong>bezpe\u010dn\u00fd<\/strong> p\u0159i pou\u017e\u00edv\u00e1n\u00ed (speci\u00e1ln\u00ed bezpe\u010dnostn\u00ed z\u00e1mek)<\/li>\n<li><strong>otev\u00edrateln\u00e1 n\u00e1doba<\/strong> <strong>na<\/strong> l\u00fdko\/\u0161p\u00ednu<\/li>\n<li><strong>ergonomick\u00fd<\/strong> tvar usnad\u0148uj\u00edc\u00ed pr\u00e1ci.<\/li>\n<li>snadn\u00e9 zapnut\u00ed<\/li>\n<li>rychl\u00e9 a pohodln\u00e9 nab\u00edjen\u00ed<strong>(konektor USB<\/strong>)<\/li>\n<li>pracovn\u00ed doba cca 60 min<\/li>\n<li>nab\u00edjen\u00ed cca 4 hod<\/li>\n<\/ul>\n<h2>Obsah balen\u00ed<\/h2>\n<ul>\n<li><strong>Holic\u00ed strojek<\/strong> na oble\u010den\u00ed LR-2020<\/li>\n<li><strong>kabel uSB<\/strong><\/li>\n<li>speci\u00e1ln\u00ed <strong>kart\u00e1\u010dek<\/strong> <strong>na<\/strong> \u010di\u0161t\u011bn\u00ed<\/li>\n<\/ul>\n<h2><strong>Dlouh\u00e1 doba provozu a pohodln\u00e9 nab\u00edjen\u00ed<\/strong><\/h2>\n<p>Holic\u00ed strojek na od\u011bvy<strong>LR-2020<\/strong> m\u016f\u017ee pracovat na pln\u00e9 obr\u00e1tky a\u017e <strong>60 minut<\/strong>. B\u011bhem t\u00e9to doby v n\u011bm namontovan\u00e1 LED dioda sv\u00edt\u00ed zelen\u011b. Kdy\u017e se holic\u00ed strojek vybije, m\u016f\u017eete jej rychle a pohodln\u011b nab\u00edt pomoc\u00ed USB p\u0159ipojen\u00ed. Pot\u0159ebn\u00fd kabel k tomu je sou\u010d\u00e1st\u00ed v\u00fdrobku. Nabit\u00ed holic\u00edho strojku na &#8222;plnou kapacitu&#8220; trv\u00e1 p\u0159ibli\u017en\u011b 4 hodiny a LED dioda se pot\u00e9 rozsv\u00edt\u00ed \u010derven\u011b.<\/p>\n<h2><strong>\u017d\u00e1dn\u00fd nepo\u0159\u00e1dek a \u017e\u00e1dn\u00e9 \u017emolky<\/strong><\/h2>\n<p>\u010ci\u0161t\u011bn\u00ed <strong>holic\u00edho strojku na oble\u010den\u00ed LR-2020<\/strong> nezp\u016fsobuje sebemen\u0161\u00ed probl\u00e9m. V balen\u00ed s v\u00fdrobkem toti\u017e najdete speci\u00e1ln\u00ed kart\u00e1\u010dek a samotn\u00fd p\u0159\u00edstroj je vybaven otev\u00edratelnou n\u00e1dobkou na \u017emolky, kterou m\u016f\u017eete po skon\u010den\u00ed ihned vypr\u00e1zdnit, ani\u017e byste nad\u011blali zbyte\u010dn\u00fd nepo\u0159\u00e1dek.<\/p>\n<p><span>Abyste si mohli co nejd\u00e9le u\u017e\u00edvat bezprobl\u00e9mov\u00fd provoz na\u0161eho holic\u00edho strojku na pr\u00e1dlo, \u010dist\u011bte jej n\u00e1sleduj\u00edc\u00edm zp\u016fsobem: zakrou\u017ekujte plastov\u00fd pr\u016fhledn\u00fd kryt a pot\u00e9 kryt \u010depele &#8211; kovov\u00e9 s\u00edtko s \u010dern\u00fdm okrajem. Vy\u010dist\u011bte ost\u0159\u00ed p\u0159ilo\u017een\u00fdm kart\u00e1\u010dkem a opatrn\u011b p\u0159\u00edstroj oto\u010dte. Tento postup pravideln\u011b opakujte v\u017edy p\u0159ed dal\u0161\u00edm spu\u0161t\u011bn\u00edm holic\u00edho strojku. pravideln\u011b<\/span><\/p>\n<h2>z\u00e1ruka 24 m\u011bs\u00edc\u016f<\/h2>\n<p>Na<strong>holic\u00ed strojek<\/strong><strong>LR-2020<\/strong>  je<strong>poskytov\u00e1na 24m\u011bs\u00ed\u010dn\u00ed z\u00e1ruka<\/strong>  a tak\u00e9 p\u0159ehledn\u00fd<strong>n\u00e1vod k pou\u017eit\u00ed v pol\u0161tin\u011b<\/strong>.<\/p>\n<div> V\u00edce informac\u00ed<\/p>\n<h2>Holic\u00ed strojek na od\u011bvy Lucznik &#8211; kombinace vysok\u00e9 kvality zpracov\u00e1n\u00ed a \u00fa\u010dinnosti<\/h2>\n<p>Nen\u00ed \u017e\u00e1dn\u00fdm tajemstv\u00edm, \u017ee \u010dasto pou\u017e\u00edvan\u00e9 oble\u010den\u00ed po n\u011bjak\u00e9 dob\u011b p\u0159estane vypadat jako nov\u00e9 a pot\u0159ebuje osv\u011b\u017eit. Mnoho lid\u00ed se v\u0161ak myln\u011b domn\u00edv\u00e1, \u017ee bude nutn\u00e9 nav\u0161t\u00edvit profesion\u00e1ln\u00ed pr\u00e1delnu, kter\u00e1 se postar\u00e1 o obnovu dan\u00e9ho oble\u010den\u00ed a navr\u00e1t\u00ed mu velmi dobr\u00fd stav. Ve v\u011bt\u0161in\u011b p\u0159\u00edpad\u016f sta\u010d\u00ed kvalitn\u00ed elektrick\u00fd holic\u00ed strojek na oble\u010den\u00ed, kter\u00fd \u00fa\u010dinn\u011b odstran\u00ed v\u0161echny druhy z\u00e1hyb\u016f a nevzhledn\u00fdch vy\u010dn\u00edvaj\u00edc\u00edch nit\u00ed, a t\u00edm materi\u00e1l osv\u011b\u017e\u00ed. Z tohoto d\u016fvodu nab\u00edz\u00edme funk\u010dn\u00ed holic\u00ed strojek na od\u011bvy Lucznik, kter\u00fd se vyzna\u010duje spolehliv\u00fdm v\u00fdkonem a snadnou obsluhou. Kv\u016fli \u010demu dal\u0161\u00edmu stoj\u00ed za to se pro n\u011bj rozhodnout?<\/p>\n<h2>\u010c\u00edm se vyzna\u010duje holic\u00ed strojek na svetry Lucznik?<\/h2>\n<p>Je pravda, \u017ee spole\u010dnost Lucznik pat\u0159\u00ed k firm\u00e1m, kter\u00e9 se v Polsku t\u011b\u0161\u00ed neutuchaj\u00edc\u00ed oblib\u011b ji\u017e \u0159adu let. Prvn\u00ed p\u0159\u00edstroje pod touto zna\u010dkou se na dom\u00e1c\u00edm trhu objevily v roce 1925 a velmi rychle se setkaly se v\u0161eobecn\u00fdm uzn\u00e1n\u00edm. Proto se spole\u010dnost Lucznik star\u00e1 o co nejv\u011bt\u0161\u00ed spokojenost z\u00e1kazn\u00edk\u016f a poskytuje jim p\u0159\u00edstup k modern\u00edm p\u0159\u00edstroj\u016fm, kter\u00e9 v\u00fdrazn\u011b usnad\u0148uj\u00ed p\u00e9\u010di o dom\u00e1cnost a zvy\u0161uj\u00ed komfort ka\u017edodenn\u00edho \u017eivota. A i kdy\u017e si to mnoz\u00ed mo\u017en\u00e1 neuv\u011bdomuj\u00ed, technologick\u00e9 zm\u011bny neminuly ani obl\u00edben\u00e9 holic\u00ed strojky na oble\u010den\u00ed, kter\u00e9 se nyn\u00ed vyzna\u010duj\u00ed \u0159adou zaj\u00edmav\u00fdch funkc\u00ed.<\/p>\n<p>A\u010dkoli po mnoho let byl nejobl\u00edben\u011bj\u0161\u00ed bateriov\u00fd holic\u00ed strojek na pr\u00e1dlo, v posledn\u00ed dob\u011b si z\u00edsk\u00e1v\u00e1 uzn\u00e1n\u00ed elektrick\u00fd holic\u00ed strojek na pr\u00e1dlo, kter\u00fd se ukazuje b\u00fdt nejen \u0161etrn\u011bj\u0161\u00ed k \u017eivotn\u00edmu prost\u0159ed\u00ed, ale tak\u00e9 pohodln\u011bj\u0161\u00ed. Ka\u017ed\u00fd holic\u00ed strojek na od\u011bvy navr\u017een\u00fd spole\u010dnost\u00ed Lucznik je schopen pracovat nep\u0159etr\u017eit\u011b a\u017e jednu hodinu. Podot\u00fdk\u00e1me, \u017ee s pomoc\u00ed kvalitn\u00edho b\u0159itu by nem\u011blo oholen\u00ed poma\u010dkan\u00e9ho svetru trvat d\u00e9le ne\u017e 15 minut, na jedno nabit\u00ed je elektrick\u00fd holic\u00ed strojek na oble\u010den\u00ed schopen osv\u011b\u017eit zna\u010dnou \u010d\u00e1st va\u0161eho \u0161atn\u00edku. Krom\u011b toho stoj\u00ed za zm\u00ednku, \u017ee navrhovan\u00fd holic\u00ed strojek na svetry Lucznik se vyzna\u010duje speci\u00e1ln\u00ed LED diodou, kter\u00e1 indikuje \u00farove\u0148 nabit\u00ed p\u0159\u00edstroje.<\/p>\n<h2>Nepo\u0161kod\u00ed elektrick\u00fd holic\u00ed strojek na oble\u010den\u00ed choulostiv\u00e9 p\u0159edm\u011bty?<\/h2>\n<p>Z\u00e1kazn\u00edci, kte\u0159\u00ed zva\u017euj\u00ed investici do takov\u00e9ho v\u00fdrobku, jako je holic\u00ed strojek na oble\u010den\u00ed, se \u010dasto ob\u00e1vaj\u00ed, \u017ee m\u016f\u017ee po\u0161kodit jemn\u00e9 halenky a svetry, vyt\u00e1hnout materi\u00e1l nebo ho prod\u011brav\u011bt. Z tohoto d\u016fvodu se ka\u017ed\u00fd elektrick\u00fd holic\u00ed strojek na oble\u010den\u00ed, kter\u00fd nab\u00edz\u00edme, vyzna\u010duje speci\u00e1ln\u00edm kotou\u010dem ve tvaru v\u010del\u00ed pl\u00e1stve, kter\u00fd \u00fa\u010dinn\u011b chr\u00e1n\u00ed oble\u010den\u00ed p\u0159ed jak\u00fdmkoli mechanick\u00fdm po\u0161kozen\u00edm.<\/p>\n<p>Krom\u011b toho je navrhovan\u00fd holic\u00ed strojek na od\u011bvy Lucznik vybaven odoln\u00fdm magnetick\u00fdm krytem, kter\u00fd zakr\u00fdv\u00e1 s\u00ed\u0165ku a b\u0159ity, a tak\u00e9 bezpe\u010dnostn\u00edm z\u00e1mkem, kter\u00fd chr\u00e1n\u00ed p\u0159ed p\u0159\u00edm\u00fdm kontaktem s ost\u0159\u00edm. Proto m\u016f\u017eete holic\u00ed strojek \u00fasp\u011b\u0161n\u011b p\u0159en\u00e1\u0161et v kabelce nebo kufru bez obav, \u017ee by se mohl o n\u011bco zachytit a zp\u016fsobit r\u016fzn\u00e1 po\u0161kozen\u00ed. D\u00edky tomu se holic\u00ed strojek na oble\u010den\u00ed od zna\u010dky, jako je Lucznik, skv\u011ble hod\u00ed i na cesty.<\/p>\n<p>Holic\u00ed strojek na oble\u010den\u00ed Lucznik &#8211; recenze, kter\u00e9 potvrzuj\u00ed jeho funk\u010dnost<\/p>\n<p>P\u0159i zva\u017eov\u00e1n\u00ed investice do takov\u00e9ho p\u0159\u00edslu\u0161enstv\u00ed, jako je holic\u00ed strojek na oble\u010den\u00ed, stoj\u00ed za to v\u011bnovat pozornost jeho odolnosti a kvalit\u011b b\u0159it\u016f. V p\u0159\u00edpad\u011b pozoruhodn\u00fdch v\u00fdrobk\u016f by se pouzdro m\u011blo vyzna\u010dovat trvanlivost\u00ed a odolnost\u00ed proti rozbit\u00ed a \u010depele by m\u011bly zajistit snadn\u00e9 a \u00fa\u010dinn\u00e9 osv\u011b\u017een\u00ed od\u011bv\u016f bez nutnosti n\u011bkolikan\u00e1sobn\u00e9ho opakov\u00e1n\u00ed. Pe\u010dliv\u011b vybran\u00e9 b\u0159ity se nav\u00edc neztup\u00ed ani p\u0159i intenzivn\u00edm pou\u017e\u00edv\u00e1n\u00ed holic\u00edho strojku, tak\u017ee p\u0159\u00edstroj nebude t\u0159eba vym\u011b\u0148ovat za nov\u00fd.<\/p>\n<p>V p\u0159\u00edpad\u011b takov\u00e9ho v\u00fdrobku, jako je holic\u00ed strojek na oble\u010den\u00ed Lucznik, sv\u011bd\u010d\u00ed o odolnosti a funk\u010dnosti holic\u00edho strojku recenze z\u00e1kazn\u00edk\u016f, kte\u0159\u00ed se rozhodli pro jeho koupi. Nespornou v\u00fdhodou se ukazuje b\u00fdt jeho praktick\u00e1 velikost, d\u00edky n\u00ed\u017e elektrick\u00fd holic\u00ed strojek na oble\u010den\u00ed nezabere v z\u00e1suvce p\u0159\u00edli\u0161 mnoho cenn\u00e9ho m\u00edsta. Za zm\u00ednku z\u00e1rove\u0148 stoj\u00ed, \u017ee samotn\u00e9 \u010di\u0161t\u011bn\u00ed nab\u00edzen\u00e9ho holic\u00edho strojku na oble\u010den\u00ed je tak\u00e9 mimo\u0159\u00e1dn\u011b \u00fa\u010dinn\u00e9 pomoc\u00ed speci\u00e1ln\u00edch kart\u00e1\u010dk\u016f, kter\u00e9 jsou k n\u011bmu p\u0159ipojeny.<\/p>\n<\/div>\n","protected":false},"excerpt":{"rendered":"<p>Ergonomick\u00fd holic\u00ed strojek na od\u011bvy LR-2020 se speci\u00e1ln\u00ed ochrannou vo\u0161tinovou s\u00ed\u0165kou rychle a \u00fa\u010dinn\u011b odstra\u0148uje \u017emolky z od\u011bv\u016f, vln\u011bn\u00fdch v\u00fdrobk\u016f, l\u016f\u017ekovin a n\u00e1bytku, p\u0159i\u010dem\u017e db\u00e1 na ochranu materi\u00e1l\u016f a bezpe\u010dnost u\u017eivatele.<\/p>\n","protected":false},"featured_media":14981,"comment_status":"open","ping_status":"closed","template":"","meta":[],"product_brand":[],"product_cat":[646],"product_tag":[],"class_list":{"0":"post-17321","1":"product","2":"type-product","3":"status-publish","4":"has-post-thumbnail","6":"product_cat-golarki-do-swetrow","8":"first","9":"instock","10":"taxable","11":"shipping-taxable","12":"purchasable","13":"product-type-simple"},"_links":{"self":[{"href":"https:\/\/gltestm.webology.pl\/cs\/wp-json\/wp\/v2\/product\/17321","targetHints":{"allow":["GET"]}}],"collection":[{"href":"https:\/\/gltestm.webology.pl\/cs\/wp-json\/wp\/v2\/product"}],"about":[{"href":"https:\/\/gltestm.webology.pl\/cs\/wp-json\/wp\/v2\/types\/product"}],"replies":[{"embeddable":true,"href":"https:\/\/gltestm.webology.pl\/cs\/wp-json\/wp\/v2\/comments?post=17321"}],"version-history":[{"count":0,"href":"https:\/\/gltestm.webology.pl\/cs\/wp-json\/wp\/v2\/product\/17321\/revisions"}],"wp:featuredmedia":[{"embeddable":true,"href":"https:\/\/gltestm.webology.pl\/cs\/wp-json\/wp\/v2\/media\/14981"}],"wp:attachment":[{"href":"https:\/\/gltestm.webology.pl\/cs\/wp-json\/wp\/v2\/media?parent=17321"}],"wp:term":[{"taxonomy":"product_brand","embeddable":true,"href":"https:\/\/gltestm.webology.pl\/cs\/wp-json\/wp\/v2\/product_brand?post=17321"},{"taxonomy":"product_cat","embeddable":true,"href":"https:\/\/gltestm.webology.pl\/cs\/wp-json\/wp\/v2\/product_cat?post=17321"},{"taxonomy":"product_tag","embeddable":true,"href":"https:\/\/gltestm.webology.pl\/cs\/wp-json\/wp\/v2\/product_tag?post=17321"}],"curies":[{"name":"wp","href":"https:\/\/api.w.org\/{rel}","templated":true}]}}