{"id":17313,"date":"2026-03-18T22:04:31","date_gmt":"2026-03-18T21:04:31","guid":{"rendered":"https:\/\/gltestm.webology.pl\/produkt\/napajeci-kabel-pro-elektronicke-stroje\/"},"modified":"2026-03-22T21:58:59","modified_gmt":"2026-03-22T20:58:59","slug":"napajeci-kabel-pro-elektronicke-stroje","status":"publish","type":"product","link":"https:\/\/gltestm.webology.pl\/cs\/produkt\/napajeci-kabel-pro-elektronicke-stroje\/","title":{"rendered":"Nap\u00e1jec\u00ed kabel pro elektronick\u00e9 stroje"},"content":{"rendered":"<p>Nap\u00e1jec\u00ed kabel vhodn\u00fd pro elektronick\u00e9 stroje zna\u010dky Lucznik.<\/p>\n","protected":false},"excerpt":{"rendered":"<p>Domy\u015blny opis kr\u00f3tki<\/p>\n","protected":false},"featured_media":14120,"comment_status":"open","ping_status":"closed","template":"","meta":[],"product_brand":[],"product_cat":[481],"product_tag":[],"class_list":{"0":"post-17313","1":"product","2":"type-product","3":"status-publish","4":"has-post-thumbnail","6":"product_cat-pedaly-do-maszyn-i-regulatory-obrotow","8":"first","9":"instock","10":"taxable","11":"shipping-taxable","12":"purchasable","13":"product-type-simple"},"_links":{"self":[{"href":"https:\/\/gltestm.webology.pl\/cs\/wp-json\/wp\/v2\/product\/17313","targetHints":{"allow":["GET"]}}],"collection":[{"href":"https:\/\/gltestm.webology.pl\/cs\/wp-json\/wp\/v2\/product"}],"about":[{"href":"https:\/\/gltestm.webology.pl\/cs\/wp-json\/wp\/v2\/types\/product"}],"replies":[{"embeddable":true,"href":"https:\/\/gltestm.webology.pl\/cs\/wp-json\/wp\/v2\/comments?post=17313"}],"version-history":[{"count":0,"href":"https:\/\/gltestm.webology.pl\/cs\/wp-json\/wp\/v2\/product\/17313\/revisions"}],"wp:featuredmedia":[{"embeddable":true,"href":"https:\/\/gltestm.webology.pl\/cs\/wp-json\/wp\/v2\/media\/14120"}],"wp:attachment":[{"href":"https:\/\/gltestm.webology.pl\/cs\/wp-json\/wp\/v2\/media?parent=17313"}],"wp:term":[{"taxonomy":"product_brand","embeddable":true,"href":"https:\/\/gltestm.webology.pl\/cs\/wp-json\/wp\/v2\/product_brand?post=17313"},{"taxonomy":"product_cat","embeddable":true,"href":"https:\/\/gltestm.webology.pl\/cs\/wp-json\/wp\/v2\/product_cat?post=17313"},{"taxonomy":"product_tag","embeddable":true,"href":"https:\/\/gltestm.webology.pl\/cs\/wp-json\/wp\/v2\/product_tag?post=17313"}],"curies":[{"name":"wp","href":"https:\/\/api.w.org\/{rel}","templated":true}]}}