{"id":17305,"date":"2026-03-18T22:04:30","date_gmt":"2026-03-18T21:04:30","guid":{"rendered":"https:\/\/gltestm.webology.pl\/produkt\/pansky-holici-strojek-lucznik-es-2019\/"},"modified":"2026-03-22T21:58:51","modified_gmt":"2026-03-22T20:58:51","slug":"pansky-holici-strojek-lucznik-es-2019","status":"publish","type":"product","link":"https:\/\/gltestm.webology.pl\/cs\/produkt\/pansky-holici-strojek-lucznik-es-2019\/","title":{"rendered":"P\u00e1nsk\u00fd holic\u00ed strojek Lucznik ES-2019"},"content":{"rendered":"<h2>P\u00e1nsk\u00fd holic\u00ed strojek ES-2019 &#8211; rychl\u00e9 a d\u016fkladn\u00e9 oholen\u00ed bez podr\u00e1\u017ed\u011bn\u00ed<\/h2>\n<p>\u017de je holen\u00ed um\u011bn\u00ed, v\u00ed ka\u017ed\u00fd mu\u017e, kter\u00fd se chce c\u00edtit pohodln\u011b a p\u0159edev\u0161\u00edm sebev\u011bdom\u011b ve sv\u00e9 k\u016f\u017ei. Spr\u00e1vn\u011b zast\u0159i\u017een\u00e9 vousy nebo hladce oholen\u00e1 poko\u017eka (samoz\u0159ejm\u011b bez podr\u00e1\u017ed\u011bn\u00ed) jsou atributy ka\u017ed\u00e9ho upraven\u00e9ho mu\u017ee, a to jak v soukrom\u00e9m, tak v profesn\u00edm \u017eivot\u011b. Zde nen\u00ed prostor pro kompromisy!<\/p>\n<h2>Kl\u00ed\u010dov\u00e9 vlastnosti<\/h2>\n<ul>\n<li><strong>3 nez\u00e1visl\u00e9,<\/strong> <strong>pohybliv\u00e9<\/strong> \u010depele <\/li>\n<li><strong>vestav\u011bn\u00fd<\/strong>, v\u00fdkyvn\u00fd <strong>zast\u0159ihova\u010d<\/strong> pro zast\u0159ihov\u00e1n\u00ed<\/li>\n<li><strong>velk\u00e1<\/strong> <strong>holic\u00ed<\/strong> plocha<\/li>\n<li><strong>vym\u011bniteln\u00e1<\/strong><strong>hlava<\/strong>  (k dispozici v na\u0161ich dal\u0161\u00edch nab\u00eddk\u00e1ch)<\/li>\n<li>vestav\u011bn\u00fd <strong>dob\u00edjec\u00ed akumul\u00e1tor<\/strong><\/li>\n<li>pracovn\u00ed doba 45 min.<\/li>\n<li><strong>holen\u00ed<\/strong> <strong>na mokro<\/strong> <strong>na mokro<\/strong> a <strong>na sucho<\/strong><\/li>\n<li><strong>\u010distic\u00ed kart\u00e1\u010dek<\/strong> sou\u010d\u00e1st\u00ed balen\u00ed<\/li>\n<li>doba nab\u00edjen\u00ed 8 hod.<\/li>\n<\/ul>\n<h2>Rychl\u00e9, d\u016fkladn\u00e9 a bez podr\u00e1\u017ed\u011bn\u00ed<\/h2>\n<p>N\u00e1\u0161 <strong>p\u00e1nsk\u00fd<\/strong> strojek <strong>ES-2019<\/strong> <strong>sh<\/strong> aver umo\u017e\u0148uje <strong>holen\u00ed na mokro i na sucho<\/strong> &#8211; bez podr\u00e1\u017ed\u011bn\u00ed b\u011b\u017en\u011b citliv\u00e9 poko\u017eky. Po pou\u017eit\u00ed opl\u00e1chn\u011bte b\u0159ity pod vodou, ale nepono\u0159ujte p\u0159\u00edstroj do vody.<\/p>\n<p><strong>Holic\u00ed strojek ES-2019<\/strong> m\u00e1 <strong>hlavu se<\/strong> <strong>t\u0159emi rota\u010dn\u00edmi b\u0159ity<\/strong> s <strong>velkou holic\u00ed plochou<\/strong>, kter\u00e9 dokonale kop\u00edruj\u00ed kontury mu\u017esk\u00e9 tv\u00e1\u0159e. D\u016fle\u017eit\u00e9 je, \u017ee tyto b\u0159ity byly <strong>pota\u017eeny speci\u00e1ln\u00ed vrstvou<\/strong>, kter\u00e1 d\u00e1le zvy\u0161uje <strong>komfort<\/strong> a <strong>\u00fa\u010dinnost<\/strong> holen\u00ed. <strong>Holic\u00ed strojek je ur\u010den pro ka\u017edodenn\u00ed holen\u00ed jednodenn\u00edch vous\u016f. <\/strong>N\u00e1\u0161 nejnov\u011bj\u0161\u00ed holic\u00ed strojek bude dob\u0159e fungovat nejen pro mu\u017ee, kte\u0159\u00ed si na vousy v\u016fbec nepotrp\u00ed.<\/p>\n<h2><strong>Vestav\u011bn\u00fd zast\u0159ihova\u010d<\/strong><\/h2>\n<p>D\u00edky<strong>vestav\u011bn\u00e9mu<\/strong> <strong>zast\u0159ihova\u010di pro<\/strong> p\u0159esn\u00e9 <strong>zast\u0159ihov\u00e1n\u00ed<\/strong> a <strong>tvarov\u00e1n\u00ed<\/strong> vous\u016f bude <strong>ES-2019<\/strong> ide\u00e1ln\u00ed i pro vousat\u00e9 mu\u017ee!<\/p>\n<h2>\u017d\u00e1dn\u00e9 zamotan\u00e9 dr\u00e1ty!<\/h2>\n<p>P\u00e1nsk\u00fd holic\u00ed strojek <strong>ES-2019<\/strong> m\u00e1 <strong>bezdr\u00e1tov\u00e9 nap\u00e1jen\u00ed<\/strong>. na <strong>100 % zajist\u00ed a\u017e 45 minut \u00fa\u010dinn\u00e9ho holen\u00ed<\/strong>! Sta\u010d\u00ed ho ve\u010der zapojit do z\u00e1suvky a\u017e na 8 hodin k nab\u00edjen\u00ed a r\u00e1no bude pln\u011b funk\u010dn\u00ed &#8211; stejn\u011b jako vy! D\u00edky <strong>odn\u00edmateln\u00e9 hlav\u011b<\/strong> je \u010di\u0161t\u011bn\u00ed holic\u00edho strojku snadn\u00e9 a rychl\u00e9. Sadu v\u00fdhod dopl\u0148uje cestovn\u00ed <strong>pouzdro<\/strong>, kter\u00e9 je ide\u00e1ln\u00ed na dal\u0161\u00ed i bli\u017e\u0161\u00ed cesty.<\/p>\n<p><strong>Pozn\u00e1mka<\/strong>: nepou\u017e\u00edvejte holic\u00ed strojek, pokud je <strong>p\u0159ipojen k nab\u00edjen\u00ed<\/strong>.<\/p>\n<h2>z\u00e1ruka 24 m\u011bs\u00edc\u016f<\/h2>\n<p><strong>Na <\/strong>elektrick\u00fd holic\u00ed strojek <strong>ES-2019 <\/strong> <strong>je poskytov\u00e1na 24m\u011bs\u00ed\u010dn\u00ed z\u00e1ruka <\/strong>a n\u00e1vod v pol\u0161tin\u011b, kter\u00fd byste si m\u011bli p\u0159e\u010d\u00edst p\u0159ed pou\u017eit\u00edm v\u00fdrobku.<\/p>\n","protected":false},"excerpt":{"rendered":"<p>Akumul\u00e1torov\u00fd p\u00e1nsk\u00fd holic\u00ed strojek se t\u0159emi pohybliv\u00fdmi b\u0159ity, kter\u00e9 se dokonale p\u0159izp\u016fsob\u00ed kontur\u00e1m obli\u010deje, je kombinac\u00ed jemnosti a \u00fa\u010dinnosti. D\u00edky vestav\u011bn\u00e9mu zast\u0159ihova\u010di si tento model zamiluj\u00ed i zast\u00e1nci dlouh\u00fdch vous\u016f!<\/p>\n","protected":false},"featured_media":15579,"comment_status":"open","ping_status":"closed","template":"","meta":[],"product_brand":[],"product_cat":[671],"product_tag":[],"class_list":{"0":"post-17305","1":"product","2":"type-product","3":"status-publish","4":"has-post-thumbnail","6":"product_cat-maszynki-i-golarki-meskie","8":"first","9":"instock","10":"taxable","11":"shipping-taxable","12":"purchasable","13":"product-type-simple"},"_links":{"self":[{"href":"https:\/\/gltestm.webology.pl\/cs\/wp-json\/wp\/v2\/product\/17305","targetHints":{"allow":["GET"]}}],"collection":[{"href":"https:\/\/gltestm.webology.pl\/cs\/wp-json\/wp\/v2\/product"}],"about":[{"href":"https:\/\/gltestm.webology.pl\/cs\/wp-json\/wp\/v2\/types\/product"}],"replies":[{"embeddable":true,"href":"https:\/\/gltestm.webology.pl\/cs\/wp-json\/wp\/v2\/comments?post=17305"}],"version-history":[{"count":0,"href":"https:\/\/gltestm.webology.pl\/cs\/wp-json\/wp\/v2\/product\/17305\/revisions"}],"wp:featuredmedia":[{"embeddable":true,"href":"https:\/\/gltestm.webology.pl\/cs\/wp-json\/wp\/v2\/media\/15579"}],"wp:attachment":[{"href":"https:\/\/gltestm.webology.pl\/cs\/wp-json\/wp\/v2\/media?parent=17305"}],"wp:term":[{"taxonomy":"product_brand","embeddable":true,"href":"https:\/\/gltestm.webology.pl\/cs\/wp-json\/wp\/v2\/product_brand?post=17305"},{"taxonomy":"product_cat","embeddable":true,"href":"https:\/\/gltestm.webology.pl\/cs\/wp-json\/wp\/v2\/product_cat?post=17305"},{"taxonomy":"product_tag","embeddable":true,"href":"https:\/\/gltestm.webology.pl\/cs\/wp-json\/wp\/v2\/product_tag?post=17305"}],"curies":[{"name":"wp","href":"https:\/\/api.w.org\/{rel}","templated":true}]}}