{"id":17297,"date":"2026-03-18T22:04:29","date_gmt":"2026-03-18T21:04:29","guid":{"rendered":"https:\/\/gltestm.webology.pl\/produkt\/filtracni-sestava-epa-pro-vysavac-lucznik-op-2019\/"},"modified":"2026-03-22T21:58:19","modified_gmt":"2026-03-22T20:58:19","slug":"filtracni-sestava-epa-pro-vysavac-lucznik-op-2019","status":"publish","type":"product","link":"https:\/\/gltestm.webology.pl\/cs\/produkt\/filtracni-sestava-epa-pro-vysavac-lucznik-op-2019\/","title":{"rendered":"Filtra\u010dn\u00ed sestava EPA pro vysava\u010d Lucznik OP-2019"},"content":{"rendered":"<h2>Filtra\u010dn\u00ed sestava EPA pro vysava\u010d Lucznik OP-2019<\/h2>\n<p>Standardn\u00ed n\u00e1hradn\u00ed filtra\u010dn\u00ed sestava ur\u010den\u00e1 pro vysava\u010d zna\u010dky Lucznik, kter\u00e1 je vhodn\u00e1 pro model stojanov\u00e9ho vysava\u010de OP-2019. Filtr lze m\u00fdt pod vodou.<\/p>\n<p>Doporu\u010duje se vym\u011bnit filtr ka\u017ed\u00e9 3 m\u011bs\u00edce pou\u017e\u00edv\u00e1n\u00ed.<\/p>\n","protected":false},"excerpt":{"rendered":"<p>Filtr EPA, kter\u00fd je vhodn\u00fd pro vysava\u010de Lucznik OP-2019. Vym\u011b\u0148te filtr ka\u017ed\u00e9 3 m\u011bs\u00edce.<\/p>\n","protected":false},"featured_media":12970,"comment_status":"open","ping_status":"closed","template":"","meta":[],"product_brand":[],"product_cat":[631],"product_tag":[],"class_list":{"0":"post-17297","1":"product","2":"type-product","3":"status-publish","4":"has-post-thumbnail","6":"product_cat-odkurzacze","8":"first","9":"instock","10":"taxable","11":"shipping-taxable","12":"purchasable","13":"product-type-simple"},"_links":{"self":[{"href":"https:\/\/gltestm.webology.pl\/cs\/wp-json\/wp\/v2\/product\/17297","targetHints":{"allow":["GET"]}}],"collection":[{"href":"https:\/\/gltestm.webology.pl\/cs\/wp-json\/wp\/v2\/product"}],"about":[{"href":"https:\/\/gltestm.webology.pl\/cs\/wp-json\/wp\/v2\/types\/product"}],"replies":[{"embeddable":true,"href":"https:\/\/gltestm.webology.pl\/cs\/wp-json\/wp\/v2\/comments?post=17297"}],"version-history":[{"count":0,"href":"https:\/\/gltestm.webology.pl\/cs\/wp-json\/wp\/v2\/product\/17297\/revisions"}],"wp:featuredmedia":[{"embeddable":true,"href":"https:\/\/gltestm.webology.pl\/cs\/wp-json\/wp\/v2\/media\/12970"}],"wp:attachment":[{"href":"https:\/\/gltestm.webology.pl\/cs\/wp-json\/wp\/v2\/media?parent=17297"}],"wp:term":[{"taxonomy":"product_brand","embeddable":true,"href":"https:\/\/gltestm.webology.pl\/cs\/wp-json\/wp\/v2\/product_brand?post=17297"},{"taxonomy":"product_cat","embeddable":true,"href":"https:\/\/gltestm.webology.pl\/cs\/wp-json\/wp\/v2\/product_cat?post=17297"},{"taxonomy":"product_tag","embeddable":true,"href":"https:\/\/gltestm.webology.pl\/cs\/wp-json\/wp\/v2\/product_tag?post=17297"}],"curies":[{"name":"wp","href":"https:\/\/api.w.org\/{rel}","templated":true}]}}