{"id":17265,"date":"2026-03-18T22:04:28","date_gmt":"2026-03-18T21:04:28","guid":{"rendered":"https:\/\/gltestm.webology.pl\/produkt\/pedal-pro-sici-stroj-lucznik-model-c-8001-pro-elektronicke-stroje\/"},"modified":"2026-03-22T21:58:00","modified_gmt":"2026-03-22T20:58:00","slug":"pedal-pro-sici-stroj-lucznik-model-c-8001-pro-elektronicke-stroje","status":"publish","type":"product","link":"https:\/\/gltestm.webology.pl\/cs\/produkt\/pedal-pro-sici-stroj-lucznik-model-c-8001-pro-elektronicke-stroje\/","title":{"rendered":"Ped\u00e1l pro \u0161ic\u00ed stroj Lucznik, model C-8001, pro elektronick\u00e9 stroje"},"content":{"rendered":"<p>Regul\u00e1tor rychlosti slou\u017e\u00edc\u00ed k regulaci rychlosti \u0161it\u00ed, ur\u010den\u00fd pro elektronick\u00e9 \u0161ic\u00ed stroje Lucznik <strong>Marilyn 2018 HD, Patrycja 2090 <\/strong>a<strong> Martyna 2080<\/strong><strong>.<\/strong> Umo\u017e\u0148uje pohodln\u00e9 a plynul\u00e9 nastaven\u00ed rychlosti \u0161it\u00ed.<\/p>\n<p>Je vhodn\u00fd i pro n\u011bkolik model\u016f star\u0161\u00edch elektronick\u00fdch \u0161ic\u00edch stroj\u016f.<\/p>\n<p><strong>POZN\u00c1MKA:<\/strong> Start\u00e9r <strong>NEM\u00c1<\/strong> kabel pro p\u0159ipojen\u00ed k elektrick\u00e9 s\u00edti.<\/p>\n","protected":false},"excerpt":{"rendered":"<p>Pohonn\u00e1 jednotka pro elektronick\u00e9 stroje Lucznik. \u0158\u00edd\u00ed ot\u00e1\u010dky motor\u016f v \u0161ic\u00edch stroj\u00edch.<\/p>\n","protected":false},"featured_media":14441,"comment_status":"open","ping_status":"closed","template":"","meta":[],"product_brand":[],"product_cat":[481],"product_tag":[],"class_list":{"0":"post-17265","1":"product","2":"type-product","3":"status-publish","4":"has-post-thumbnail","6":"product_cat-pedaly-do-maszyn-i-regulatory-obrotow","8":"first","9":"instock","10":"sale","11":"taxable","12":"shipping-taxable","13":"purchasable","14":"product-type-simple"},"_links":{"self":[{"href":"https:\/\/gltestm.webology.pl\/cs\/wp-json\/wp\/v2\/product\/17265","targetHints":{"allow":["GET"]}}],"collection":[{"href":"https:\/\/gltestm.webology.pl\/cs\/wp-json\/wp\/v2\/product"}],"about":[{"href":"https:\/\/gltestm.webology.pl\/cs\/wp-json\/wp\/v2\/types\/product"}],"replies":[{"embeddable":true,"href":"https:\/\/gltestm.webology.pl\/cs\/wp-json\/wp\/v2\/comments?post=17265"}],"version-history":[{"count":0,"href":"https:\/\/gltestm.webology.pl\/cs\/wp-json\/wp\/v2\/product\/17265\/revisions"}],"wp:featuredmedia":[{"embeddable":true,"href":"https:\/\/gltestm.webology.pl\/cs\/wp-json\/wp\/v2\/media\/14441"}],"wp:attachment":[{"href":"https:\/\/gltestm.webology.pl\/cs\/wp-json\/wp\/v2\/media?parent=17265"}],"wp:term":[{"taxonomy":"product_brand","embeddable":true,"href":"https:\/\/gltestm.webology.pl\/cs\/wp-json\/wp\/v2\/product_brand?post=17265"},{"taxonomy":"product_cat","embeddable":true,"href":"https:\/\/gltestm.webology.pl\/cs\/wp-json\/wp\/v2\/product_cat?post=17265"},{"taxonomy":"product_tag","embeddable":true,"href":"https:\/\/gltestm.webology.pl\/cs\/wp-json\/wp\/v2\/product_tag?post=17265"}],"curies":[{"name":"wp","href":"https:\/\/api.w.org\/{rel}","templated":true}]}}