{"id":17257,"date":"2026-03-18T22:04:27","date_gmt":"2026-03-18T21:04:27","guid":{"rendered":"https:\/\/gltestm.webology.pl\/produkt\/valeckovy-nuz-28-mm-rovny\/"},"modified":"2026-03-22T21:57:52","modified_gmt":"2026-03-22T20:57:52","slug":"valeckovy-nuz-28-mm-rovny","status":"publish","type":"product","link":"https:\/\/gltestm.webology.pl\/cs\/produkt\/valeckovy-nuz-28-mm-rovny\/","title":{"rendered":"V\u00e1le\u010dkov\u00fd n\u016f\u017e 28 mm rovn\u00fd"},"content":{"rendered":"<h4>N\u00e1hradn\u00ed \u010depel pro kotou\u010dov\u00fd n\u016f\u017e 28 mm rovn\u00e1 \/ 2 kusy v balen\u00ed.<\/h4>\n<p>Pr\u016fm\u011br \u010depele: 28 mm<\/p>\n<p>Typ \u010depele: rovn\u00e1<\/p>\n","protected":false},"excerpt":{"rendered":"<p>N\u00e1hradn\u00ed \u010depel pro rovn\u00fd kruhov\u00fd n\u016f\u017e 28 mm \/ 2 kusy v balen\u00ed<\/p>\n","protected":false},"featured_media":13121,"comment_status":"open","ping_status":"closed","template":"","meta":[],"product_brand":[],"product_cat":[761],"product_tag":[],"class_list":{"0":"post-17257","1":"product","2":"type-product","3":"status-publish","4":"has-post-thumbnail","6":"product_cat-noze-noze-krazkowe-i-przecinaki","8":"first","9":"instock","10":"taxable","11":"shipping-taxable","12":"purchasable","13":"product-type-simple"},"_links":{"self":[{"href":"https:\/\/gltestm.webology.pl\/cs\/wp-json\/wp\/v2\/product\/17257","targetHints":{"allow":["GET"]}}],"collection":[{"href":"https:\/\/gltestm.webology.pl\/cs\/wp-json\/wp\/v2\/product"}],"about":[{"href":"https:\/\/gltestm.webology.pl\/cs\/wp-json\/wp\/v2\/types\/product"}],"replies":[{"embeddable":true,"href":"https:\/\/gltestm.webology.pl\/cs\/wp-json\/wp\/v2\/comments?post=17257"}],"version-history":[{"count":0,"href":"https:\/\/gltestm.webology.pl\/cs\/wp-json\/wp\/v2\/product\/17257\/revisions"}],"wp:featuredmedia":[{"embeddable":true,"href":"https:\/\/gltestm.webology.pl\/cs\/wp-json\/wp\/v2\/media\/13121"}],"wp:attachment":[{"href":"https:\/\/gltestm.webology.pl\/cs\/wp-json\/wp\/v2\/media?parent=17257"}],"wp:term":[{"taxonomy":"product_brand","embeddable":true,"href":"https:\/\/gltestm.webology.pl\/cs\/wp-json\/wp\/v2\/product_brand?post=17257"},{"taxonomy":"product_cat","embeddable":true,"href":"https:\/\/gltestm.webology.pl\/cs\/wp-json\/wp\/v2\/product_cat?post=17257"},{"taxonomy":"product_tag","embeddable":true,"href":"https:\/\/gltestm.webology.pl\/cs\/wp-json\/wp\/v2\/product_tag?post=17257"}],"curies":[{"name":"wp","href":"https:\/\/api.w.org\/{rel}","templated":true}]}}