{"id":17249,"date":"2026-03-18T22:04:26","date_gmt":"2026-03-18T21:04:26","guid":{"rendered":"https:\/\/gltestm.webology.pl\/produkt\/obycejne-koliky\/"},"modified":"2026-03-22T21:57:51","modified_gmt":"2026-03-22T20:57:51","slug":"obycejne-koliky","status":"publish","type":"product","link":"https:\/\/gltestm.webology.pl\/cs\/produkt\/obycejne-koliky\/","title":{"rendered":"Oby\u010dejn\u00e9 kol\u00edky"},"content":{"rendered":"<p>Oby\u010dejn\u00e9 kol\u00edky, kovov\u00e9, bez hlavi\u010dek. <\/p>\n","protected":false},"excerpt":{"rendered":"<p>Kol\u00edky 30 mm oby\u010dejn\u00e9 bez hlavi\u010dek.<\/p>\n","protected":false},"featured_media":15484,"comment_status":"open","ping_status":"closed","template":"","meta":[],"product_brand":[],"product_cat":[741],"product_tag":[],"class_list":{"0":"post-17249","1":"product","2":"type-product","3":"status-publish","4":"has-post-thumbnail","6":"product_cat-szpilki-agrafki-i-poduszeczki","8":"first","9":"instock","10":"taxable","11":"shipping-taxable","12":"purchasable","13":"product-type-simple"},"_links":{"self":[{"href":"https:\/\/gltestm.webology.pl\/cs\/wp-json\/wp\/v2\/product\/17249","targetHints":{"allow":["GET"]}}],"collection":[{"href":"https:\/\/gltestm.webology.pl\/cs\/wp-json\/wp\/v2\/product"}],"about":[{"href":"https:\/\/gltestm.webology.pl\/cs\/wp-json\/wp\/v2\/types\/product"}],"replies":[{"embeddable":true,"href":"https:\/\/gltestm.webology.pl\/cs\/wp-json\/wp\/v2\/comments?post=17249"}],"version-history":[{"count":0,"href":"https:\/\/gltestm.webology.pl\/cs\/wp-json\/wp\/v2\/product\/17249\/revisions"}],"wp:featuredmedia":[{"embeddable":true,"href":"https:\/\/gltestm.webology.pl\/cs\/wp-json\/wp\/v2\/media\/15484"}],"wp:attachment":[{"href":"https:\/\/gltestm.webology.pl\/cs\/wp-json\/wp\/v2\/media?parent=17249"}],"wp:term":[{"taxonomy":"product_brand","embeddable":true,"href":"https:\/\/gltestm.webology.pl\/cs\/wp-json\/wp\/v2\/product_brand?post=17249"},{"taxonomy":"product_cat","embeddable":true,"href":"https:\/\/gltestm.webology.pl\/cs\/wp-json\/wp\/v2\/product_cat?post=17249"},{"taxonomy":"product_tag","embeddable":true,"href":"https:\/\/gltestm.webology.pl\/cs\/wp-json\/wp\/v2\/product_tag?post=17249"}],"curies":[{"name":"wp","href":"https:\/\/api.w.org\/{rel}","templated":true}]}}