{"id":17233,"date":"2026-03-18T22:04:26","date_gmt":"2026-03-18T21:04:26","guid":{"rendered":"https:\/\/gltestm.webology.pl\/produkt\/pansky-naprstek\/"},"modified":"2026-03-22T21:13:28","modified_gmt":"2026-03-22T20:13:28","slug":"pansky-naprstek","status":"publish","type":"product","link":"https:\/\/gltestm.webology.pl\/cs\/produkt\/pansky-naprstek\/","title":{"rendered":"P\u00e1nsk\u00fd n\u00e1prstek"},"content":{"rendered":"<p><span>P\u00e1nsk\u00fd kovov\u00fd n\u00e1prstek. Pohodln\u011b se pou\u017e\u00edv\u00e1 d\u00edky v\u011bt\u0161\u00edmu pr\u016fm\u011bru ne\u017e klasick\u00fd n\u00e1prstek. <\/span><\/p>\n","protected":false},"excerpt":{"rendered":"<p>P\u00e1nsk\u00fd kovov\u00fd n\u00e1prstek.<\/p>\n","protected":false},"featured_media":14070,"comment_status":"open","ping_status":"closed","template":"","meta":[],"product_brand":[],"product_cat":[346],"product_tag":[],"class_list":{"0":"post-17233","1":"product","2":"type-product","3":"status-publish","4":"has-post-thumbnail","6":"product_cat-naparstki","8":"first","9":"instock","10":"taxable","11":"shipping-taxable","12":"purchasable","13":"product-type-simple"},"_links":{"self":[{"href":"https:\/\/gltestm.webology.pl\/cs\/wp-json\/wp\/v2\/product\/17233","targetHints":{"allow":["GET"]}}],"collection":[{"href":"https:\/\/gltestm.webology.pl\/cs\/wp-json\/wp\/v2\/product"}],"about":[{"href":"https:\/\/gltestm.webology.pl\/cs\/wp-json\/wp\/v2\/types\/product"}],"replies":[{"embeddable":true,"href":"https:\/\/gltestm.webology.pl\/cs\/wp-json\/wp\/v2\/comments?post=17233"}],"version-history":[{"count":0,"href":"https:\/\/gltestm.webology.pl\/cs\/wp-json\/wp\/v2\/product\/17233\/revisions"}],"wp:featuredmedia":[{"embeddable":true,"href":"https:\/\/gltestm.webology.pl\/cs\/wp-json\/wp\/v2\/media\/14070"}],"wp:attachment":[{"href":"https:\/\/gltestm.webology.pl\/cs\/wp-json\/wp\/v2\/media?parent=17233"}],"wp:term":[{"taxonomy":"product_brand","embeddable":true,"href":"https:\/\/gltestm.webology.pl\/cs\/wp-json\/wp\/v2\/product_brand?post=17233"},{"taxonomy":"product_cat","embeddable":true,"href":"https:\/\/gltestm.webology.pl\/cs\/wp-json\/wp\/v2\/product_cat?post=17233"},{"taxonomy":"product_tag","embeddable":true,"href":"https:\/\/gltestm.webology.pl\/cs\/wp-json\/wp\/v2\/product_tag?post=17233"}],"curies":[{"name":"wp","href":"https:\/\/api.w.org\/{rel}","templated":true}]}}