{"id":17225,"date":"2026-03-18T22:04:25","date_gmt":"2026-03-18T21:04:25","guid":{"rendered":"https:\/\/gltestm.webology.pl\/produkt\/bavlneny-provazek-c-0262\/"},"modified":"2026-03-22T21:57:47","modified_gmt":"2026-03-22T20:57:47","slug":"bavlneny-provazek-c-0262","status":"publish","type":"product","link":"https:\/\/gltestm.webology.pl\/cs\/produkt\/bavlneny-provazek-c-0262\/","title":{"rendered":"Bavln\u011bn\u00fd prov\u00e1zek \u010d. 0262"},"content":{"rendered":"<p>Tento dekora\u010dn\u00ed prov\u00e1zek ze 100% p\u0159\u00edrodn\u00ed<strong>bavlny<\/strong> , vyroben\u00fd z <strong>p\u0159\u00edrodn\u00ed bavlny<\/strong>, o tlou\u0161\u0165ce 12 vrstev a n\u00e1vinu 100 metr\u016f, bude ide\u00e1ln\u00edm dopl\u0148kem nejen ke kreativn\u011bj\u0161\u00edm \u0161ic\u00edm v\u00fdrobk\u016fm, ale tak\u00e9 ke v\u0161em druh\u016fm v\u00fdrobk\u016f pro kutily. Skv\u011ble se bude hodit na <strong>p\u0159\u00edpravu<\/strong> a <strong>zdoben\u00ed<\/strong> nejr\u016fzn\u011bj\u0161\u00edch mask\u00e1\u010dov\u00fdch p\u0159\u00edv\u011bsk\u016f, ozdob, lapa\u010d\u016f sn\u016f nebo pytl\u00edk\u016f a tak\u00e9 na v\u00fdrobu st\u0159apc\u016f nebo bambul\u00ed. <\/p>\n<p>Nav\u00edc si dob\u0159e porad\u00ed i m\u00edsto klasick\u00e9<strong>d\u00e1rkov\u00e9 stu\u017eky<\/strong>, ale vyu\u017eit\u00ed najde i v&#8230; kuchyni.<\/p>\n<p><strong>UPOZORN\u011aN\u00cd: <\/strong>barva zobrazen\u00e1 na obrazovce se m\u016f\u017ee m\u00edrn\u011b li\u0161it od barvy v\u00fdrobku v p\u0159irozen\u00e9m sv\u011btle a z\u00e1vis\u00ed na nastaven\u00ed obrazovky. <\/p>\n","protected":false},"excerpt":{"rendered":"<p>Dvoubarevn\u00fd bavln\u011bn\u00fd motouz s n\u00e1vinem 100 metr\u016f a tlou\u0161\u0165kou 12 vrstev, kter\u00fd je ide\u00e1ln\u00edm dopl\u0148kem pro nejr\u016fzn\u011bj\u0161\u00ed \u0159emesln\u00e9 a rukod\u011bln\u00e9 v\u00fdrobky.<\/p>\n","protected":false},"featured_media":13228,"comment_status":"open","ping_status":"closed","template":"","meta":[],"product_brand":[],"product_cat":[341],"product_tag":[],"class_list":{"0":"post-17225","1":"product","2":"type-product","3":"status-publish","4":"has-post-thumbnail","6":"product_cat-sznurki","8":"first","9":"instock","10":"taxable","11":"shipping-taxable","12":"purchasable","13":"product-type-simple"},"_links":{"self":[{"href":"https:\/\/gltestm.webology.pl\/cs\/wp-json\/wp\/v2\/product\/17225","targetHints":{"allow":["GET"]}}],"collection":[{"href":"https:\/\/gltestm.webology.pl\/cs\/wp-json\/wp\/v2\/product"}],"about":[{"href":"https:\/\/gltestm.webology.pl\/cs\/wp-json\/wp\/v2\/types\/product"}],"replies":[{"embeddable":true,"href":"https:\/\/gltestm.webology.pl\/cs\/wp-json\/wp\/v2\/comments?post=17225"}],"version-history":[{"count":0,"href":"https:\/\/gltestm.webology.pl\/cs\/wp-json\/wp\/v2\/product\/17225\/revisions"}],"wp:featuredmedia":[{"embeddable":true,"href":"https:\/\/gltestm.webology.pl\/cs\/wp-json\/wp\/v2\/media\/13228"}],"wp:attachment":[{"href":"https:\/\/gltestm.webology.pl\/cs\/wp-json\/wp\/v2\/media?parent=17225"}],"wp:term":[{"taxonomy":"product_brand","embeddable":true,"href":"https:\/\/gltestm.webology.pl\/cs\/wp-json\/wp\/v2\/product_brand?post=17225"},{"taxonomy":"product_cat","embeddable":true,"href":"https:\/\/gltestm.webology.pl\/cs\/wp-json\/wp\/v2\/product_cat?post=17225"},{"taxonomy":"product_tag","embeddable":true,"href":"https:\/\/gltestm.webology.pl\/cs\/wp-json\/wp\/v2\/product_tag?post=17225"}],"curies":[{"name":"wp","href":"https:\/\/api.w.org\/{rel}","templated":true}]}}