{"id":17209,"date":"2026-03-18T22:04:24","date_gmt":"2026-03-18T21:04:24","guid":{"rendered":"https:\/\/gltestm.webology.pl\/produkt\/rychlovarna-konvice-wk-1801\/"},"modified":"2026-03-22T21:57:44","modified_gmt":"2026-03-22T20:57:44","slug":"rychlovarna-konvice-wk-1801","status":"publish","type":"product","link":"https:\/\/gltestm.webology.pl\/cs\/produkt\/rychlovarna-konvice-wk-1801\/","title":{"rendered":"Rychlovarn\u00e1 konvice WK-1801"},"content":{"rendered":"<h2>Rychlovarn\u00e1 konvice Lucznik WK 1801 &#8211; jednoduch\u00e1 nerezov\u00e1 konvice<strong><br \/><\/strong><\/h2>\n<p>Rychlovarn\u00e1 konvice<strong>WK 18<\/strong> 01 m\u00e1 kovov\u00fd pl\u00e1\u0161\u0165 z<strong> nerezov\u00e9 oceli inox<\/strong>, kter\u00fd j\u00ed dod\u00e1v\u00e1 tradi\u010dn\u00ed a z\u00e1rove\u0148 mimo\u0159\u00e1dn\u011b stylov\u00fd vzhled. Skv\u011ble se hod\u00ed do interi\u00e9ru kuchyn\u00ed udr\u017eovan\u00fdch v modern\u00edm stylu.<\/p>\n<p>Maxim\u00e1ln\u00ed <strong>objem<\/strong> konvice <strong>WK 1801<\/strong> je <strong>1,8 litru<\/strong>, co\u017e by m\u011blo uspokojit i ty nejv\u011bt\u0161\u00ed milovn\u00edky hork\u00fdch n\u00e1poj\u016f. <\/p>\n<p>M\u00e1 <strong>oto\u010dnou z\u00e1kladnu<\/strong>, tak\u017ee na ni pohodln\u011b dos\u00e1hnete bez ohledu na nastaven\u00ed. <\/p>\n<p>V\u00edko <strong>konvice<\/strong> <strong>WK 1801<\/strong> se pohodln\u011b <strong>otev\u00edr\u00e1 pomoc\u00ed tla\u010d\u00edtka<\/strong>. Tla\u010d\u00edtkem tak\u00e9 zap\u00edn\u00e1me oh\u0159ev vody. O tom, \u017ee je konvice zapnut\u00e1 a pr\u00e1v\u011b pracuje, n\u00e1s informuje kontrolka.<\/p>\n<p>P\u0159\u00edstroj je tak\u00e9 vybaven <strong>topn\u00fdm t\u011blesem ukryt\u00fdm ve dn\u011b<\/strong>, kter\u00e9 zpomaluje usazov\u00e1n\u00ed vodn\u00edho kamene a usnad\u0148uje jeho \u00fadr\u017ebu.<\/p>\n<p>KonviceWK<strong>1801 k <\/strong>ettle je velmi jednoduch\u00e1 kovov\u00e1 konvice, kter\u00e1 se ide\u00e1ln\u011b hod\u00ed do z\u00e1kladn\u00ed kuchyn\u011b nebo mal\u00e9 dom\u00e1c\u00ed kancel\u00e1\u0159e.<\/p>\n","protected":false},"excerpt":{"rendered":"<p>Kovov\u00e1 rychlovarn\u00e1 konvice z nerezov\u00e9 oceli inox o objemu 1,8 l.<\/p>\n","protected":false},"featured_media":13899,"comment_status":"open","ping_status":"closed","template":"","meta":[],"product_brand":[],"product_cat":[571],"product_tag":[],"class_list":{"0":"post-17209","1":"product","2":"type-product","3":"status-publish","4":"has-post-thumbnail","6":"product_cat-czajniki","8":"first","9":"instock","10":"taxable","11":"shipping-taxable","12":"purchasable","13":"product-type-simple"},"_links":{"self":[{"href":"https:\/\/gltestm.webology.pl\/cs\/wp-json\/wp\/v2\/product\/17209","targetHints":{"allow":["GET"]}}],"collection":[{"href":"https:\/\/gltestm.webology.pl\/cs\/wp-json\/wp\/v2\/product"}],"about":[{"href":"https:\/\/gltestm.webology.pl\/cs\/wp-json\/wp\/v2\/types\/product"}],"replies":[{"embeddable":true,"href":"https:\/\/gltestm.webology.pl\/cs\/wp-json\/wp\/v2\/comments?post=17209"}],"version-history":[{"count":0,"href":"https:\/\/gltestm.webology.pl\/cs\/wp-json\/wp\/v2\/product\/17209\/revisions"}],"wp:featuredmedia":[{"embeddable":true,"href":"https:\/\/gltestm.webology.pl\/cs\/wp-json\/wp\/v2\/media\/13899"}],"wp:attachment":[{"href":"https:\/\/gltestm.webology.pl\/cs\/wp-json\/wp\/v2\/media?parent=17209"}],"wp:term":[{"taxonomy":"product_brand","embeddable":true,"href":"https:\/\/gltestm.webology.pl\/cs\/wp-json\/wp\/v2\/product_brand?post=17209"},{"taxonomy":"product_cat","embeddable":true,"href":"https:\/\/gltestm.webology.pl\/cs\/wp-json\/wp\/v2\/product_cat?post=17209"},{"taxonomy":"product_tag","embeddable":true,"href":"https:\/\/gltestm.webology.pl\/cs\/wp-json\/wp\/v2\/product_tag?post=17209"}],"curies":[{"name":"wp","href":"https:\/\/api.w.org\/{rel}","templated":true}]}}