{"id":17197,"date":"2026-03-18T22:04:23","date_gmt":"2026-03-18T21:04:23","guid":{"rendered":"https:\/\/gltestm.webology.pl\/produkt\/polstarek-na-rucni-spendlik\/"},"modified":"2026-03-22T21:57:38","modified_gmt":"2026-03-22T20:57:38","slug":"polstarek-na-rucni-spendlik","status":"publish","type":"product","link":"https:\/\/gltestm.webology.pl\/cs\/produkt\/polstarek-na-rucni-spendlik\/","title":{"rendered":"Pol\u0161t\u00e1\u0159ek na ru\u010dn\u00ed \u0161pendl\u00edk"},"content":{"rendered":"<h2>Dokonal\u00fd organiz\u00e9r na \u0161pendl\u00edky<\/h2>\n<p>Pol\u0161t\u00e1\u0159ek na \u0161pendl\u00edky je velmi praktick\u00fdm \u0161ic\u00edm dopl\u0148kem. D\u00edky pru\u017en\u00e9mu p\u00e1sku si ho m\u016f\u017eeme nasadit na z\u00e1p\u011bst\u00ed a pohodln\u011b pou\u017e\u00edvat, bude pak v\u017edy po ruce. Usnadn\u00ed n\u00e1m to zejm\u00e9na krej\u010dovsk\u00e9 kov\u00e1n\u00ed a ozna\u010dov\u00e1n\u00ed oprav.<\/p>\n<h2>Vzor a velikost<\/h2>\n<p>Motiv v ozdobn\u00e9m <strong>b\u00edlo-modr\u00e9m kostkovan\u00e9m<\/strong> vzoru s knofl\u00edkem na \u010derven\u00e9 stu\u017ece, kter\u00e1 jej obep\u00edn\u00e1, dod\u00e1v\u00e1 dal\u0161\u00ed estetickou hodnotu. Pr\u016fm\u011br pol\u0161t\u00e1\u0159e je <strong>60 mm<\/strong>.<\/p>\n","protected":false},"excerpt":{"rendered":"<p>Pol\u0161t\u00e1\u0159ek s jehlou a \u0161pendl\u00edkem s praktickou gumi\u010dkou na z\u00e1p\u011bst\u00ed. Modr\u00e1 kontrola.<\/p>\n","protected":false},"featured_media":14142,"comment_status":"open","ping_status":"closed","template":"","meta":[],"product_brand":[],"product_cat":[741],"product_tag":[],"class_list":{"0":"post-17197","1":"product","2":"type-product","3":"status-publish","4":"has-post-thumbnail","6":"product_cat-szpilki-agrafki-i-poduszeczki","8":"first","9":"instock","10":"taxable","11":"shipping-taxable","12":"purchasable","13":"product-type-simple"},"_links":{"self":[{"href":"https:\/\/gltestm.webology.pl\/cs\/wp-json\/wp\/v2\/product\/17197","targetHints":{"allow":["GET"]}}],"collection":[{"href":"https:\/\/gltestm.webology.pl\/cs\/wp-json\/wp\/v2\/product"}],"about":[{"href":"https:\/\/gltestm.webology.pl\/cs\/wp-json\/wp\/v2\/types\/product"}],"replies":[{"embeddable":true,"href":"https:\/\/gltestm.webology.pl\/cs\/wp-json\/wp\/v2\/comments?post=17197"}],"version-history":[{"count":0,"href":"https:\/\/gltestm.webology.pl\/cs\/wp-json\/wp\/v2\/product\/17197\/revisions"}],"wp:featuredmedia":[{"embeddable":true,"href":"https:\/\/gltestm.webology.pl\/cs\/wp-json\/wp\/v2\/media\/14142"}],"wp:attachment":[{"href":"https:\/\/gltestm.webology.pl\/cs\/wp-json\/wp\/v2\/media?parent=17197"}],"wp:term":[{"taxonomy":"product_brand","embeddable":true,"href":"https:\/\/gltestm.webology.pl\/cs\/wp-json\/wp\/v2\/product_brand?post=17197"},{"taxonomy":"product_cat","embeddable":true,"href":"https:\/\/gltestm.webology.pl\/cs\/wp-json\/wp\/v2\/product_cat?post=17197"},{"taxonomy":"product_tag","embeddable":true,"href":"https:\/\/gltestm.webology.pl\/cs\/wp-json\/wp\/v2\/product_tag?post=17197"}],"curies":[{"name":"wp","href":"https:\/\/api.w.org\/{rel}","templated":true}]}}