{"id":17189,"date":"2026-03-18T22:04:22","date_gmt":"2026-03-18T21:04:22","guid":{"rendered":"https:\/\/gltestm.webology.pl\/produkt\/kuchynska-vaha-ks-205a\/"},"modified":"2026-03-22T21:55:56","modified_gmt":"2026-03-22T20:55:56","slug":"kuchynska-vaha-ks-205a","status":"publish","type":"product","link":"https:\/\/gltestm.webology.pl\/cs\/produkt\/kuchynska-vaha-ks-205a\/","title":{"rendered":"Kuchy\u0148sk\u00e1 v\u00e1ha KS-205A"},"content":{"rendered":"<h2><span><strong>Od\u0161roubovateln\u00e1 sklen\u011bn\u00e1 plo\u0161ina<br \/><\/strong><\/span><\/h2>\n<p>KS-205<strong>V\u00e1ha<\/strong> se <strong>sklen\u011bnou plo\u0161inou<\/strong>, <strong>kter\u00e1<\/strong> <strong>je od\u0161roubovateln\u00e1<\/strong>, tak\u017ee m\u016f\u017eete p\u0159i pr\u00e1ci dodr\u017eovat v\u011bt\u0161\u00ed hygienu a po skon\u010den\u00ed v\u00e1\u017een\u00ed d\u016fkladn\u011b o\u010distit p\u0159edm\u011bty. Jedn\u00e1 se o ide\u00e1ln\u00ed v\u00e1hu do va\u0161\u00ed kuchyn\u011b. M\u00e1 velmi jednoduchou konstrukci a obsluhu, tak\u017ee jej\u00ed pou\u017e\u00edv\u00e1n\u00ed snadno zvl\u00e1dne ka\u017ed\u00fd \u010dlen dom\u00e1cnosti.<\/p>\n<h2>P\u0159esn\u00fd bodov\u00fd senzor<\/h2>\n<p><strong>V\u00e1haKS-205 A <\/strong>je vybavena<strong> p\u0159esn\u00fdm bodov\u00fdm sn\u00edma\u010dem<\/strong> a <strong>vysoce v\u00fdkonn\u00fdm procesorem<\/strong>, tak\u017ee p\u0159esnost proveden\u00e9ho m\u011b\u0159en\u00ed je a\u017e <strong>1 gram<\/strong>. Skv\u011ble se hod\u00ed <strong>k v\u00e1\u017een\u00ed potravin<\/strong> p\u0159i <strong>jejich<\/strong> p\u0159\u00edprav\u011b. Je nepostradateln\u00e1 pro odm\u011b\u0159ov\u00e1n\u00ed ingredienc\u00ed p\u0159i pe\u010den\u00ed dort\u016f a pom\u00e1h\u00e1 udr\u017eovat zdravou a vyv\u00e1\u017eenou stravu.<\/p>\n<h2>Kl\u00ed\u010dov\u00e9 vlastnosti<\/h2>\n<ul>\n<li><strong>Sklen\u011bn\u00e1<\/strong> platforma<strong>(od\u0161roubovateln\u00e1<\/strong>)<\/li>\n<li>Snadno \u010diteln\u00fd <strong>displej LCD<\/strong><\/li>\n<li>Maxim\u00e1ln\u00ed zat\u00ed\u017een\u00ed: <strong>5 kg<\/strong><\/li>\n<li>P\u0159esnost m\u011b\u0159en\u00ed: <strong>1 g<\/strong><\/li>\n<li>Rozsah m\u011b\u0159en\u00ed: 2-5000 g<\/li>\n<li>Jednotky m\u011b\u0159en\u00ed: g, lb, oz, kg<\/li>\n<li><strong>Snadno se \u010dist\u00ed<\/strong> (od\u0161roubovan\u00e1 sklen\u011bn\u00e1 plo\u0161ina)<\/li>\n<li>Indik\u00e1tor vybit\u00ed baterie<\/li>\n<li>Nap\u00e1jen\u00ed: 2 baterie AAA<strong>(jsou sou\u010d\u00e1st\u00ed dod\u00e1vky<\/strong>)<\/li>\n<\/ul>\n<h2>z\u00e1ruka 24 m\u011bs\u00edc\u016f<\/h2>\n<p>Na v\u00e1hu je <strong>poskytov\u00e1na 24m\u011bs\u00ed\u010dn\u00ed z\u00e1ruka <\/strong>a n\u00e1vod k pou\u017eit\u00ed v pol\u0161tin\u011b a angli\u010dtin\u011b, kter\u00fd je t\u0159eba si p\u0159e\u010d\u00edst p\u0159ed prvn\u00edm pou\u017eit\u00edm v\u00fdrobku.<\/p>\n","protected":false},"excerpt":{"rendered":"<p>P\u0159esn\u00e1 stupnice s bodov\u00fdm sn\u00edma\u010dem<\/p>\n","protected":false},"featured_media":13005,"comment_status":"open","ping_status":"closed","template":"","meta":[],"product_brand":[],"product_cat":[566],"product_tag":[],"class_list":{"0":"post-17189","1":"product","2":"type-product","3":"status-publish","4":"has-post-thumbnail","6":"product_cat-wagi-kuchenne","8":"first","9":"instock","10":"taxable","11":"shipping-taxable","12":"purchasable","13":"product-type-simple"},"_links":{"self":[{"href":"https:\/\/gltestm.webology.pl\/cs\/wp-json\/wp\/v2\/product\/17189","targetHints":{"allow":["GET"]}}],"collection":[{"href":"https:\/\/gltestm.webology.pl\/cs\/wp-json\/wp\/v2\/product"}],"about":[{"href":"https:\/\/gltestm.webology.pl\/cs\/wp-json\/wp\/v2\/types\/product"}],"replies":[{"embeddable":true,"href":"https:\/\/gltestm.webology.pl\/cs\/wp-json\/wp\/v2\/comments?post=17189"}],"version-history":[{"count":0,"href":"https:\/\/gltestm.webology.pl\/cs\/wp-json\/wp\/v2\/product\/17189\/revisions"}],"wp:featuredmedia":[{"embeddable":true,"href":"https:\/\/gltestm.webology.pl\/cs\/wp-json\/wp\/v2\/media\/13005"}],"wp:attachment":[{"href":"https:\/\/gltestm.webology.pl\/cs\/wp-json\/wp\/v2\/media?parent=17189"}],"wp:term":[{"taxonomy":"product_brand","embeddable":true,"href":"https:\/\/gltestm.webology.pl\/cs\/wp-json\/wp\/v2\/product_brand?post=17189"},{"taxonomy":"product_cat","embeddable":true,"href":"https:\/\/gltestm.webology.pl\/cs\/wp-json\/wp\/v2\/product_cat?post=17189"},{"taxonomy":"product_tag","embeddable":true,"href":"https:\/\/gltestm.webology.pl\/cs\/wp-json\/wp\/v2\/product_tag?post=17189"}],"curies":[{"name":"wp","href":"https:\/\/api.w.org\/{rel}","templated":true}]}}