{"id":17181,"date":"2026-03-18T22:04:22","date_gmt":"2026-03-18T21:04:22","guid":{"rendered":"https:\/\/gltestm.webology.pl\/produkt\/elektricky-topinkovac-pro-opekani-sendvicu-panini-3v1-lucznik-sm-2019-xl-1000w\/"},"modified":"2026-03-22T21:55:42","modified_gmt":"2026-03-22T20:55:42","slug":"elektricky-topinkovac-pro-opekani-sendvicu-panini-3v1-lucznik-sm-2019-xl-1000w","status":"publish","type":"product","link":"https:\/\/gltestm.webology.pl\/cs\/produkt\/elektricky-topinkovac-pro-opekani-sendvicu-panini-3v1-lucznik-sm-2019-xl-1000w\/","title":{"rendered":"Elektrick\u00fd topinkova\u010d pro op\u00e9k\u00e1n\u00ed sendvi\u010d\u016f panini 3v1 Lucznik SM-2019 XL 1000W"},"content":{"rendered":"<h2><strong>Multifunk\u010dnost na dosah ruky<\/strong><\/h2>\n<p>M\u00edt <strong>jeden<\/strong> spot\u0159ebi\u010d <strong>,<\/strong> kter\u00fd <strong>nahrad\u00ed t\u0159i r\u016fzn\u00e9,<\/strong> je pohodln\u00e9 \u0159e\u0161en\u00ed pro ka\u017ed\u00e9ho, kdo si cen\u00ed <strong>m\u00edsta v kuchyni<\/strong> a \u0161et\u0159\u00ed \u010das a energii. N\u00e1\u0161 <strong>topinkova\u010d 3 v 1<\/strong> <strong>SM-2019-XL<\/strong> v\u00e1m umo\u017en\u00ed p\u0159ipravit nejen k\u0159upav\u00e9 <strong>toasty<\/strong>, ale tak\u00e9 \u0161\u0165avnat\u00e9 pokrmy na <strong>grilu<\/strong> nebo vafle &#8211; v\u0161e v jednom!<\/p>\n<h2><strong>Trojn\u00e1sobn\u00fd v\u00fdkon, trojn\u00e1sobn\u00e9 pot\u011b\u0161en\u00ed<\/strong><\/h2>\n<p>S <strong>p\u0159\u00edkonem 1000 W<\/strong> bude ka\u017ed\u00e9 j\u00eddlo p\u0159ipraveno <strong>b\u011bhem<\/strong> okam\u017eiku a bez dlouh\u00e9ho \u010dek\u00e1n\u00ed. Jako mistr kucha\u0159 v pln\u00e9 pohotovosti nab\u00edz\u00ed topinkova\u010d <strong>t\u0159i r\u016fzn\u00e9 plot\u00fdnky,<\/strong> kter\u00e9 lze <strong>rychle m\u011bnit<\/strong> podle pot\u0159eb va\u0161eho menu.<\/p>\n<p><img fetchpriority=\"high\" decoding=\"async\" src=\"\/data\/include\/cms\/.product\/7\/3\/1037\/6.jpg\" alt=\"Opiekacz do tost\u00f3w kanapek panini 3w1 \u0141ucznik SM-2019 XL 1000 W\" width=\"750\" height=\"750\" \/><\/p>\n<h2><strong>Kl\u00ed\u010dov\u00e9 vlastnosti topinkova\u010de SM-2019-XL<\/strong><\/h2>\n<ul>\n<li><strong>p\u0159\u00edkon 1000 W<\/strong><\/li>\n<li><strong>t\u0159i vym\u011bniteln\u00e9<\/strong> velkoplo\u0161n\u00e9<strong>desky<\/strong> (28,5 \u00d7 15,5 cm<strong>)<\/strong> pro <strong>grilov\u00e1n\u00ed<\/strong>, <strong>op\u00e9k\u00e1n\u00ed, panini<\/strong> a vafle<\/li>\n<li>speci\u00e1ln\u00ed <strong>nep\u0159ilnav\u00fd povrch <\/strong>desek pro snadn\u00e9 \u010di\u0161t\u011bn\u00ed<\/li>\n<li><strong>protiskluzov\u00e9 no\u017ei\u010dky<\/strong> pro stabilitu p\u0159i pou\u017e\u00edv\u00e1n\u00ed<\/li>\n<li><strong>intuitivn\u00ed ovl\u00e1d\u00e1n\u00ed<\/strong> a jednoduch\u00e1 obsluha<\/li>\n<li>bezpe\u010dnostn\u00ed<strong>blokovac\u00ed mechanismus pro zaji\u0161t\u011bn\u00ed<\/strong> bezpe\u010dnosti p\u0159i grilov\u00e1n\u00ed<\/li>\n<li><strong>dv\u011b kontrolky<\/strong> (zelen\u00e1 a \u010derven\u00e1<strong>)<\/strong> <\/li>\n<li><strong>rychl\u00e9 zah\u0159\u00e1t\u00ed<\/strong> (cca 5 minut)<\/li>\n<\/ul>\n<p><img decoding=\"async\" src=\"\/data\/include\/cms\/.product\/7\/3\/1037\/5.jpg\" alt=\"Opiekacz do tost\u00f3w kanapek panini 3w1 \u0141ucznik SM-2019 XL 1000 W\" width=\"750\" height=\"750\" \/><\/p>\n<h2><strong>Vym\u011bniteln\u00e9 plot\u00fdnky &#8211; velk\u00fd v\u00fdb\u011br chut\u00ed<\/strong><\/h2>\n<p>D\u00edky <strong>t\u0159em vym\u011bniteln\u00fdm plot\u00fdnk\u00e1m o<\/strong> <strong>rozm\u011brech 28,5 \u00d7 15,5 cm<\/strong> jsou kulin\u00e1\u0159sk\u00e9 mo\u017enosti t\u00e9m\u011b\u0159 neomezen\u00e9.<\/p>\n<ul>\n<li><strong>Topinkova\u010d <\/strong>&#8211; poslou\u017e\u00ed v\u00e1m k<strong>op\u00e9k\u00e1n\u00ed toast\u016f <\/strong> s r\u016fzn\u00fdmi n\u00e1pln\u011bmi, ide\u00e1ln\u00ed pro rychlou sn\u00eddani nebo sva\u010dinu.<\/li>\n<li><strong>Grilovac\u00ed deska<\/strong> &#8211; umo\u017e\u0148uje p\u0159ipravit \u0161\u0165avnat\u00e9 kousky masa, aromatickou zeleninu nebo k\u0159upav\u00e9 sendvi\u010de s grilovanou zeleninou.<\/li>\n<li><strong>Vaflov\u00fd tal\u00ed\u0159<\/strong> &#8211; pozv\u00e1nka do \u0159\u00ed\u0161e sladkost\u00ed &#8211; od klasick\u00fdch vafl\u00ed s javorov\u00fdm sirupem a\u017e po origin\u00e1ln\u00ed ovocn\u00e9 kombinace.<\/li>\n<\/ul>\n<p>Objevujte nov\u00e9 chut\u011b a p\u0159ipravujte snadno sv\u00e9 obl\u00edben\u00e9 pokrmy s na\u0161\u00edm topinkova\u010dem 3 v 1!<\/p>\n<p><img decoding=\"async\" src=\"\/data\/include\/cms\/.product\/7\/3\/1037\/7.jpg\" alt=\"Opiekacz do tost\u00f3w kanapek panini 3w1 \u0141ucznik SM-2019 XL 1000 W\" width=\"750\" height=\"750\" \/><\/p>\n<h2><strong>Bezpe\u010dnost je v\u017edy na prvn\u00edm m\u00edst\u011b<\/strong><\/h2>\n<p><strong>Pohodl\u00ed<\/strong> na\u0161eho topinkova\u010de SM-2019-XL jde ruku v ruce s d\u016frazem na <strong>bezpe\u010dnost<\/strong>. D\u00edky <strong>bezpe\u010dnostn\u00edmu z\u00e1mku<\/strong> na v\u00edku m\u00e1te jistotu, \u017ee se v\u00e1m p\u0159i grilov\u00e1n\u00ed nebo p\u0159\u00edprav\u011b vafl\u00ed nic zl\u00e9ho nestane.<\/p>\n<p><strong>Protiskluzov\u00e9 no\u017ei\u010dky<\/strong> nav\u00edc zaji\u0161\u0165uj\u00ed, \u017ee spot\u0159ebi\u010d <strong>z\u016fstane<\/strong> b\u011bhem pou\u017e\u00edv\u00e1n\u00ed <strong>stabiln\u00ed,<\/strong> a eliminuj\u00ed tak riziko uklouznut\u00ed nebo p\u0159evrhnut\u00ed. Nyn\u00ed si m\u016f\u017eete u\u017e\u00edvat sv\u00e9 kulin\u00e1\u0159sk\u00e9 experimenty bez obav o bezpe\u010dnost!<\/p>\n<h2><strong>Rychl\u00e1 a snadn\u00e1 p\u0159\u00edprava na va\u0159en\u00ed<\/strong><\/h2>\n<p>Po zapojen\u00ed topinkova\u010de do s\u00edt\u011b se rozsv\u00edt\u00ed <strong>dv\u011b kontrolky<\/strong> &#8211; zelen\u00e1 a \u010derven\u00e1 <strong>, kter\u00e9<\/strong> signalizuj\u00ed <strong>zah\u00e1jen\u00ed oh\u0159evu<\/strong>. Kdy\u017e <strong>zelen\u00e9 sv\u011btlo<\/strong> zhasne, znamen\u00e1 to, \u017ee <strong>je topinkova\u010d p\u0159ipraven k pou\u017eit\u00ed<\/strong>. Cel\u00fd proces oh\u0159evu obvykle <strong>trv\u00e1 p\u0159ibli\u017en\u011b 5 minut<\/strong>, tak\u017ee m\u016f\u017eete <strong>rychle za\u010d\u00edt <\/strong>p\u0159ipravovat sv\u00e9 obl\u00edben\u00e9 pokrmy. Sta\u010d\u00ed zapojit do s\u00edt\u011b, chv\u00edli po\u010dkat a m\u016f\u017eete grilovat!<\/p>\n<h2><strong>V\u00fdm\u011bna oh\u0159\u00edvac\u00ed desky<\/strong><\/h2>\n<p>Desky vym\u011b\u0148ujte a\u017e pot\u00e9, co topinkova\u010d SM-2019-XL <strong>odpoj\u00edte ze z\u00e1suvky a nech\u00e1te vychladnout<\/strong>. T\u00edmto jednoduch\u00fdm krokem minimalizujeme riziko pop\u00e1len\u00ed. Z\u00e1le\u017e\u00ed n\u00e1m na va\u0161\u00ed bezpe\u010dnosti, proto m\u011bjte tuto radu p\u0159i pou\u017e\u00edv\u00e1n\u00ed na\u0161eho topinkova\u010de na pam\u011bti!<\/p>\n<p>S na\u0161\u00edm <strong>topinkova\u010dem 3 v 1<\/strong> se p\u0159\u00edprava va\u0161ich obl\u00edben\u00fdch pokrm\u016f stane <strong>snadnou<\/strong> a <strong>p\u0159\u00edjemnou<\/strong> a ka\u017ed\u00e9 j\u00eddlo se prom\u011bn\u00ed v jedine\u010dn\u00fd kulin\u00e1\u0159sk\u00fd z\u00e1\u017eitek. Objevte nov\u00fd rozm\u011br va\u0159en\u00ed s na\u0161\u00edm v\u0161estrann\u00fdm topinkova\u010dem SM-2019-XL!<\/p>\n<p><img loading=\"lazy\" decoding=\"async\" src=\"\/data\/include\/cms\/.product\/7\/3\/1037\/9.jpg\" alt=\"Opiekacz do tost\u00f3w kanapek panini 3w1 \u0141ucznik SM-2019 XL 1000 W\" width=\"750\" height=\"750\" \/><\/p>\n","protected":false},"excerpt":{"rendered":"<p>Topinkova\u010d 3 v 1 s v\u00fdkonem 1000 W. T\u0159i vym\u011bniteln\u00e9 desky s velkou plochou &#8211; na grilov\u00e1n\u00ed nebo panini, na toasty, na vafle. Protiskluzov\u00e9 no\u017ei\u010dky. Nep\u0159ilnav\u00fd povrch. Rychl\u00e9 zah\u0159\u00e1t\u00ed &#8211; cca 5 min.<\/p>\n","protected":false},"featured_media":13385,"comment_status":"open","ping_status":"closed","template":"","meta":[],"product_brand":[],"product_cat":[586],"product_tag":[],"class_list":{"0":"post-17181","1":"product","2":"type-product","3":"status-publish","4":"has-post-thumbnail","6":"product_cat-tostery-i-opiekacze","8":"first","9":"instock","10":"taxable","11":"shipping-taxable","12":"purchasable","13":"product-type-simple"},"_links":{"self":[{"href":"https:\/\/gltestm.webology.pl\/cs\/wp-json\/wp\/v2\/product\/17181","targetHints":{"allow":["GET"]}}],"collection":[{"href":"https:\/\/gltestm.webology.pl\/cs\/wp-json\/wp\/v2\/product"}],"about":[{"href":"https:\/\/gltestm.webology.pl\/cs\/wp-json\/wp\/v2\/types\/product"}],"replies":[{"embeddable":true,"href":"https:\/\/gltestm.webology.pl\/cs\/wp-json\/wp\/v2\/comments?post=17181"}],"version-history":[{"count":0,"href":"https:\/\/gltestm.webology.pl\/cs\/wp-json\/wp\/v2\/product\/17181\/revisions"}],"wp:featuredmedia":[{"embeddable":true,"href":"https:\/\/gltestm.webology.pl\/cs\/wp-json\/wp\/v2\/media\/13385"}],"wp:attachment":[{"href":"https:\/\/gltestm.webology.pl\/cs\/wp-json\/wp\/v2\/media?parent=17181"}],"wp:term":[{"taxonomy":"product_brand","embeddable":true,"href":"https:\/\/gltestm.webology.pl\/cs\/wp-json\/wp\/v2\/product_brand?post=17181"},{"taxonomy":"product_cat","embeddable":true,"href":"https:\/\/gltestm.webology.pl\/cs\/wp-json\/wp\/v2\/product_cat?post=17181"},{"taxonomy":"product_tag","embeddable":true,"href":"https:\/\/gltestm.webology.pl\/cs\/wp-json\/wp\/v2\/product_tag?post=17181"}],"curies":[{"name":"wp","href":"https:\/\/api.w.org\/{rel}","templated":true}]}}